{"id":130224,"date":"2025-04-25T11:07:10","date_gmt":"2025-04-25T11:07:10","guid":{"rendered":"https:\/\/www.customywear.com\/?post_type=product&#038;p=130224"},"modified":"2026-05-05T20:23:26","modified_gmt":"2026-05-05T20:23:26","slug":"t-shirt-de-chef-personnalise-pour-femme-cadeau","status":"publish","type":"product","link":"https:\/\/www.customywear.com\/fr\/custom-womens-chef-tshirt-gift\/","title":{"rendered":"Personnalis\u00e9 Femme Chef T-Shirt \u2013 Cadeau Personnalis\u00e9 pour Restaurant des Chefs, BARBECUE Ma\u00eetres Culinaires, des \u00c9tudiants et des Amateurs de Cuisine"},"content":{"rendered":"<p>C\u00e9l\u00e9brer la passion culinaire avec notre Coutume des Femmes de Restaurant le Chef, T-Shirt, savamment personnalis\u00e9e \u00e0 partir de votre photo en un chef de cuisine chef-d&#039;\u0153uvre. Fabriqu\u00e9 100% coton doux pour un confort sup\u00e9rieur et la durabilit\u00e9, ce t-shirt est id\u00e9al pour restaurant des chefs cuisiniers, p\u00e2tissiers artistes, grill ma\u00eetres, les \u00e9tudiants en art culinaire et de l&#039;amoureux de nourriture. Mettant en vedette dynamique, durable impression DTG, c&#039;est le cadeau id\u00e9al pour les anniversaires, les mariages, les anniversaires, ou les promotions. Mettre en valeur votre amour pour la cuisine avec un \u00e9l\u00e9gant, pi\u00e8ce unique qui transforme votre cuisine aventures dans l&#039;art portable!<\/p>","protected":false},"excerpt":{"rendered":"<p>Cook in style with a Custom Women&#8217;s Chef T-Shirt. Personalized Gifts for Culinary Lovers turn any photo into a bold, one-of-a-kind t-shirt.<\/p>","protected":false},"featured_media":130304,"comment_status":"open","ping_status":"closed","template":"","meta":{"_acf_changed":false},"product_brand":[],"product_cat":[6191,6325,6412,6428,75,6354],"product_tag":[6214,6433,6328,229,6215],"class_list":{"0":"post-130224","1":"product","2":"type-product","3":"status-publish","4":"has-post-thumbnail","6":"product_cat-t-shirts-women","7":"product_cat-custom-gifts-chef-artworks","8":"product_cat-photo-to-tees","9":"product_cat-translate-products","10":"product_cat-women","11":"product_cat-womens-profession-t-shirts","12":"product_tag-affordable-custom-t-shirts","13":"product_tag-ai-artwork","14":"product_tag-custom-image-t-shirt-for-women","15":"product_tag-custom-tee-shirts","16":"product_tag-screen-printing-near-me","18":"first","19":"instock","20":"taxable","21":"shipping-taxable","22":"purchasable","23":"product-type-simple"},"acf":[],"wcpa_form_fields":null,"_links":{"self":[{"href":"https:\/\/www.customywear.com\/fr\/wp-json\/wp\/v2\/product\/130224","targetHints":{"allow":["GET"]}}],"collection":[{"href":"https:\/\/www.customywear.com\/fr\/wp-json\/wp\/v2\/product"}],"about":[{"href":"https:\/\/www.customywear.com\/fr\/wp-json\/wp\/v2\/types\/product"}],"replies":[{"embeddable":true,"href":"https:\/\/www.customywear.com\/fr\/wp-json\/wp\/v2\/comments?post=130224"}],"wp:featuredmedia":[{"embeddable":true,"href":"https:\/\/www.customywear.com\/fr\/wp-json\/wp\/v2\/media\/130304"}],"wp:attachment":[{"href":"https:\/\/www.customywear.com\/fr\/wp-json\/wp\/v2\/media?parent=130224"}],"wp:term":[{"taxonomy":"product_brand","embeddable":true,"href":"https:\/\/www.customywear.com\/fr\/wp-json\/wp\/v2\/product_brand?post=130224"},{"taxonomy":"product_cat","embeddable":true,"href":"https:\/\/www.customywear.com\/fr\/wp-json\/wp\/v2\/product_cat?post=130224"},{"taxonomy":"product_tag","embeddable":true,"href":"https:\/\/www.customywear.com\/fr\/wp-json\/wp\/v2\/product_tag?post=130224"}],"curies":[{"name":"wp","href":"https:\/\/api.w.org\/{rel}","templated":true}]}}