{"id":133490,"date":"2025-05-16T12:39:35","date_gmt":"2025-05-16T12:39:35","guid":{"rendered":"https:\/\/www.customywear.com\/?post_type=product&#038;p=133490"},"modified":"2026-05-07T15:29:31","modified_gmt":"2026-05-07T15:29:31","slug":"tshirt-garcons-patrimoine-danemark-personnalise","status":"publish","type":"product","link":"https:\/\/www.customywear.com\/fr\/boys-denmark-heritage-custom-t-shirt\/","title":{"rendered":"T-shirt personnalis\u00e9 Danemark Heritage pour gar\u00e7on \u2013 Personnage photo personnalis\u00e9 en robe \u00e0 drapeau danois | Cadeau souvenir culturel pour enfant"},"content":{"rendered":"<p>Transformez la photo pr\u00e9f\u00e9r\u00e9e de votre gar\u00e7on en une \u0153uvre d&#039;art ludique et portable avec notre t-shirt personnalis\u00e9 Denmark Heritage. Avec son d\u00e9cor inspir\u00e9 du Danemark et votre enfant r\u00e9invent\u00e9 en adorable personnage v\u00eatu du drapeau danois traditionnel, ce t-shirt 100 % coton doux est imprim\u00e9 avec des encres DTG r\u00e9sistantes \u00e0 la d\u00e9coloration pour une qualit\u00e9 durable. Id\u00e9al comme souvenir personnalis\u00e9 ou cadeau chaleureux, il c\u00e9l\u00e8bre la culture danoise et sublime chaque souvenir. Id\u00e9al pour les anniversaires, les voyages en famille ou pour tous ceux qui ch\u00e9rissent le riche patrimoine danois.<\/p>","protected":false},"excerpt":{"rendered":"<p>Honorez la tradition avec un t-shirt personnalis\u00e9 pour gar\u00e7on Danemark Heritage. Les personnages de photos personnalis\u00e9s en robe de drapeau danois transforment n'importe quelle photo en un t-shirt culturel unique en son genre.<\/p>","protected":false},"featured_media":133583,"comment_status":"open","ping_status":"closed","template":"","meta":{"_acf_changed":false},"product_brand":[],"product_cat":[6189,6379,6412,6428],"product_tag":[6433,6439,6221,6330],"class_list":{"0":"post-133490","1":"product","2":"type-product","3":"status-publish","4":"has-post-thumbnail","6":"product_cat-boys-t-shirts","7":"product_cat-custom-gifts-denmark-culture","8":"product_cat-photo-to-tees","9":"product_cat-translate-products","10":"product_tag-ai-artwork","11":"product_tag-ai-kids-artwork","12":"product_tag-custom-t-shirts-near-me","13":"product_tag-photo-print-t-shirt-for-boys","15":"first","16":"instock","17":"taxable","18":"shipping-taxable","19":"purchasable","20":"product-type-simple"},"acf":[],"wcpa_form_fields":null,"_links":{"self":[{"href":"https:\/\/www.customywear.com\/fr\/wp-json\/wp\/v2\/product\/133490","targetHints":{"allow":["GET"]}}],"collection":[{"href":"https:\/\/www.customywear.com\/fr\/wp-json\/wp\/v2\/product"}],"about":[{"href":"https:\/\/www.customywear.com\/fr\/wp-json\/wp\/v2\/types\/product"}],"replies":[{"embeddable":true,"href":"https:\/\/www.customywear.com\/fr\/wp-json\/wp\/v2\/comments?post=133490"}],"wp:featuredmedia":[{"embeddable":true,"href":"https:\/\/www.customywear.com\/fr\/wp-json\/wp\/v2\/media\/133583"}],"wp:attachment":[{"href":"https:\/\/www.customywear.com\/fr\/wp-json\/wp\/v2\/media?parent=133490"}],"wp:term":[{"taxonomy":"product_brand","embeddable":true,"href":"https:\/\/www.customywear.com\/fr\/wp-json\/wp\/v2\/product_brand?post=133490"},{"taxonomy":"product_cat","embeddable":true,"href":"https:\/\/www.customywear.com\/fr\/wp-json\/wp\/v2\/product_cat?post=133490"},{"taxonomy":"product_tag","embeddable":true,"href":"https:\/\/www.customywear.com\/fr\/wp-json\/wp\/v2\/product_tag?post=133490"}],"curies":[{"name":"wp","href":"https:\/\/api.w.org\/{rel}","templated":true}]}}