{"id":133700,"date":"2025-05-17T14:53:19","date_gmt":"2025-05-17T14:53:19","guid":{"rendered":"https:\/\/www.customywear.com\/?post_type=product&#038;p=133700"},"modified":"2026-05-07T15:29:31","modified_gmt":"2026-05-07T15:29:31","slug":"t-shirt-enfant-inspiration-medecin","status":"publish","type":"product","link":"https:\/\/www.customywear.com\/fr\/doctor-inspiration-tshirt-child\/","title":{"rendered":"Custom Doctor Inspiration T-Shirt for Toddler Boys\u202f- Cotton DTG Personalized Photo Gift to Inspire Future Healthcare Heroes"},"content":{"rendered":"<p>Donnez vie \u00e0 l&#039;imagination de votre enfant avec notre t-shirt personnalis\u00e9 Inspiration Docteur pour tout-petits. Fabriqu\u00e9 en coton premium doux et respirant, imprim\u00e9 avec la technologie DTG, chaque t-shirt arbore la photo de votre enfant transform\u00e9e en une charmante \u0153uvre d&#039;art num\u00e9rique le repr\u00e9sentant en uniforme de m\u00e9decin. R\u00e9sistant au quotidien, ce t-shirt personnalis\u00e9 est un cadeau inoubliable pour les anniversaires, les f\u00eates ou tout simplement pour encourager sa passion naissante pour l&#039;entraide.<\/p>","protected":false},"excerpt":{"rendered":"<p>Renforcez les petits h\u00e9ros de la sant\u00e9 avec un t-shirt d'inspiration docteur personnalis\u00e9 pour les tout-petits gar\u00e7ons. Les t-shirts personnalis\u00e9s en coton DTG font de n'importe quelle photo un t-shirt ludique et inspirant.<\/p>","protected":false},"featured_media":133838,"comment_status":"open","ping_status":"closed","template":"","meta":{"_acf_changed":false},"product_brand":[],"product_cat":[6209,6380,6412,6428],"product_tag":[6433,6439,6221,6381],"class_list":{"0":"post-133700","1":"product","2":"type-product","3":"status-publish","4":"has-post-thumbnail","6":"product_cat-toddler-boy-t-shirts","7":"product_cat-custom-gifts-doctor-tees","8":"product_cat-photo-to-tees","9":"product_cat-translate-products","10":"product_tag-ai-artwork","11":"product_tag-ai-kids-artwork","12":"product_tag-custom-t-shirts-near-me","13":"product_tag-personalized-gifts-doctor-tees","15":"first","16":"instock","17":"taxable","18":"shipping-taxable","19":"purchasable","20":"product-type-simple"},"acf":[],"wcpa_form_fields":null,"_links":{"self":[{"href":"https:\/\/www.customywear.com\/fr\/wp-json\/wp\/v2\/product\/133700","targetHints":{"allow":["GET"]}}],"collection":[{"href":"https:\/\/www.customywear.com\/fr\/wp-json\/wp\/v2\/product"}],"about":[{"href":"https:\/\/www.customywear.com\/fr\/wp-json\/wp\/v2\/types\/product"}],"replies":[{"embeddable":true,"href":"https:\/\/www.customywear.com\/fr\/wp-json\/wp\/v2\/comments?post=133700"}],"wp:featuredmedia":[{"embeddable":true,"href":"https:\/\/www.customywear.com\/fr\/wp-json\/wp\/v2\/media\/133838"}],"wp:attachment":[{"href":"https:\/\/www.customywear.com\/fr\/wp-json\/wp\/v2\/media?parent=133700"}],"wp:term":[{"taxonomy":"product_brand","embeddable":true,"href":"https:\/\/www.customywear.com\/fr\/wp-json\/wp\/v2\/product_brand?post=133700"},{"taxonomy":"product_cat","embeddable":true,"href":"https:\/\/www.customywear.com\/fr\/wp-json\/wp\/v2\/product_cat?post=133700"},{"taxonomy":"product_tag","embeddable":true,"href":"https:\/\/www.customywear.com\/fr\/wp-json\/wp\/v2\/product_tag?post=133700"}],"curies":[{"name":"wp","href":"https:\/\/api.w.org\/{rel}","templated":true}]}}