{"id":133715,"date":"2025-05-17T14:53:20","date_gmt":"2025-05-17T14:53:20","guid":{"rendered":"https:\/\/www.customywear.com\/?post_type=product&#038;p=133715"},"modified":"2026-05-05T20:23:26","modified_gmt":"2026-05-05T20:23:26","slug":"t-shirt-photo-art-femmes-medecins-personnalise","status":"publish","type":"product","link":"https:\/\/www.customywear.com\/fr\/custom-photo-art-tshirt-women-doctors\/","title":{"rendered":"T-shirts photo personnalis\u00e9s pour femmes m\u00e9decins et h\u00e9ro\u00efnes de la sant\u00e9 \u2013 Cadeau personnalis\u00e9 100 % coton pour infirmi\u00e8res et \u00e9tudiantes en m\u00e9decine"},"content":{"rendered":"<p>C\u00e9l\u00e9brez les femmes leaders du secteur de la sant\u00e9 avec nos t-shirts photo-art personnalis\u00e9s pour femmes m\u00e9decins. T\u00e9l\u00e9chargez simplement une photo et nos artistes talentueux la transformeront en une \u0153uvre d&#039;art num\u00e9rique \u00e9clatante repr\u00e9sentant une femme m\u00e9decin en uniforme sur fond d&#039;h\u00f4pital. Fabriqu\u00e9 en 100 % coton premium et imprim\u00e9 avec des encres DTG durables, ce t-shirt personnalis\u00e9 offre un confort optimal, une qualit\u00e9 durable et une excellente tenue des couleurs. Id\u00e9al \u00e0 offrir aux m\u00e9decins, infirmi\u00e8res, \u00e9tudiants en m\u00e9decine et enseignants pour un anniversaire, une remise de dipl\u00f4me, une promotion ou toute autre occasion sp\u00e9ciale qui rend hommage \u00e0 leur d\u00e9vouement.<\/p>","protected":false},"excerpt":{"rendered":"<p>Honorer les femmes dans le domaine de la sant\u00e9 avec des t-shirts photo-art personnalis\u00e9s pour les femmes m\u00e9decins et infirmi\u00e8res. Les t-shirts en coton personnalis\u00e9s transforment n'importe quelle photo en un cadeau unique en son genre.<\/p>","protected":false},"featured_media":133746,"comment_status":"open","ping_status":"closed","template":"","meta":{"_acf_changed":false},"product_brand":[],"product_cat":[6191,6380,6412,6428,75,6354],"product_tag":[6214,6433,6328,229,6381,6215],"class_list":{"0":"post-133715","1":"product","2":"type-product","3":"status-publish","4":"has-post-thumbnail","6":"product_cat-t-shirts-women","7":"product_cat-custom-gifts-doctor-tees","8":"product_cat-photo-to-tees","9":"product_cat-translate-products","10":"product_cat-women","11":"product_cat-womens-profession-t-shirts","12":"product_tag-affordable-custom-t-shirts","13":"product_tag-ai-artwork","14":"product_tag-custom-image-t-shirt-for-women","15":"product_tag-custom-tee-shirts","16":"product_tag-personalized-gifts-doctor-tees","17":"product_tag-screen-printing-near-me","19":"first","20":"instock","21":"taxable","22":"shipping-taxable","23":"purchasable","24":"product-type-simple"},"acf":[],"wcpa_form_fields":null,"_links":{"self":[{"href":"https:\/\/www.customywear.com\/fr\/wp-json\/wp\/v2\/product\/133715","targetHints":{"allow":["GET"]}}],"collection":[{"href":"https:\/\/www.customywear.com\/fr\/wp-json\/wp\/v2\/product"}],"about":[{"href":"https:\/\/www.customywear.com\/fr\/wp-json\/wp\/v2\/types\/product"}],"replies":[{"embeddable":true,"href":"https:\/\/www.customywear.com\/fr\/wp-json\/wp\/v2\/comments?post=133715"}],"wp:featuredmedia":[{"embeddable":true,"href":"https:\/\/www.customywear.com\/fr\/wp-json\/wp\/v2\/media\/133746"}],"wp:attachment":[{"href":"https:\/\/www.customywear.com\/fr\/wp-json\/wp\/v2\/media?parent=133715"}],"wp:term":[{"taxonomy":"product_brand","embeddable":true,"href":"https:\/\/www.customywear.com\/fr\/wp-json\/wp\/v2\/product_brand?post=133715"},{"taxonomy":"product_cat","embeddable":true,"href":"https:\/\/www.customywear.com\/fr\/wp-json\/wp\/v2\/product_cat?post=133715"},{"taxonomy":"product_tag","embeddable":true,"href":"https:\/\/www.customywear.com\/fr\/wp-json\/wp\/v2\/product_tag?post=133715"}],"curies":[{"name":"wp","href":"https:\/\/api.w.org\/{rel}","templated":true}]}}