{"id":133720,"date":"2025-05-17T14:53:20","date_gmt":"2025-05-17T14:53:20","guid":{"rendered":"https:\/\/www.customywear.com\/?post_type=product&#038;p=133720"},"modified":"2026-05-05T20:24:06","modified_gmt":"2026-05-05T20:24:06","slug":"tshirts-homme-medecin-art-photo-personnalises","status":"publish","type":"product","link":"https:\/\/www.customywear.com\/fr\/custom-doctor-tshirts-men-photo-art\/","title":{"rendered":"T-shirts personnalis\u00e9s uniques pour hommes \u2013 Cadeau personnalis\u00e9 100 % coton, photo \u00e0 imprimer, pour m\u00e9decins, infirmi\u00e8res et \u00e9tudiants en m\u00e9decine"},"content":{"rendered":"<p>C\u00e9l\u00e9brez le professionnel de sant\u00e9 qui vous entoure avec nos t-shirts personnalis\u00e9s pour hommes. T\u00e9l\u00e9chargez simplement une photo et nous la transformerons en une \u0153uvre d&#039;art num\u00e9rique \u00e9clatante repr\u00e9sentant un m\u00e9decin en uniforme sur fond d&#039;h\u00f4pital. Fabriqu\u00e9 en 100 % coton doux et imprim\u00e9 avec des encres DTG de haute qualit\u00e9, ce t-shirt personnalis\u00e9 offre un confort, une durabilit\u00e9 et des couleurs riches et durables. Un cadeau id\u00e9al pour les m\u00e9decins, les infirmiers, les \u00e9tudiants en m\u00e9decine ou les enseignants en sant\u00e9, \u00e0 l&#039;occasion d&#039;un anniversaire, d&#039;une remise de dipl\u00f4me, d&#039;une promotion, etc.<\/p>","protected":false},"excerpt":{"rendered":"<p>Reconnaissez les professionnels de la sant\u00e9 avec des t-shirts de docteur personnalis\u00e9s uniques pour les hommes. Les t-shirts en coton personnalis\u00e9s pour photo en art transforment n'importe quelle photo en un cadeau audacieux et personnalis\u00e9.<\/p>","protected":false},"featured_media":133725,"comment_status":"open","ping_status":"closed","template":"","meta":{"_acf_changed":false},"product_brand":[],"product_cat":[6195,6380,186,6341,6412,6428],"product_tag":[6433,6327,6216,6381],"class_list":{"0":"post-133720","1":"product","2":"type-product","3":"status-publish","4":"has-post-thumbnail","6":"product_cat-t-shirts-men","7":"product_cat-custom-gifts-doctor-tees","8":"product_cat-men","9":"product_cat-mens-profession-t-shirts","10":"product_cat-photo-to-tees","11":"product_cat-translate-products","12":"product_tag-ai-artwork","13":"product_tag-custom-photo-t-shirt-for-men","14":"product_tag-mens-custom-t-shirts","15":"product_tag-personalized-gifts-doctor-tees","17":"first","18":"instock","19":"taxable","20":"shipping-taxable","21":"purchasable","22":"product-type-simple"},"acf":[],"wcpa_form_fields":null,"_links":{"self":[{"href":"https:\/\/www.customywear.com\/fr\/wp-json\/wp\/v2\/product\/133720","targetHints":{"allow":["GET"]}}],"collection":[{"href":"https:\/\/www.customywear.com\/fr\/wp-json\/wp\/v2\/product"}],"about":[{"href":"https:\/\/www.customywear.com\/fr\/wp-json\/wp\/v2\/types\/product"}],"replies":[{"embeddable":true,"href":"https:\/\/www.customywear.com\/fr\/wp-json\/wp\/v2\/comments?post=133720"}],"wp:featuredmedia":[{"embeddable":true,"href":"https:\/\/www.customywear.com\/fr\/wp-json\/wp\/v2\/media\/133725"}],"wp:attachment":[{"href":"https:\/\/www.customywear.com\/fr\/wp-json\/wp\/v2\/media?parent=133720"}],"wp:term":[{"taxonomy":"product_brand","embeddable":true,"href":"https:\/\/www.customywear.com\/fr\/wp-json\/wp\/v2\/product_brand?post=133720"},{"taxonomy":"product_cat","embeddable":true,"href":"https:\/\/www.customywear.com\/fr\/wp-json\/wp\/v2\/product_cat?post=133720"},{"taxonomy":"product_tag","embeddable":true,"href":"https:\/\/www.customywear.com\/fr\/wp-json\/wp\/v2\/product_tag?post=133720"}],"curies":[{"name":"wp","href":"https:\/\/api.w.org\/{rel}","templated":true}]}}