{"id":136579,"date":"2025-07-29T13:09:19","date_gmt":"2025-07-29T13:09:19","guid":{"rendered":"https:\/\/www.customywear.com\/?post_type=product&#038;p=136579"},"modified":"2026-05-07T15:29:31","modified_gmt":"2026-05-07T15:29:31","slug":"t-shirt-fille-course-photo-personnalise","status":"publish","type":"product","link":"https:\/\/www.customywear.com\/fr\/custom-runner-jogging-girls-photo-tshirt\/","title":{"rendered":"T-shirt de course personnalis\u00e9 pour filles \u2013 T-shirt photo de jogging personnalis\u00e9 pour enfants actifs en plein air"},"content":{"rendered":"<p>C\u00e9l\u00e9brez son amour du plein air avec notre t-shirt personnalis\u00e9 pour fille, id\u00e9al pour la course \u00e0 pied et le jogging. Con\u00e7u pour les jeunes filles qui aiment le jogging, le sport ou les aventures actives, ce t-shirt personnalis\u00e9 transforme votre photo en une superbe \u0153uvre d&#039;art num\u00e9rique. C&#039;est le cadeau id\u00e9al pour motiver votre petite athl\u00e8te ou c\u00e9l\u00e9brer sa passion pour l&#039;activit\u00e9 physique. Avec son imprim\u00e9 \u00e9clatant et durable et son coton de haute qualit\u00e9, il est aussi durable que significatif. Id\u00e9al pour les anniversaires, les \u00e9v\u00e9nements sportifs ou tout simplement pour montrer son soutien \u00e0 son mode de vie actif.<\/p>","protected":false},"excerpt":{"rendered":"<p>Inspirez le plaisir en plein air avec un t-shirt de course personnalis\u00e9 pour les filles. Les t-shirts personnalis\u00e9s de jogging transforment n'importe quelle photo en un t-shirt sportif et unique.<\/p>","protected":false},"featured_media":136680,"comment_status":"open","ping_status":"closed","template":"","meta":{"_acf_changed":false},"product_brand":[],"product_cat":[6193,6411,152,6412,6428,58],"product_tag":[6433,6439,6331,6221],"class_list":{"0":"post-136579","1":"product","2":"type-product","3":"status-publish","4":"has-post-thumbnail","6":"product_cat-girls-t-shirts","7":"product_cat-custom-gifts-ai-jogging-runner","8":"product_cat-girls","9":"product_cat-photo-to-tees","10":"product_cat-translate-products","11":"product_cat-youth-kids","12":"product_tag-ai-artwork","13":"product_tag-ai-kids-artwork","14":"product_tag-custom-picture-t-shirt-for-girls","15":"product_tag-custom-t-shirts-near-me","17":"first","18":"instock","19":"taxable","20":"shipping-taxable","21":"purchasable","22":"product-type-simple"},"acf":[],"wcpa_form_fields":null,"_links":{"self":[{"href":"https:\/\/www.customywear.com\/fr\/wp-json\/wp\/v2\/product\/136579","targetHints":{"allow":["GET"]}}],"collection":[{"href":"https:\/\/www.customywear.com\/fr\/wp-json\/wp\/v2\/product"}],"about":[{"href":"https:\/\/www.customywear.com\/fr\/wp-json\/wp\/v2\/types\/product"}],"replies":[{"embeddable":true,"href":"https:\/\/www.customywear.com\/fr\/wp-json\/wp\/v2\/comments?post=136579"}],"wp:featuredmedia":[{"embeddable":true,"href":"https:\/\/www.customywear.com\/fr\/wp-json\/wp\/v2\/media\/136680"}],"wp:attachment":[{"href":"https:\/\/www.customywear.com\/fr\/wp-json\/wp\/v2\/media?parent=136579"}],"wp:term":[{"taxonomy":"product_brand","embeddable":true,"href":"https:\/\/www.customywear.com\/fr\/wp-json\/wp\/v2\/product_brand?post=136579"},{"taxonomy":"product_cat","embeddable":true,"href":"https:\/\/www.customywear.com\/fr\/wp-json\/wp\/v2\/product_cat?post=136579"},{"taxonomy":"product_tag","embeddable":true,"href":"https:\/\/www.customywear.com\/fr\/wp-json\/wp\/v2\/product_tag?post=136579"}],"curies":[{"name":"wp","href":"https:\/\/api.w.org\/{rel}","templated":true}]}}