{"id":136584,"date":"2025-07-29T13:09:19","date_gmt":"2025-07-29T13:09:19","guid":{"rendered":"https:\/\/www.customywear.com\/?post_type=product&#038;p=136584"},"modified":"2026-05-07T15:29:31","modified_gmt":"2026-05-07T15:29:31","slug":"t-shirt-garcon-course-photo-personnalise","status":"publish","type":"product","link":"https:\/\/www.customywear.com\/fr\/custom-runner-jogging-boys-photo-tshirt\/","title":{"rendered":"T-shirt de course personnalis\u00e9 pour gar\u00e7ons \u2013 T-shirt photo de jogging personnalis\u00e9 pour les enfants actifs qui aiment les aventures en plein air"},"content":{"rendered":"<p>Stimulez sa passion pour les aventures en plein air avec notre t-shirt personnalis\u00e9 pour gar\u00e7on, personnalis\u00e9 avec votre photo. Ce t-shirt unique transforme votre enfant en une \u0153uvre d&#039;art num\u00e9rique vibrante, le capturant dans une sc\u00e8ne sportive de jogging. C&#039;est le cadeau id\u00e9al pour les jeunes gar\u00e7ons qui aiment courir, faire du jogging ou jouer en plein air. Id\u00e9al pour les anniversaires ou tout simplement pour encourager un mode de vie actif, ce t-shirt allie signification personnelle, confort et durabilit\u00e9 au quotidien, le tout sublim\u00e9 par une impression DTG \u00e9clatante et durable.<\/p>","protected":false},"excerpt":{"rendered":"<p>C\u00e9l\u00e9brez les jeunes aventuriers avec un t-shirt de course personnalis\u00e9 pour les gar\u00e7ons. Tees de jogging personnalis\u00e9s Transformez n'importe quelle photo en un t-shirt actif et ludique.<\/p>","protected":false},"featured_media":136701,"comment_status":"open","ping_status":"closed","template":"","meta":{"_acf_changed":false},"product_brand":[],"product_cat":[6189,6411,6412,6428],"product_tag":[6433,6439,6221,6330],"class_list":{"0":"post-136584","1":"product","2":"type-product","3":"status-publish","4":"has-post-thumbnail","6":"product_cat-boys-t-shirts","7":"product_cat-custom-gifts-ai-jogging-runner","8":"product_cat-photo-to-tees","9":"product_cat-translate-products","10":"product_tag-ai-artwork","11":"product_tag-ai-kids-artwork","12":"product_tag-custom-t-shirts-near-me","13":"product_tag-photo-print-t-shirt-for-boys","15":"first","16":"instock","17":"taxable","18":"shipping-taxable","19":"purchasable","20":"product-type-simple"},"acf":[],"wcpa_form_fields":null,"_links":{"self":[{"href":"https:\/\/www.customywear.com\/fr\/wp-json\/wp\/v2\/product\/136584","targetHints":{"allow":["GET"]}}],"collection":[{"href":"https:\/\/www.customywear.com\/fr\/wp-json\/wp\/v2\/product"}],"about":[{"href":"https:\/\/www.customywear.com\/fr\/wp-json\/wp\/v2\/types\/product"}],"replies":[{"embeddable":true,"href":"https:\/\/www.customywear.com\/fr\/wp-json\/wp\/v2\/comments?post=136584"}],"wp:featuredmedia":[{"embeddable":true,"href":"https:\/\/www.customywear.com\/fr\/wp-json\/wp\/v2\/media\/136701"}],"wp:attachment":[{"href":"https:\/\/www.customywear.com\/fr\/wp-json\/wp\/v2\/media?parent=136584"}],"wp:term":[{"taxonomy":"product_brand","embeddable":true,"href":"https:\/\/www.customywear.com\/fr\/wp-json\/wp\/v2\/product_brand?post=136584"},{"taxonomy":"product_cat","embeddable":true,"href":"https:\/\/www.customywear.com\/fr\/wp-json\/wp\/v2\/product_cat?post=136584"},{"taxonomy":"product_tag","embeddable":true,"href":"https:\/\/www.customywear.com\/fr\/wp-json\/wp\/v2\/product_tag?post=136584"}],"curies":[{"name":"wp","href":"https:\/\/api.w.org\/{rel}","templated":true}]}}