{"id":20303,"date":"2023-07-28T13:32:49","date_gmt":"2023-07-28T13:32:49","guid":{"rendered":"https:\/\/www.customywear.com\/?post_type=product&#038;p=20303"},"modified":"2026-05-07T15:29:59","modified_gmt":"2026-05-07T15:29:59","slug":"chemise-personnalisee-de-fee-ange-fille","status":"publish","type":"product","link":"https:\/\/www.customywear.com\/fr\/custom-angel-girl-fairy-shirt\/","title":{"rendered":"T-shirt personnalis\u00e9 \u00ab\u00a0F\u00e9e Ange\u00a0\u00bb | T-shirt fantaisie personnalis\u00e9 pour jeunes"},"content":{"rendered":"<p>Stimulez l&#039;imagination de votre enfant avec notre ravissant t-shirt personnalis\u00e9 \u00ab\u00a0F\u00e9e Ange\u00a0\u00bb, un chef-d&#039;\u0153uvre personnalis\u00e9 qui donnera vie \u00e0 ses r\u00eaves. Gr\u00e2ce \u00e0 la magie de notre processus de cr\u00e9ation, nous transformons la photo de votre enfant en un portrait vectoriel captivant, le repr\u00e9sentant sous les traits d&#039;une adorable f\u00e9e aux ailes d\u00e9licates. Ce t-shirt personnalis\u00e9, charmant et r\u00e9confortant, est le cadeau id\u00e9al pour c\u00e9l\u00e9brer son innocence et sa cr\u00e9ativit\u00e9. Notre \u00e9quipe de designers d\u00e9vou\u00e9s exploite la puissance cr\u00e9ative d&#039;Adobe Illustrator et d&#039;Adobe Photoshop pour int\u00e9grer harmonieusement l&#039;image de votre enfant \u00e0 l&#039;univers fantaisiste de la fantaisie. Le motif est imprim\u00e9 avec soin gr\u00e2ce \u00e0 une technologie DTG de pointe, garantissant des couleurs \u00e9clatantes et une durabilit\u00e9 exceptionnelle. Disponibles en manches courtes et longues, nos t-shirts unisexes s&#039;adressent aux enfants de tous \u00e2ges et garantissent un confort optimal \u00e0 chaque petit r\u00eaveur. Ajoutez une touche de magie \u00e0 la garde-robe de votre enfant avec un t-shirt personnalis\u00e9 qui c\u00e9l\u00e8bre la magie de l&#039;enfance. Notre collection diversifi\u00e9e propose une vari\u00e9t\u00e9 de mod\u00e8les qui capturent l&#039;essence m\u00eame du jeu imaginatif, chacun soigneusement con\u00e7u pour susciter l&#039;\u00e9merveillement et le plaisir. Qu&#039;il s&#039;agisse d&#039;une occasion sp\u00e9ciale ou d&#039;un ajout agr\u00e9able \u00e0 leur tenue quotidienne, nos t-shirts personnalis\u00e9s sont des \u0153uvres d&#039;art portables qui inspirent les r\u00eaves et stimulent la cr\u00e9ativit\u00e9.<\/p>","protected":false},"excerpt":{"rendered":"<p>Transformez votre photo en une jolie chemise de f\u00e9e mignonne d'ange sur mesure. Le t-shirt personnalis\u00e9 pour les jeunes Fantasy ajoute des ailes de f\u00e9es et un charme fantaisistes pour un design unique et enchanteur que votre enfant adorera.<\/p>","protected":false},"featured_media":142733,"comment_status":"open","ping_status":"closed","template":"","meta":{"_acf_changed":false},"product_brand":[],"product_cat":[6193,145,6412,6428],"product_tag":[6433,6439,146,65,67,149,156],"class_list":{"0":"post-20303","1":"product","2":"type-product","3":"status-publish","4":"has-post-thumbnail","6":"product_cat-girls-t-shirts","7":"product_cat-custom-gifts-fairy-angels","8":"product_cat-photo-to-tees","9":"product_cat-translate-products","10":"product_tag-ai-artwork","11":"product_tag-ai-kids-artwork","12":"product_tag-angel_shirt","13":"product_tag-kid","14":"product_tag-kids_birthday_shirt","15":"product_tag-toddler_birthday","16":"product_tag-youth-girl","18":"first","19":"instock","20":"taxable","21":"shipping-taxable","22":"purchasable","23":"product-type-simple"},"acf":[],"wcpa_form_fields":null,"_links":{"self":[{"href":"https:\/\/www.customywear.com\/fr\/wp-json\/wp\/v2\/product\/20303","targetHints":{"allow":["GET"]}}],"collection":[{"href":"https:\/\/www.customywear.com\/fr\/wp-json\/wp\/v2\/product"}],"about":[{"href":"https:\/\/www.customywear.com\/fr\/wp-json\/wp\/v2\/types\/product"}],"replies":[{"embeddable":true,"href":"https:\/\/www.customywear.com\/fr\/wp-json\/wp\/v2\/comments?post=20303"}],"wp:featuredmedia":[{"embeddable":true,"href":"https:\/\/www.customywear.com\/fr\/wp-json\/wp\/v2\/media\/142733"}],"wp:attachment":[{"href":"https:\/\/www.customywear.com\/fr\/wp-json\/wp\/v2\/media?parent=20303"}],"wp:term":[{"taxonomy":"product_brand","embeddable":true,"href":"https:\/\/www.customywear.com\/fr\/wp-json\/wp\/v2\/product_brand?post=20303"},{"taxonomy":"product_cat","embeddable":true,"href":"https:\/\/www.customywear.com\/fr\/wp-json\/wp\/v2\/product_cat?post=20303"},{"taxonomy":"product_tag","embeddable":true,"href":"https:\/\/www.customywear.com\/fr\/wp-json\/wp\/v2\/product_tag?post=20303"}],"curies":[{"name":"wp","href":"https:\/\/api.w.org\/{rel}","templated":true}]}}