{"id":20304,"date":"2023-07-28T13:32:49","date_gmt":"2023-07-28T13:32:49","guid":{"rendered":"https:\/\/www.customywear.com\/?post_type=product&#038;p=20304"},"modified":"2026-05-16T11:40:39","modified_gmt":"2026-05-16T11:40:39","slug":"chemise-personnalisee-avec-ailes-dange-pour-femme","status":"publish","type":"product","link":"https:\/\/www.customywear.com\/fr\/custom-angel-woman-wings-shirt\/","title":{"rendered":"T-shirt personnalis\u00e9 \u00ab\u00a0Femme ange avec ailes\u00a0\u00bb | T-shirt fantaisie personnalis\u00e9"},"content":{"rendered":"<p>Sublimez votre sens de l&#039;enchantement avec notre captivant t-shirt personnalis\u00e9 \u00ab\u00a0Ange avec des ailes\u00a0\u00bb, un chef-d&#039;\u0153uvre personnalis\u00e9 qui donne vie \u00e0 une beaut\u00e9 \u00e9th\u00e9r\u00e9e. Gr\u00e2ce \u00e0 notre processus de cr\u00e9ation artistique, nous transformons votre photo en un portrait vectoriel fascinant, vous repr\u00e9sentant tel un ange gracieux aux ailes majestueuses. Ce superbe t-shirt personnalis\u00e9, touchant et touchant, est un cadeau attentionn\u00e9 qui c\u00e9l\u00e8bre votre \u00e2me et votre individualit\u00e9. Notre \u00e9quipe de designers d\u00e9vou\u00e9s exploite la puissance cr\u00e9ative d&#039;Adobe Illustrator et d&#039;Adobe Photoshop pour int\u00e9grer harmonieusement votre image \u00e0 l&#039;univers de la fantaisie. Le motif est imprim\u00e9 avec une technologie DTG de pointe, garantissant des couleurs \u00e9clatantes et une durabilit\u00e9 exceptionnelle. Disponibles en manches courtes et longues, nos t-shirts unisexes s&#039;adressent aux adultes de tous \u00e2ges et offrent un confort optimal. Ajoutez une touche d&#039;\u00e9l\u00e9gance c\u00e9leste \u00e0 votre garde-robe avec un t-shirt personnalis\u00e9 qui incarne la magie de l&#039;imagination. Notre collection diversifi\u00e9e propose une multitude de mod\u00e8les qui capturent l&#039;essence de la fantaisie et de l&#039;expression personnelle, chacun soigneusement con\u00e7u pour susciter l&#039;\u00e9merveillement et l&#039;admiration. Qu&#039;il s&#039;agisse d&#039;un cadeau unique ou d&#039;un ajout charmant \u00e0 votre tenue de tous les jours, nos t-shirts personnalis\u00e9s sont des \u0153uvres d&#039;art portables qui rayonnent de beaut\u00e9 int\u00e9rieure et enflamment votre sens de l&#039;\u00e9merveillement.<\/p>","protected":false},"excerpt":{"rendered":"<p>Cr\u00e9ez une superbe femme ange personnalis\u00e9e avec une chemise \u00e0 ailes \u00e0 partir de n'importe quelle photo. Notre t-shirt Fantasy personnalis\u00e9 allie \u00e9l\u00e9gance et fantaisie pour un t-shirt unique en son genre.<\/p>","protected":false},"featured_media":142719,"comment_status":"open","ping_status":"closed","template":"","meta":{"_acf_changed":false},"product_brand":[],"product_cat":[6191,145,6412,6428,6358,6357,6356],"product_tag":[6214,6433,146,6328,229,6215,6442,112],"class_list":{"0":"post-20304","1":"product","2":"type-product","3":"status-publish","4":"has-post-thumbnail","6":"product_cat-t-shirts-women","7":"product_cat-custom-gifts-fairy-angels","8":"product_cat-photo-to-tees","9":"product_cat-translate-products","10":"product_cat-womens-anniversary-t-shirts","11":"product_cat-womens-birthday-t-shirts","12":"product_cat-womens-summer-t-shirts","13":"product_tag-affordable-custom-t-shirts","14":"product_tag-ai-artwork","15":"product_tag-angel_shirt","16":"product_tag-custom-image-t-shirt-for-women","17":"product_tag-custom-tee-shirts","18":"product_tag-screen-printing-near-me","19":"product_tag-top-artwork","20":"product_tag-women","22":"first","23":"instock","24":"taxable","25":"shipping-taxable","26":"purchasable","27":"product-type-simple"},"acf":[],"wcpa_form_fields":null,"_links":{"self":[{"href":"https:\/\/www.customywear.com\/fr\/wp-json\/wp\/v2\/product\/20304","targetHints":{"allow":["GET"]}}],"collection":[{"href":"https:\/\/www.customywear.com\/fr\/wp-json\/wp\/v2\/product"}],"about":[{"href":"https:\/\/www.customywear.com\/fr\/wp-json\/wp\/v2\/types\/product"}],"replies":[{"embeddable":true,"href":"https:\/\/www.customywear.com\/fr\/wp-json\/wp\/v2\/comments?post=20304"}],"wp:featuredmedia":[{"embeddable":true,"href":"https:\/\/www.customywear.com\/fr\/wp-json\/wp\/v2\/media\/142719"}],"wp:attachment":[{"href":"https:\/\/www.customywear.com\/fr\/wp-json\/wp\/v2\/media?parent=20304"}],"wp:term":[{"taxonomy":"product_brand","embeddable":true,"href":"https:\/\/www.customywear.com\/fr\/wp-json\/wp\/v2\/product_brand?post=20304"},{"taxonomy":"product_cat","embeddable":true,"href":"https:\/\/www.customywear.com\/fr\/wp-json\/wp\/v2\/product_cat?post=20304"},{"taxonomy":"product_tag","embeddable":true,"href":"https:\/\/www.customywear.com\/fr\/wp-json\/wp\/v2\/product_tag?post=20304"}],"curies":[{"name":"wp","href":"https:\/\/api.w.org\/{rel}","templated":true}]}}