{"id":20306,"date":"2023-07-28T13:32:51","date_gmt":"2023-07-28T13:32:51","guid":{"rendered":"https:\/\/www.customywear.com\/?post_type=product&#038;p=20306"},"modified":"2026-05-07T15:29:59","modified_gmt":"2026-05-07T15:29:59","slug":"chemise-hijab-personnalisee-pour-fille-arabe","status":"publish","type":"product","link":"https:\/\/www.customywear.com\/fr\/custom-arabian-girl-hijab-shirt\/","title":{"rendered":"T-shirt hijab personnalis\u00e9 pour fille arabe | T-shirt culturel personnalis\u00e9 pour enfant"},"content":{"rendered":"<p>Sublimez le parcours culturel de votre enfant avec notre ravissant t-shirt hijab personnalis\u00e9 pour fille arabe, un hommage personnalis\u00e9 \u00e0 la beaut\u00e9 et \u00e0 la gr\u00e2ce des traditions arabes. Gr\u00e2ce \u00e0 la touche artistique de notre processus de cr\u00e9ation, nous transformons la photo de votre enfant en un portrait vectoriel captivant, la repr\u00e9sentant v\u00eatue d&#039;une splendide robe traditionnelle arabe et coiff\u00e9e d&#039;un hijab. Ce t-shirt personnalis\u00e9 unique et touchant est un cadeau pr\u00e9cieux qui c\u00e9l\u00e8bre la diversit\u00e9 culturelle et inspire un sentiment de fiert\u00e9 culturelle. Exploitant la puissance cr\u00e9ative d&#039;Adobe Illustrator et d&#039;Adobe Photoshop, notre \u00e9quipe de designers experts cr\u00e9e avec minutie une fusion harmonieuse de l&#039;image de votre enfant et des d\u00e9tails complexes de l&#039;esth\u00e9tique arabe. Gr\u00e2ce \u00e0 une technologie d&#039;impression DTG de pointe, nous garantissons des couleurs \u00e9clatantes et une qualit\u00e9 durable. Disponibles en manches courtes et longues, nos t-shirts unisexes s&#039;adressent aux enfants et aux jeunes de tous \u00e2ges, offrant une coupe confortable et \u00e9l\u00e9gante. C\u00e9l\u00e9brez la richesse du patrimoine et la beaut\u00e9 de l&#039;expression culturelle avec un t-shirt personnalis\u00e9 alliant harmonieusement tradition et style contemporain. Notre vaste collection pr\u00e9sente une multitude de mod\u00e8les qui rendent hommage \u00e0 diverses cultures, chacun \u00e9tant soigneusement con\u00e7u pour promouvoir l&#039;appr\u00e9ciation culturelle et d\u00e9velopper un fort sentiment d&#039;identit\u00e9. Qu&#039;il s&#039;agisse d&#039;un pr\u00e9cieux souvenir ou d&#039;un ajout tendance \u00e0 leur garde-robe, nos t-shirts personnalis\u00e9s sont des t\u00e9moignages de fiert\u00e9 et d&#039;unit\u00e9 culturelles, comblant le foss\u00e9 entre les g\u00e9n\u00e9rations et inspirant les jeunes esprits \u00e0 s&#039;ouvrir au monde qui les entoure.<\/p>","protected":false},"excerpt":{"rendered":"<p>Transformez votre photo en une belle chemise de hijab de fille arabe personnalis\u00e9e. Notre t-shirt pour enfants culturels personnalis\u00e9s met en valeur la tradition et le charme d'un t-shirt unique en son genre.<\/p>","protected":false},"featured_media":142482,"comment_status":"open","ping_status":"closed","template":"","meta":{"_acf_changed":false},"product_brand":[],"product_cat":[6193,179,6412,6428],"product_tag":[6433,6439,64,65,67,156],"class_list":{"0":"post-20306","1":"product","2":"type-product","3":"status-publish","4":"has-post-thumbnail","6":"product_cat-girls-t-shirts","7":"product_cat-custom-gifts-arabic-culture","8":"product_cat-photo-to-tees","9":"product_cat-translate-products","10":"product_tag-ai-artwork","11":"product_tag-ai-kids-artwork","12":"product_tag-country_shirts","13":"product_tag-kid","14":"product_tag-kids_birthday_shirt","15":"product_tag-youth-girl","17":"first","18":"instock","19":"taxable","20":"shipping-taxable","21":"purchasable","22":"product-type-simple"},"acf":[],"wcpa_form_fields":null,"_links":{"self":[{"href":"https:\/\/www.customywear.com\/fr\/wp-json\/wp\/v2\/product\/20306","targetHints":{"allow":["GET"]}}],"collection":[{"href":"https:\/\/www.customywear.com\/fr\/wp-json\/wp\/v2\/product"}],"about":[{"href":"https:\/\/www.customywear.com\/fr\/wp-json\/wp\/v2\/types\/product"}],"replies":[{"embeddable":true,"href":"https:\/\/www.customywear.com\/fr\/wp-json\/wp\/v2\/comments?post=20306"}],"wp:featuredmedia":[{"embeddable":true,"href":"https:\/\/www.customywear.com\/fr\/wp-json\/wp\/v2\/media\/142482"}],"wp:attachment":[{"href":"https:\/\/www.customywear.com\/fr\/wp-json\/wp\/v2\/media?parent=20306"}],"wp:term":[{"taxonomy":"product_brand","embeddable":true,"href":"https:\/\/www.customywear.com\/fr\/wp-json\/wp\/v2\/product_brand?post=20306"},{"taxonomy":"product_cat","embeddable":true,"href":"https:\/\/www.customywear.com\/fr\/wp-json\/wp\/v2\/product_cat?post=20306"},{"taxonomy":"product_tag","embeddable":true,"href":"https:\/\/www.customywear.com\/fr\/wp-json\/wp\/v2\/product_tag?post=20306"}],"curies":[{"name":"wp","href":"https:\/\/api.w.org\/{rel}","templated":true}]}}