{"id":20307,"date":"2023-07-28T13:32:53","date_gmt":"2023-07-28T13:32:53","guid":{"rendered":"https:\/\/www.customywear.com\/?post_type=product&#038;p=20307"},"modified":"2026-05-05T20:24:12","modified_gmt":"2026-05-05T20:24:12","slug":"chemise-homme-arabe-personnalisee","status":"publish","type":"product","link":"https:\/\/www.customywear.com\/fr\/custom-arabian-man-shirt\/","title":{"rendered":"T-shirt personnalis\u00e9 pour homme arabe | T-shirt personnalis\u00e9 pour amoureux du voyage"},"content":{"rendered":"<p>Embarquez pour un voyage personnalis\u00e9, empreint de style et de culture, avec notre sublime chemise homme arabe personnalis\u00e9e, con\u00e7ue pour capturer l&#039;essence de la tradition et de l&#039;envie de voyager. Nos artisans qualifi\u00e9s utilisent la puissance d&#039;Adobe Illustrator et d&#039;Adobe Photoshop pour transformer votre photo en un portrait vectoriel captivant qui sublime l&#039;\u00e9l\u00e9gance d&#039;une tenue arabe traditionnelle. Ce t-shirt personnalis\u00e9 unique est non seulement un accessoire de mode, mais aussi un pr\u00e9cieux souvenir pour les passionn\u00e9s de voyages et de culture. Laissez-vous s\u00e9duire par le charme du patrimoine arabe avec une touche de modernit\u00e9. Le motif vectoriel haut de gamme, m\u00e9ticuleusement con\u00e7u par notre \u00e9quipe, orne nos t-shirts unisexes \u00e0 manches courtes et longues. Les d\u00e9tails complexes et les couleurs vibrantes sont mis en valeur par une technologie d&#039;impression DTG avanc\u00e9e, garantissant \u00e0 votre t-shirt personnalis\u00e9 une qualit\u00e9 et un style in\u00e9gal\u00e9s. Que vous exploriez des contr\u00e9es lointaines ou que vous embrassiez simplement vos racines culturelles, ce t-shirt personnalis\u00e9 deviendra un ajout polyvalent \u00e0 votre garde-robe. C\u00e9l\u00e9brez votre amour du voyage, de la culture et de l&#039;expression personnelle avec un t-shirt personnalis\u00e9 qui incarne l&#039;esprit d&#039;aventure et la diversit\u00e9. Chaque t-shirt est une toile d&#039;ing\u00e9niosit\u00e9 artistique, vous invitant \u00e0 exprimer votre identit\u00e9 et vos passions. Notre collection transcende les fronti\u00e8res et propose une gamme de mod\u00e8les pour adultes, adolescents, enfants et tout-petits. Laissez vos v\u00eatements exprimer pleinement votre individualit\u00e9, tout en ch\u00e9rissant les souvenirs qui ont inspir\u00e9 leur cr\u00e9ation.<\/p>","protected":false},"excerpt":{"rendered":"<p>Donnez vie \u00e0 n'importe quelle photo sur une chemise Arabian Man personnalis\u00e9e. Le t-shirt personnalis\u00e9 pour les amateurs de voyages allie flair et aventure culturels \u00e0 un design unique et personnalis\u00e9 de t-shirt.<\/p>","protected":false},"featured_media":142461,"comment_status":"open","ping_status":"closed","template":"","meta":{"_acf_changed":false},"product_brand":[],"product_cat":[6195,6157,6156,179,186,6345,6412,6428],"product_tag":[6433,193,6216,209],"class_list":{"0":"post-20307","1":"product","2":"type-product","3":"status-publish","4":"has-post-thumbnail","6":"product_cat-t-shirts-men","7":"product_cat-country","8":"product_cat-culture","9":"product_cat-custom-gifts-arabic-culture","10":"product_cat-men","11":"product_cat-mens-country-culture-t-shirts","12":"product_cat-photo-to-tees","13":"product_cat-translate-products","14":"product_tag-ai-artwork","15":"product_tag-boyfriend_gift","16":"product_tag-mens-custom-t-shirts","17":"product_tag-travel_lover_gift","19":"first","20":"instock","21":"taxable","22":"shipping-taxable","23":"purchasable","24":"product-type-simple"},"acf":[],"wcpa_form_fields":null,"_links":{"self":[{"href":"https:\/\/www.customywear.com\/fr\/wp-json\/wp\/v2\/product\/20307","targetHints":{"allow":["GET"]}}],"collection":[{"href":"https:\/\/www.customywear.com\/fr\/wp-json\/wp\/v2\/product"}],"about":[{"href":"https:\/\/www.customywear.com\/fr\/wp-json\/wp\/v2\/types\/product"}],"replies":[{"embeddable":true,"href":"https:\/\/www.customywear.com\/fr\/wp-json\/wp\/v2\/comments?post=20307"}],"wp:featuredmedia":[{"embeddable":true,"href":"https:\/\/www.customywear.com\/fr\/wp-json\/wp\/v2\/media\/142461"}],"wp:attachment":[{"href":"https:\/\/www.customywear.com\/fr\/wp-json\/wp\/v2\/media?parent=20307"}],"wp:term":[{"taxonomy":"product_brand","embeddable":true,"href":"https:\/\/www.customywear.com\/fr\/wp-json\/wp\/v2\/product_brand?post=20307"},{"taxonomy":"product_cat","embeddable":true,"href":"https:\/\/www.customywear.com\/fr\/wp-json\/wp\/v2\/product_cat?post=20307"},{"taxonomy":"product_tag","embeddable":true,"href":"https:\/\/www.customywear.com\/fr\/wp-json\/wp\/v2\/product_tag?post=20307"}],"curies":[{"name":"wp","href":"https:\/\/api.w.org\/{rel}","templated":true}]}}