{"id":20311,"date":"2023-07-28T13:32:57","date_gmt":"2023-07-28T13:32:57","guid":{"rendered":"https:\/\/www.customywear.com\/?post_type=product&#038;p=20311"},"modified":"2026-05-07T15:29:59","modified_gmt":"2026-05-07T15:29:59","slug":"chemise-personnalisee-astronaute-garcon","status":"publish","type":"product","link":"https:\/\/www.customywear.com\/fr\/custom-astronaut-boy-shirt\/","title":{"rendered":"T-shirt personnalis\u00e9 pour gar\u00e7on astronaute | T-shirt personnalis\u00e9 pour jeune enfant sur la Lune"},"content":{"rendered":"<p>\u00c9veillez la curiosit\u00e9 et l&#039;exploration de votre jeune aventurier avec notre captivant t-shirt personnalis\u00e9 Astronaute pour gar\u00e7on, un hommage personnalis\u00e9 aux r\u00eaves qui s&#039;\u00e9tendent au-del\u00e0 des \u00e9toiles. Exploitant la puissance de la photo de votre enfant, nous cr\u00e9ons avec expertise un portrait vectoriel qui le transforme en un astronaute intr\u00e9pide atterrissant audacieusement sur une lointaine plan\u00e8te lunaire. Ce design imaginatif est une source d&#039;inspiration durable, ce qui en fait le cadeau id\u00e9al pour les jeunes visionnaires et les r\u00eaveurs cosmiques qui aspirent \u00e0 explorer l&#039;univers. Plongez dans la synergie entre technologie de pointe et ing\u00e9niosit\u00e9 artistique\u00a0: nous exploitons les capacit\u00e9s d&#039;Adobe Illustrator et d&#039;Adobe Photoshop pour transformer la photo de votre enfant en une \u0153uvre d&#039;art remarquable. Notre t-shirt personnalis\u00e9 pr\u00e9sente une illustration vectorielle de qualit\u00e9 sup\u00e9rieure, capturant avec pr\u00e9cision l&#039;esprit de l&#039;exploration et de la d\u00e9couverte spatiales. Gr\u00e2ce \u00e0 des techniques d&#039;impression DTG avanc\u00e9es, chaque d\u00e9tail et chaque teinte prennent vie, garantissant que votre t-shirt personnalis\u00e9 incarne le summum du savoir-faire et de la cr\u00e9ativit\u00e9. Con\u00e7ue pour c\u00e9l\u00e9brer la curiosit\u00e9 et l&#039;\u00e9merveillement, notre collection de t-shirts unisexes \u00e0 manches courtes et longues pour jeunes est disponible dans une gamme de tailles adapt\u00e9es \u00e0 tous les \u00e2ges. La polyvalence de nos mod\u00e8les permet \u00e0 votre jeune explorateur d&#039;afficher fi\u00e8rement sa cr\u00e9ation personnalis\u00e9e en toute occasion. C\u00e9l\u00e9brez son imagination d\u00e9bordante et sa passion pour le cosmos avec un t-shirt personnalis\u00e9 qui honore son individualit\u00e9 et nourrit ses ambitions cosmiques.<\/p>","protected":false},"excerpt":{"rendered":"<p>Faites de votre enfant un explorateur dans une chemise de gar\u00e7on astronaute personnalis\u00e9e. Le tee-shirt personnalis\u00e9 pour le d\u00e9barquement de la lune du jeune enfant transforme n'importe quelle photo en un t-shirt sur le th\u00e8me de l'espace et hors de ce monde.<\/p>","protected":false},"featured_media":142503,"comment_status":"open","ping_status":"closed","template":"","meta":{"_acf_changed":false},"product_brand":[],"product_cat":[6189,248,6412,6428],"product_tag":[6433,6439,249],"class_list":{"0":"post-20311","1":"product","2":"type-product","3":"status-publish","4":"has-post-thumbnail","6":"product_cat-boys-t-shirts","7":"product_cat-custom-gifts-astronauts","8":"product_cat-photo-to-tees","9":"product_cat-translate-products","10":"product_tag-ai-artwork","11":"product_tag-ai-kids-artwork","12":"product_tag-astronaut-tees","14":"first","15":"instock","16":"taxable","17":"shipping-taxable","18":"purchasable","19":"product-type-simple"},"acf":[],"wcpa_form_fields":null,"_links":{"self":[{"href":"https:\/\/www.customywear.com\/fr\/wp-json\/wp\/v2\/product\/20311","targetHints":{"allow":["GET"]}}],"collection":[{"href":"https:\/\/www.customywear.com\/fr\/wp-json\/wp\/v2\/product"}],"about":[{"href":"https:\/\/www.customywear.com\/fr\/wp-json\/wp\/v2\/types\/product"}],"replies":[{"embeddable":true,"href":"https:\/\/www.customywear.com\/fr\/wp-json\/wp\/v2\/comments?post=20311"}],"wp:featuredmedia":[{"embeddable":true,"href":"https:\/\/www.customywear.com\/fr\/wp-json\/wp\/v2\/media\/142503"}],"wp:attachment":[{"href":"https:\/\/www.customywear.com\/fr\/wp-json\/wp\/v2\/media?parent=20311"}],"wp:term":[{"taxonomy":"product_brand","embeddable":true,"href":"https:\/\/www.customywear.com\/fr\/wp-json\/wp\/v2\/product_brand?post=20311"},{"taxonomy":"product_cat","embeddable":true,"href":"https:\/\/www.customywear.com\/fr\/wp-json\/wp\/v2\/product_cat?post=20311"},{"taxonomy":"product_tag","embeddable":true,"href":"https:\/\/www.customywear.com\/fr\/wp-json\/wp\/v2\/product_tag?post=20311"}],"curies":[{"name":"wp","href":"https:\/\/api.w.org\/{rel}","templated":true}]}}