{"id":20312,"date":"2023-07-28T13:32:58","date_gmt":"2023-07-28T13:32:58","guid":{"rendered":"https:\/\/www.customywear.com\/?post_type=product&#038;p=20312"},"modified":"2026-05-07T15:29:59","modified_gmt":"2026-05-07T15:29:59","slug":"chemise-personnalisee-pour-fille-astronaute","status":"publish","type":"product","link":"https:\/\/www.customywear.com\/fr\/custom-astronaut-girl-shirt\/","title":{"rendered":"T-shirt personnalis\u00e9 pour fille astronaute | T-shirt personnalis\u00e9 pour petite s\u0153ur extraterrestre lunaire"},"content":{"rendered":"<p>Stimulez l&#039;imagination d\u00e9bordante de votre petite aventuri\u00e8re avec notre ravissant t-shirt personnalis\u00e9 Astronaute Fille, un hommage personnalis\u00e9 aux r\u00eaves qui s&#039;envolent au-del\u00e0 des \u00e9toiles. En utilisant la magie de la photo de votre enfant, nous cr\u00e9ons avec brio un portrait vectoriel captivant qui la transforme en une astronaute intr\u00e9pide explorant une lune surnaturelle. Ce design imaginatif est une source d&#039;inspiration intemporelle, ce qui en fait le cadeau id\u00e9al pour les jeunes visionnaires et r\u00eaveurs cosmiques qui aspirent \u00e0 atteindre les cieux. Nos artisans qualifi\u00e9s exploitent la synergie entre technologie de pointe et ma\u00eetrise artistique, canalisant la puissance d&#039;Adobe Illustrator et d&#039;Adobe Photoshop pour sublimer la photo de votre enfant en une \u0153uvre d&#039;art remarquable. Ce t-shirt personnalis\u00e9 pr\u00e9sente une illustration vectorielle haut de gamme, capturant avec pr\u00e9cision l&#039;esprit de l&#039;exploration et de la d\u00e9couverte spatiales. Gr\u00e2ce \u00e0 des techniques d&#039;impression DTG avanc\u00e9es, chaque d\u00e9tail et chaque teinte prennent vie, garantissant que votre t-shirt personnalis\u00e9 incarne le summum du savoir-faire et de la cr\u00e9ativit\u00e9. Con\u00e7ue pour stimuler la curiosit\u00e9 et l&#039;\u00e9merveillement, notre collection de t-shirts unisexes \u00e0 manches courtes et longues pour jeunes est disponible dans une vari\u00e9t\u00e9 de tailles, parfaitement adapt\u00e9es \u00e0 tous les \u00e2ges. La polyvalence de nos mod\u00e8les permettra \u00e0 votre jeune exploratrice d&#039;afficher fi\u00e8rement sa cr\u00e9ation unique en toute occasion. C\u00e9l\u00e9brez son imagination d\u00e9bordante et sa passion pour le cosmos avec un t-shirt personnalis\u00e9 qui honore son individualit\u00e9 et nourrit ses aspirations cosmiques.<\/p>","protected":false},"excerpt":{"rendered":"<p>Cr\u00e9ez une aventure cosmique avec une chemise de fille astronaute personnalis\u00e9e. Le t-shirt personnalis\u00e9 Little Sister Moon transforme n'importe quelle photo en un t-shirt spatial amusant et imaginatif.<\/p>","protected":false},"featured_media":142510,"comment_status":"open","ping_status":"closed","template":"","meta":{"_acf_changed":false},"product_brand":[],"product_cat":[6193,248,6412,6428],"product_tag":[6433,6439,249],"class_list":{"0":"post-20312","1":"product","2":"type-product","3":"status-publish","4":"has-post-thumbnail","6":"product_cat-girls-t-shirts","7":"product_cat-custom-gifts-astronauts","8":"product_cat-photo-to-tees","9":"product_cat-translate-products","10":"product_tag-ai-artwork","11":"product_tag-ai-kids-artwork","12":"product_tag-astronaut-tees","14":"first","15":"instock","16":"taxable","17":"shipping-taxable","18":"purchasable","19":"product-type-simple"},"acf":[],"wcpa_form_fields":null,"_links":{"self":[{"href":"https:\/\/www.customywear.com\/fr\/wp-json\/wp\/v2\/product\/20312","targetHints":{"allow":["GET"]}}],"collection":[{"href":"https:\/\/www.customywear.com\/fr\/wp-json\/wp\/v2\/product"}],"about":[{"href":"https:\/\/www.customywear.com\/fr\/wp-json\/wp\/v2\/types\/product"}],"replies":[{"embeddable":true,"href":"https:\/\/www.customywear.com\/fr\/wp-json\/wp\/v2\/comments?post=20312"}],"wp:featuredmedia":[{"embeddable":true,"href":"https:\/\/www.customywear.com\/fr\/wp-json\/wp\/v2\/media\/142510"}],"wp:attachment":[{"href":"https:\/\/www.customywear.com\/fr\/wp-json\/wp\/v2\/media?parent=20312"}],"wp:term":[{"taxonomy":"product_brand","embeddable":true,"href":"https:\/\/www.customywear.com\/fr\/wp-json\/wp\/v2\/product_brand?post=20312"},{"taxonomy":"product_cat","embeddable":true,"href":"https:\/\/www.customywear.com\/fr\/wp-json\/wp\/v2\/product_cat?post=20312"},{"taxonomy":"product_tag","embeddable":true,"href":"https:\/\/www.customywear.com\/fr\/wp-json\/wp\/v2\/product_tag?post=20312"}],"curies":[{"name":"wp","href":"https:\/\/api.w.org\/{rel}","templated":true}]}}