{"id":20340,"date":"2023-07-28T13:33:20","date_gmt":"2023-07-28T13:33:20","guid":{"rendered":"https:\/\/www.customywear.com\/?post_type=product&#038;p=20340"},"modified":"2026-05-05T20:23:37","modified_gmt":"2026-05-05T20:23:37","slug":"t-shirt-femme-personnalise-avec-motif-papillon-et-yoga","status":"publish","type":"product","link":"https:\/\/www.customywear.com\/fr\/custom-butterfly-yoga-woman-t-shirt\/","title":{"rendered":"T-shirt personnalis\u00e9 \u00ab\u00a0Pink Yoga\u00a0\u00bb pour femme | T-shirt personnalis\u00e9 inspir\u00e9 de la nature"},"content":{"rendered":"<p>Sublimez votre exp\u00e9rience du yoga avec notre t-shirt personnalis\u00e9 Butterfly Yoga Femme, un m\u00e9lange harmonieux d&#039;art personnalis\u00e9 et de nature sereine. Plongez dans l&#039;univers du mouvement conscient tandis que nous capturons votre essence dans une posture de yoga captivante, agr\u00e9ment\u00e9e de gracieuses ailes de papillon au milieu de montagnes majestueuses. Ce t-shirt unique t\u00e9moigne de votre d\u00e9vouement au yoga et de votre amour des grands espaces, vous permettant d&#039;afficher fi\u00e8rement vos passions.<\/p>\n<p>Imaginez-vous comme un ange du yoga, incarnation gracieuse de la force et de la tranquillit\u00e9, par\u00e9 de la magie des ailes de papillon. Nos artistes talentueux utilisent les prouesses cr\u00e9atives d&#039;Adobe Illustrator et d&#039;Adobe Photoshop pour cr\u00e9er un magnifique portrait vectoriel qui donne vie \u00e0 votre pratique du yoga. Gr\u00e2ce \u00e0 une impression DTG m\u00e9ticuleuse, ce motif vibrant est immortalis\u00e9 sur un t-shirt unisexe de haute qualit\u00e9, garantissant une connexion durable entre vous et la beaut\u00e9 de la nature.<\/p>\n<p>Ce t-shirt personnalis\u00e9 transcende les fronti\u00e8res et s&#039;adresse aussi bien aux femmes qu&#039;aux adultes, aux jeunes, aux enfants et aux tout-petits. Que vous cherchiez un compagnon d&#039;entra\u00eenement, un cadeau d&#039;anniversaire ou un t\u00e9moignage de reconnaissance pour un(e) ami(e) yogi, notre t-shirt personnalis\u00e9 Butterfly Yoga pour femme vous s\u00e9duira. D\u00e9couvrez le plaisir de l&#039;art du v\u00eatement et explorez notre gamme de mod\u00e8les similaires, chacun offrant une fen\u00eatre unique sur vos passions, aussi bien pour les humains que pour leurs animaux de compagnie.<\/p>","protected":false},"excerpt":{"rendered":"<p>Trouvez l'\u00e9quilibre avec un t-shirt femme de yoga papillon personnalis\u00e9. Les t-shirts personnalis\u00e9s inspir\u00e9s de la nature transforment n'importe quelle photo en un t-shirt apaisant et unique en son genre.<\/p>","protected":false},"featured_media":143212,"comment_status":"open","ping_status":"closed","template":"","meta":{"_acf_changed":false},"product_brand":[],"product_cat":[6191,6412,6428,6362,6248],"product_tag":[6433,6217,576,326,112,594],"class_list":{"0":"post-20340","1":"product","2":"type-product","3":"status-publish","4":"has-post-thumbnail","6":"product_cat-t-shirts-women","7":"product_cat-photo-to-tees","8":"product_cat-translate-products","9":"product_cat-womens-yoga-t-shirts","10":"product_cat-yoga-gifts","11":"product_tag-ai-artwork","12":"product_tag-custom-t-shirt","13":"product_tag-cute-yoga-shirts","14":"product_tag-sports","15":"product_tag-women","16":"product_tag-yoga_tee_shirt","18":"first","19":"instock","20":"taxable","21":"shipping-taxable","22":"purchasable","23":"product-type-simple"},"acf":[],"wcpa_form_fields":null,"_links":{"self":[{"href":"https:\/\/www.customywear.com\/fr\/wp-json\/wp\/v2\/product\/20340","targetHints":{"allow":["GET"]}}],"collection":[{"href":"https:\/\/www.customywear.com\/fr\/wp-json\/wp\/v2\/product"}],"about":[{"href":"https:\/\/www.customywear.com\/fr\/wp-json\/wp\/v2\/types\/product"}],"replies":[{"embeddable":true,"href":"https:\/\/www.customywear.com\/fr\/wp-json\/wp\/v2\/comments?post=20340"}],"wp:featuredmedia":[{"embeddable":true,"href":"https:\/\/www.customywear.com\/fr\/wp-json\/wp\/v2\/media\/143212"}],"wp:attachment":[{"href":"https:\/\/www.customywear.com\/fr\/wp-json\/wp\/v2\/media?parent=20340"}],"wp:term":[{"taxonomy":"product_brand","embeddable":true,"href":"https:\/\/www.customywear.com\/fr\/wp-json\/wp\/v2\/product_brand?post=20340"},{"taxonomy":"product_cat","embeddable":true,"href":"https:\/\/www.customywear.com\/fr\/wp-json\/wp\/v2\/product_cat?post=20340"},{"taxonomy":"product_tag","embeddable":true,"href":"https:\/\/www.customywear.com\/fr\/wp-json\/wp\/v2\/product_tag?post=20340"}],"curies":[{"name":"wp","href":"https:\/\/api.w.org\/{rel}","templated":true}]}}