{"id":20350,"date":"2023-07-28T13:34:00","date_gmt":"2023-07-28T13:34:00","guid":{"rendered":"https:\/\/www.customywear.com\/?post_type=product&#038;p=20350"},"modified":"2026-05-07T15:29:56","modified_gmt":"2026-05-07T15:29:56","slug":"chemise-personnalisee-pour-jeune-garcon-homme-des-cavernes","status":"publish","type":"product","link":"https:\/\/www.customywear.com\/fr\/custom-caveman-youth-boy-shirt\/","title":{"rendered":"T-shirt personnalis\u00e9 pour jeune gar\u00e7on, homme des cavernes | T-shirt africain ancien personnalis\u00e9 pour enfant"},"content":{"rendered":"<p>Plongez dans le pass\u00e9 avec notre t-shirt personnalis\u00e9 Homme des cavernes pour jeune gar\u00e7on, une c\u00e9l\u00e9bration ludique et personnalis\u00e9e des temps anciens. Transportez votre enfant au royaume de l&#039;imagination gr\u00e2ce \u00e0 la cr\u00e9ation d&#039;un portrait vectoriel \u00e0 partir de sa photo, le transformant en un homme des cavernes attachant. Ce t-shirt cr\u00e9atif pour jeune gar\u00e7on est plus qu&#039;un simple v\u00eatement\u00a0; c&#039;est un cadeau charmant et amusant qui capture la curiosit\u00e9 de la jeunesse. Imaginez votre enfant comme un jeune homme des cavernes aventurier, refl\u00e9tant le charme et l&#039;humour des temps anciens, mis en valeur gr\u00e2ce \u00e0 la finesse artistique d&#039;Adobe Illustrator et d&#039;Adobe Photoshop. Nos designers qualifi\u00e9s d\u00e9taillent m\u00e9ticuleusement chaque \u00e9l\u00e9ment, cr\u00e9ant ainsi une repr\u00e9sentation visuellement captivante qui incarne l&#039;essence m\u00eame de l&#039;exploration ludique. Gr\u00e2ce \u00e0 une impression DTG soign\u00e9e, ce t-shirt unisexe de haute qualit\u00e9 devient une toile de joie et de rire, garantissant un lien durable entre votre enfant et son \u0153uvre personnalis\u00e9e. D\u00e9couvrez le plaisir de la personnalisation avec des tailles disponibles pour les jeunes, les enfants et les tout-petits, faisant de ce t-shirt le cadeau id\u00e9al pour les jeunes aventuriers et les passionn\u00e9s d&#039;histoire. Plongez dans l&#039;univers de l&#039;art vestimentaire et explorez une gamme de mod\u00e8les similaires, empreints d&#039;un esprit ludique et cr\u00e9atif, tous personnalisables avec des visages humains ou animaux. Stimulez l&#039;imagination de votre enfant et partagez ses rires avec un t-shirt personnalis\u00e9 qui capture l&#039;essence m\u00eame de l&#039;\u00e9merveillement et de la l\u00e9g\u00e8ret\u00e9 de la jeunesse.<\/p>","protected":false},"excerpt":{"rendered":"<p>Donnez vie \u00e0 l'histoire avec une chemise de gar\u00e7on de jeune homme des cavernes. Notre t-shirt personnalis\u00e9 pour enfants africains antiques transforme n'importe quelle photo en un t-shirt personnalis\u00e9 unique sur le th\u00e8me de l'ancien.<\/p>","protected":false},"featured_media":142609,"comment_status":"open","ping_status":"closed","template":"","meta":{"_acf_changed":false},"product_brand":[],"product_cat":[6189,691,6412,6428],"product_tag":[6433,6439,694,65,67,73],"class_list":{"0":"post-20350","1":"product","2":"type-product","3":"status-publish","4":"has-post-thumbnail","6":"product_cat-boys-t-shirts","7":"product_cat-custom-gifts-caveman","8":"product_cat-photo-to-tees","9":"product_cat-translate-products","10":"product_tag-ai-artwork","11":"product_tag-ai-kids-artwork","12":"product_tag-children_birthday","13":"product_tag-kid","14":"product_tag-kids_birthday_shirt","15":"product_tag-youth-boy","17":"first","18":"instock","19":"taxable","20":"shipping-taxable","21":"purchasable","22":"product-type-simple"},"acf":[],"wcpa_form_fields":null,"_links":{"self":[{"href":"https:\/\/www.customywear.com\/fr\/wp-json\/wp\/v2\/product\/20350","targetHints":{"allow":["GET"]}}],"collection":[{"href":"https:\/\/www.customywear.com\/fr\/wp-json\/wp\/v2\/product"}],"about":[{"href":"https:\/\/www.customywear.com\/fr\/wp-json\/wp\/v2\/types\/product"}],"replies":[{"embeddable":true,"href":"https:\/\/www.customywear.com\/fr\/wp-json\/wp\/v2\/comments?post=20350"}],"wp:featuredmedia":[{"embeddable":true,"href":"https:\/\/www.customywear.com\/fr\/wp-json\/wp\/v2\/media\/142609"}],"wp:attachment":[{"href":"https:\/\/www.customywear.com\/fr\/wp-json\/wp\/v2\/media?parent=20350"}],"wp:term":[{"taxonomy":"product_brand","embeddable":true,"href":"https:\/\/www.customywear.com\/fr\/wp-json\/wp\/v2\/product_brand?post=20350"},{"taxonomy":"product_cat","embeddable":true,"href":"https:\/\/www.customywear.com\/fr\/wp-json\/wp\/v2\/product_cat?post=20350"},{"taxonomy":"product_tag","embeddable":true,"href":"https:\/\/www.customywear.com\/fr\/wp-json\/wp\/v2\/product_tag?post=20350"}],"curies":[{"name":"wp","href":"https:\/\/api.w.org\/{rel}","templated":true}]}}