{"id":20352,"date":"2023-07-28T13:34:06","date_gmt":"2023-07-28T13:34:06","guid":{"rendered":"https:\/\/www.customywear.com\/?post_type=product&#038;p=20352"},"modified":"2026-05-05T20:24:12","modified_gmt":"2026-05-05T20:24:12","slug":"chemise-chinoise-personnalisee-pour-homme","status":"publish","type":"product","link":"https:\/\/www.customywear.com\/fr\/custom-chinese-dressed-men-shirt\/","title":{"rendered":"Chemise chinoise personnalis\u00e9e pour homme | T-shirt traditionnel personnalis\u00e9"},"content":{"rendered":"<p>Plongez dans un monde de culture et d&#039;humour avec notre t-shirt personnalis\u00e9 pour homme, un hommage personnalis\u00e9 \u00e0 la tradition et \u00e0 la cr\u00e9ativit\u00e9. Vivez la joie d&#039;entrer dans l&#039;histoire en transformant votre photo en un portrait vectoriel captivant, vous repr\u00e9sentant v\u00eatu d&#039;une robe traditionnelle chinoise. Ce t-shirt personnalis\u00e9 est plus qu&#039;un simple v\u00eatement\u00a0; c&#039;est une c\u00e9l\u00e9bration de l&#039;exploration culturelle et un cadeau unique alliant tradition et humour moderne. Imaginez-vous v\u00eatu d&#039;une robe traditionnelle chinoise, m\u00ealant harmonieusement l&#039;\u00e9l\u00e9gance du pass\u00e9 \u00e0 la joie du pr\u00e9sent, le tout rendu par la ma\u00eetrise artistique d&#039;Adobe Illustrator et d&#039;Adobe Photoshop. Nos designers qualifi\u00e9s soignent chaque d\u00e9tail avec minutie, cr\u00e9ant une repr\u00e9sentation visuellement \u00e9poustouflante et l\u00e9g\u00e8re, capturant l&#039;essence m\u00eame de la fusion culturelle. Gr\u00e2ce \u00e0 une impression DTG soign\u00e9e, ce t-shirt unisexe de haute qualit\u00e9 devient une toile d&#039;expression personnelle, garantissant un lien durable entre vous et votre chef-d&#039;\u0153uvre personnalis\u00e9. D\u00e9couvrez le plaisir de la personnalisation avec des tailles disponibles pour adultes, adolescents, enfants et tout-petits, faisant de ce t-shirt le cadeau id\u00e9al pour ceux qui appr\u00e9cient la tradition et les bons moments de rire. Plongez dans l&#039;univers de l&#039;art vestimentaire et explorez une gamme de mod\u00e8les similaires c\u00e9l\u00e9brant la culture et la cr\u00e9ativit\u00e9, tous personnalisables avec des visages humains et animaux. Embrassez votre h\u00e9ritage avec un t-shirt personnalis\u00e9 qui capture \u00e0 merveille l&#039;esprit de la tradition et de l&#039;expression moderne.<\/p>","protected":false},"excerpt":{"rendered":"<p>C\u00e9l\u00e9brez la culture avec une chemise d'hommes habill\u00e9e en Chine. Le t-shirt traditionnel personnalis\u00e9 transforme n'importe quelle photo en un t-shirt unique en son genre inspir\u00e9 de la culture.<\/p>","protected":false},"featured_media":142623,"comment_status":"open","ping_status":"closed","template":"","meta":{"_acf_changed":false},"product_brand":[],"product_cat":[6195,6157,6156,703,186,6345,6412,6428],"product_tag":[6433,6216,6219,6220],"class_list":{"0":"post-20352","1":"product","2":"type-product","3":"status-publish","4":"has-post-thumbnail","6":"product_cat-t-shirts-men","7":"product_cat-country","8":"product_cat-culture","9":"product_cat-custom-gifts-chinese-tradition","10":"product_cat-men","11":"product_cat-mens-country-culture-t-shirts","12":"product_cat-photo-to-tees","13":"product_cat-translate-products","14":"product_tag-ai-artwork","15":"product_tag-mens-custom-t-shirts","16":"product_tag-order-custom-shirts","17":"product_tag-t-shirt-printing-near-me","19":"first","20":"instock","21":"taxable","22":"shipping-taxable","23":"purchasable","24":"product-type-simple"},"acf":[],"wcpa_form_fields":null,"_links":{"self":[{"href":"https:\/\/www.customywear.com\/fr\/wp-json\/wp\/v2\/product\/20352","targetHints":{"allow":["GET"]}}],"collection":[{"href":"https:\/\/www.customywear.com\/fr\/wp-json\/wp\/v2\/product"}],"about":[{"href":"https:\/\/www.customywear.com\/fr\/wp-json\/wp\/v2\/types\/product"}],"replies":[{"embeddable":true,"href":"https:\/\/www.customywear.com\/fr\/wp-json\/wp\/v2\/comments?post=20352"}],"wp:featuredmedia":[{"embeddable":true,"href":"https:\/\/www.customywear.com\/fr\/wp-json\/wp\/v2\/media\/142623"}],"wp:attachment":[{"href":"https:\/\/www.customywear.com\/fr\/wp-json\/wp\/v2\/media?parent=20352"}],"wp:term":[{"taxonomy":"product_brand","embeddable":true,"href":"https:\/\/www.customywear.com\/fr\/wp-json\/wp\/v2\/product_brand?post=20352"},{"taxonomy":"product_cat","embeddable":true,"href":"https:\/\/www.customywear.com\/fr\/wp-json\/wp\/v2\/product_cat?post=20352"},{"taxonomy":"product_tag","embeddable":true,"href":"https:\/\/www.customywear.com\/fr\/wp-json\/wp\/v2\/product_tag?post=20352"}],"curies":[{"name":"wp","href":"https:\/\/api.w.org\/{rel}","templated":true}]}}