{"id":20410,"date":"2023-07-28T13:34:58","date_gmt":"2023-07-28T13:34:58","guid":{"rendered":"https:\/\/www.customywear.com\/?post_type=product&#038;p=20410"},"modified":"2026-05-05T20:24:12","modified_gmt":"2026-05-05T20:24:12","slug":"t-shirt-musculaire-artistique-personnalise-pour-bodybuilders","status":"publish","type":"product","link":"https:\/\/www.customywear.com\/fr\/custom-artistic-muscle-tee-bodybuilders\/","title":{"rendered":"T-shirt de gymnastique personnalis\u00e9 pour culturistes"},"content":{"rendered":"<p>Lib\u00e9rez votre passion pour la musculation avec notre <strong>T-shirt musculaire artistique personnalis\u00e9<\/strong> \u2013 un chef-d&#039;\u0153uvre unique qui transforme votre photo en un hommage saisissant \u00e0 vos prouesses musculaires. Nos artistes talentueux ont r\u00e9alis\u00e9 avec brio une caricature de votre physique, mettant en valeur vos muscles pour cr\u00e9er une image saisissante sur ce t-shirt personnalis\u00e9. Con\u00e7u pour plaire aux passionn\u00e9s de gym et d&#039;entra\u00eenement, ce t-shirt original et plein d&#039;esprit ajoute une touche d&#039;humour \u00e0 votre programme de fitness. R\u00e9v\u00e9lez votre force int\u00e9rieure et attirez l&#039;attention avec ce t-shirt de gymnastique personnalis\u00e9 qui c\u00e9l\u00e8bre votre engagement pour la musculation.<\/p>\n<p>Con\u00e7us pour tous les \u00e2ges, des adultes aux adolescents, en passant par les enfants et les tout-petits, ces t-shirts unisexes s&#039;adressent \u00e0 tous ceux qui trouvent du r\u00e9confort dans la salle de sport. Nos artisans experts exploitent la puissance cr\u00e9ative d&#039;Adobe Illustrator et d&#039;Adobe Photoshop pour cr\u00e9er des designs qui c\u00e9l\u00e8brent l&#039;engagement et inspirent la camaraderie. Gr\u00e2ce \u00e0 la technologie d&#039;impression DTG avanc\u00e9e, chaque t-shirt devient une toile pour des illustrations vectorielles de haute qualit\u00e9 qui expriment votre engagement envers la force.<\/p>\n<p>La personnalisation est au c\u0153ur de ce mod\u00e8le\u00a0: int\u00e9grez les visages de vos proches, humains ou animaux, pour cr\u00e9er un v\u00eatement unique. Ces t-shirts transcendent le simple v\u00eatement et incarnent l&#039;admiration, la d\u00e9termination et le cheminement personnel. D\u00e9couvrez notre gamme de mod\u00e8les similaires, chacun racontant une histoire unique, et laissez votre tenue incarner votre fiert\u00e9, votre passion pour le fitness et votre engagement \u00e0 d\u00e9velopper un physique puissant.<\/p>","protected":false},"excerpt":{"rendered":"<p>Faites preuve de force avec un t-shirt musculaire artistique personnalis\u00e9 pour les bodybuilders. Les chemises de gymnastique personnalis\u00e9es transforment n'importe quelle photo en un t-shirt de fitness unique et audacieux.<\/p>","protected":false},"featured_media":143233,"comment_status":"open","ping_status":"closed","template":"","meta":{"_acf_changed":false},"product_brand":[],"product_cat":[6195,157,526,186,6337,1044,6412,1045,6428],"product_tag":[6433,6217,6165,546,6216,1106],"class_list":{"0":"post-20410","1":"product","2":"type-product","3":"status-publish","4":"has-post-thumbnail","6":"product_cat-t-shirts-men","7":"product_cat-best-sellers","8":"product_cat-gym-shirts","9":"product_cat-men","10":"product_cat-mens-gym-t-shirts","11":"product_cat-on-sale","12":"product_cat-photo-to-tees","13":"product_cat-retirement","14":"product_cat-translate-products","15":"product_tag-ai-artwork","16":"product_tag-custom-t-shirt","17":"product_tag-custom-gym-tees","18":"product_tag-gym","19":"product_tag-mens-custom-t-shirts","20":"product_tag-retirement","22":"first","23":"instock","24":"taxable","25":"shipping-taxable","26":"purchasable","27":"product-type-simple"},"acf":[],"wcpa_form_fields":null,"_links":{"self":[{"href":"https:\/\/www.customywear.com\/fr\/wp-json\/wp\/v2\/product\/20410","targetHints":{"allow":["GET"]}}],"collection":[{"href":"https:\/\/www.customywear.com\/fr\/wp-json\/wp\/v2\/product"}],"about":[{"href":"https:\/\/www.customywear.com\/fr\/wp-json\/wp\/v2\/types\/product"}],"replies":[{"embeddable":true,"href":"https:\/\/www.customywear.com\/fr\/wp-json\/wp\/v2\/comments?post=20410"}],"wp:featuredmedia":[{"embeddable":true,"href":"https:\/\/www.customywear.com\/fr\/wp-json\/wp\/v2\/media\/143233"}],"wp:attachment":[{"href":"https:\/\/www.customywear.com\/fr\/wp-json\/wp\/v2\/media?parent=20410"}],"wp:term":[{"taxonomy":"product_brand","embeddable":true,"href":"https:\/\/www.customywear.com\/fr\/wp-json\/wp\/v2\/product_brand?post=20410"},{"taxonomy":"product_cat","embeddable":true,"href":"https:\/\/www.customywear.com\/fr\/wp-json\/wp\/v2\/product_cat?post=20410"},{"taxonomy":"product_tag","embeddable":true,"href":"https:\/\/www.customywear.com\/fr\/wp-json\/wp\/v2\/product_tag?post=20410"}],"curies":[{"name":"wp","href":"https:\/\/api.w.org\/{rel}","templated":true}]}}