{"id":20417,"date":"2023-07-28T13:35:04","date_gmt":"2023-07-28T13:35:04","guid":{"rendered":"https:\/\/www.customywear.com\/?post_type=product&#038;p=20417"},"modified":"2026-05-16T11:13:02","modified_gmt":"2026-05-16T11:13:02","slug":"t-shirt-personnalise-avec-astronaute-et-science-extraterrestre","status":"publish","type":"product","link":"https:\/\/www.customywear.com\/fr\/custom-astronaut-alien-science-shirt\/","title":{"rendered":"T-shirt d&#039;astronaute personnalis\u00e9 \u2013 T-shirt scientifique extraterrestre personnalis\u00e9 pour lui"},"content":{"rendered":"<p>Pr\u00e9sentation de notre <strong>T-shirt d&#039;astronaute personnalis\u00e9<\/strong> \u2013 une toile cosmique d&#039;individualit\u00e9 et d&#039;exploration, con\u00e7ue pour ceux qui nourrissent une fascination pour l&#039;espace et l&#039;inconnu. Disponible en mod\u00e8les unisexes \u00e0 manches longues et \u00e0 manches courtes, cette cr\u00e9ation innovante transforme votre photo en un portrait vectoriel captivant qui vous plonge au c\u0153ur d&#039;un paysage surnaturel, tel un astronaute intr\u00e9pide. Ce t-shirt personnalis\u00e9 va au-del\u00e0 du simple v\u00eatement\u00a0; il incarne l&#039;inspiration, ce qui en fait un cadeau exceptionnel pour les personnes fascin\u00e9es par les merveilles de l&#039;espace et de la science. Con\u00e7us pour plaire \u00e0 tous les \u00e2ges, des adultes aux adolescents, en passant par les enfants et les tout-petits, ces t-shirts rendent hommage aux esprits curieux et \u00e0 l&#039;exploration sans limites qui nourrit la curiosit\u00e9 scientifique. Nos artisans qualifi\u00e9s exploitent la puissance cr\u00e9ative d&#039;Adobe Illustrator et d&#039;Adobe Photoshop pour cr\u00e9er des designs qui stimulent l&#039;imagination et \u00e9veillent la passion pour la d\u00e9couverte cosmique. Gr\u00e2ce \u00e0 la technologie d&#039;impression DTG avanc\u00e9e, chaque t-shirt devient une toile pour des illustrations vectorielles de haute qualit\u00e9 qui capturent l&#039;essence de vos r\u00eaves inspir\u00e9s par l&#039;espace. Au c\u0153ur de ce design se trouve la personnalisation, vous permettant d&#039;int\u00e9grer votre visage \u2013 et m\u00eame celui de vos animaux de compagnie ador\u00e9s \u2013 pour cr\u00e9er un v\u00eatement v\u00e9ritablement unique. Ces t-shirts sont plus que de simples v\u00eatements\u00a0; ils t\u00e9moignent de votre perspective unique, de vos aspirations et de votre d\u00e9sir d&#039;explorer au-del\u00e0 des limites. D\u00e9couvrez notre gamme de mod\u00e8les similaires, chacun racontant une histoire unique, et laissez votre tenue incarner votre admiration pour les astronautes, l&#039;\u00e9nigme du cosmos et la qu\u00eate du savoir.<\/p>","protected":false},"excerpt":{"rendered":"<p>D\u00e9collez avec une chemise astronaute personnalis\u00e9e. Le t-shirt personnalis\u00e9 Alien Science pour lui transforme n'importe quelle photo en un t-shirt personnalis\u00e9 amusant sur le th\u00e8me de l'espace.<\/p>","protected":false},"featured_media":142489,"comment_status":"open","ping_status":"closed","template":"","meta":{"_acf_changed":false},"product_brand":[],"product_cat":[6195,157,248,186,6341,6412,219,1045,6428],"product_tag":[6433,249,6216,6442],"class_list":{"0":"post-20417","1":"product","2":"type-product","3":"status-publish","4":"has-post-thumbnail","6":"product_cat-t-shirts-men","7":"product_cat-best-sellers","8":"product_cat-custom-gifts-astronauts","9":"product_cat-men","10":"product_cat-mens-profession-t-shirts","11":"product_cat-photo-to-tees","12":"product_cat-profession","13":"product_cat-retirement","14":"product_cat-translate-products","15":"product_tag-ai-artwork","16":"product_tag-astronaut-tees","17":"product_tag-mens-custom-t-shirts","18":"product_tag-top-artwork","20":"first","21":"instock","22":"taxable","23":"shipping-taxable","24":"purchasable","25":"product-type-simple"},"acf":[],"wcpa_form_fields":null,"_links":{"self":[{"href":"https:\/\/www.customywear.com\/fr\/wp-json\/wp\/v2\/product\/20417","targetHints":{"allow":["GET"]}}],"collection":[{"href":"https:\/\/www.customywear.com\/fr\/wp-json\/wp\/v2\/product"}],"about":[{"href":"https:\/\/www.customywear.com\/fr\/wp-json\/wp\/v2\/types\/product"}],"replies":[{"embeddable":true,"href":"https:\/\/www.customywear.com\/fr\/wp-json\/wp\/v2\/comments?post=20417"}],"wp:featuredmedia":[{"embeddable":true,"href":"https:\/\/www.customywear.com\/fr\/wp-json\/wp\/v2\/media\/142489"}],"wp:attachment":[{"href":"https:\/\/www.customywear.com\/fr\/wp-json\/wp\/v2\/media?parent=20417"}],"wp:term":[{"taxonomy":"product_brand","embeddable":true,"href":"https:\/\/www.customywear.com\/fr\/wp-json\/wp\/v2\/product_brand?post=20417"},{"taxonomy":"product_cat","embeddable":true,"href":"https:\/\/www.customywear.com\/fr\/wp-json\/wp\/v2\/product_cat?post=20417"},{"taxonomy":"product_tag","embeddable":true,"href":"https:\/\/www.customywear.com\/fr\/wp-json\/wp\/v2\/product_tag?post=20417"}],"curies":[{"name":"wp","href":"https:\/\/api.w.org\/{rel}","templated":true}]}}