{"id":20485,"date":"2023-07-28T13:36:13","date_gmt":"2023-07-28T13:36:13","guid":{"rendered":"https:\/\/www.customywear.com\/?post_type=product&#038;p=20485"},"modified":"2026-05-05T20:24:12","modified_gmt":"2026-05-05T20:24:12","slug":"chemise-homme-des-cavernes-personnalisee-pour-homme","status":"publish","type":"product","link":"https:\/\/www.customywear.com\/fr\/custom-caveman-shirt-for-men\/","title":{"rendered":"Transformez votre photo en t-shirt homme des cavernes personnalis\u00e9 pour homme \u2013 T-shirt personnalis\u00e9"},"content":{"rendered":"<p>Entrez dans l&#039;\u00e8re du rire et de l&#039;unicit\u00e9 avec notre <em>Transformez votre photo en chemise homme des cavernes personnalis\u00e9e pour homme<\/em>Notre alchimie cr\u00e9ative transforme votre photo en un portrait vectoriel captivant, vous transportant dans le r\u00f4le d&#039;un homme des cavernes avec une touche d&#039;humour. Ce t-shirt personnalis\u00e9 n&#039;est pas qu&#039;un simple v\u00eatement : c&#039;est l&#039;incarnation du plaisir et de l&#039;individualit\u00e9, le cadeau id\u00e9al pour vous-m\u00eame ou vos proches. Stimulez votre imagination : nous allions technologie et cr\u00e9ativit\u00e9 pour donner vie \u00e0 votre vision. Gr\u00e2ce aux prouesses artistiques d&#039;Adobe Illustrator et d&#039;Adobe Photoshop, nous cr\u00e9ons des motifs complexes qui \u00e9voquent l&#039;esprit de l&#039;\u00e9poque des cavernes. Gr\u00e2ce \u00e0 une technologie d&#039;impression DTG de pointe, chaque d\u00e9tail de l&#039;illustration vectorielle de haute qualit\u00e9 est captur\u00e9, garantissant \u00e0 votre t-shirt personnalis\u00e9 un chef-d&#039;\u0153uvre artisanal. Disponible pour adultes, adolescents, enfants et tout-petits, ce mod\u00e8le unisexe relie les g\u00e9n\u00e9rations par son charme. C\u00e9l\u00e9brez l&#039;essence intemporelle de la camaraderie \u00e0 travers la mode. Notre <em>Transformez votre photo en chemise homme des cavernes personnalis\u00e9e pour homme<\/em> vous invite \u00e0 exprimer votre c\u00f4t\u00e9 homme des cavernes, de mani\u00e8re ludique et l\u00e9g\u00e8re. Chaque trait du design s&#039;adresse aux jeunes et aux moins jeunes, pr\u00e9servant ainsi la singularit\u00e9 de chaque personnalit\u00e9. Des rires des enfants aux pr\u00e9f\u00e9rences stylistiques des adultes, ce t-shirt personnalis\u00e9 est une toile d&#039;expression personnelle qui traverse les g\u00e9n\u00e9rations. Offrez-vous un voyage de cr\u00e9ativit\u00e9 et de joie, tout en portant fi\u00e8rement votre histoire. Vivez le frisson de la transformation et de l&#039;individualit\u00e9 avec notre <em>Chemise homme des cavernes personnalis\u00e9e pour homme<\/em>Ce t-shirt personnalis\u00e9 vous emm\u00e8ne dans un voyage dans le pass\u00e9, o\u00f9 l&#039;humour rencontre l&#039;histoire, et o\u00f9 le rire partag\u00e9 transcende les \u00e2ges. Ce n&#039;est pas qu&#039;un simple t-shirt\u00a0; c&#039;est un symbole d&#039;expression personnelle qui s&#039;adresse \u00e0 tous, des tout-petits aux adultes, nous rappelant que m\u00eame \u00e0 l&#039;\u00e8re moderne, l&#039;esprit de l&#039;homme des cavernes perdure.<\/p>","protected":false},"excerpt":{"rendered":"<p>Donnez vie \u00e0 l'histoire avec une chemise d'homme des cavernes personnalis\u00e9e pour les hommes. Le t-shirt personnalis\u00e9 transforme n'importe quelle photo en un t-shirt d'inspiration antique unique en son genre.<\/p>","protected":false},"featured_media":142595,"comment_status":"open","ping_status":"closed","template":"","meta":{"_acf_changed":false},"product_brand":[],"product_cat":[6195,6157,6156,691,186,6412,6428],"product_tag":[6433,561,6216,6219,6220],"class_list":{"0":"post-20485","1":"product","2":"type-product","3":"status-publish","4":"has-post-thumbnail","6":"product_cat-t-shirts-men","7":"product_cat-country","8":"product_cat-culture","9":"product_cat-custom-gifts-caveman","10":"product_cat-men","11":"product_cat-photo-to-tees","12":"product_cat-translate-products","13":"product_tag-ai-artwork","14":"product_tag-camping_shirt","15":"product_tag-mens-custom-t-shirts","16":"product_tag-order-custom-shirts","17":"product_tag-t-shirt-printing-near-me","19":"first","20":"instock","21":"taxable","22":"shipping-taxable","23":"purchasable","24":"product-type-simple"},"acf":[],"wcpa_form_fields":null,"_links":{"self":[{"href":"https:\/\/www.customywear.com\/fr\/wp-json\/wp\/v2\/product\/20485","targetHints":{"allow":["GET"]}}],"collection":[{"href":"https:\/\/www.customywear.com\/fr\/wp-json\/wp\/v2\/product"}],"about":[{"href":"https:\/\/www.customywear.com\/fr\/wp-json\/wp\/v2\/types\/product"}],"replies":[{"embeddable":true,"href":"https:\/\/www.customywear.com\/fr\/wp-json\/wp\/v2\/comments?post=20485"}],"wp:featuredmedia":[{"embeddable":true,"href":"https:\/\/www.customywear.com\/fr\/wp-json\/wp\/v2\/media\/142595"}],"wp:attachment":[{"href":"https:\/\/www.customywear.com\/fr\/wp-json\/wp\/v2\/media?parent=20485"}],"wp:term":[{"taxonomy":"product_brand","embeddable":true,"href":"https:\/\/www.customywear.com\/fr\/wp-json\/wp\/v2\/product_brand?post=20485"},{"taxonomy":"product_cat","embeddable":true,"href":"https:\/\/www.customywear.com\/fr\/wp-json\/wp\/v2\/product_cat?post=20485"},{"taxonomy":"product_tag","embeddable":true,"href":"https:\/\/www.customywear.com\/fr\/wp-json\/wp\/v2\/product_tag?post=20485"}],"curies":[{"name":"wp","href":"https:\/\/api.w.org\/{rel}","templated":true}]}}