{"id":20496,"date":"2023-07-28T13:36:31","date_gmt":"2023-07-28T13:36:31","guid":{"rendered":"https:\/\/www.customywear.com\/?post_type=product&#038;p=20496"},"modified":"2026-05-07T15:29:56","modified_gmt":"2026-05-07T15:29:56","slug":"t-shirt-chinois-personnalise-pour-fille-cadeau-pour-jeune-fille","status":"publish","type":"product","link":"https:\/\/www.customywear.com\/fr\/custom-chinese-girl-shirt-youngsters-gift\/","title":{"rendered":"T-shirt personnalis\u00e9 pour fille chinoise | Cadeau personnalis\u00e9 pour enfant"},"content":{"rendered":"<p>Sublimez le style de votre enfant avec notre \u00ab\u00a0T-shirt personnalis\u00e9 pour fille chinoise\u00a0\u00bb, un m\u00e9lange harmonieux de culture et de personnalisation con\u00e7u pour ravir les plus jeunes. Laissez-vous charmer par la transformation minutieuse de la photo de votre enfant en un portrait vectoriel captivant, la repr\u00e9sentant v\u00eatue d&#039;un charmant v\u00eatement traditionnel chinois. Ce t-shirt personnalis\u00e9 n&#039;est pas qu&#039;un simple v\u00eatement\u00a0; c&#039;est un support cr\u00e9atif et un cadeau sinc\u00e8re qui ravira enfants et parents. Con\u00e7us pour la vitalit\u00e9 de la jeunesse, nos t-shirts \u00e0 manches courtes et longues allient harmonieusement tradition et esth\u00e9tique contemporaine. Nos designers exp\u00e9riment\u00e9s utilisent Adobe Illustrator et Adobe Photoshop pour donner vie \u00e0 chaque mod\u00e8le, cr\u00e9ant des visuels complexes qui plairont aux petits comme aux grands. Gr\u00e2ce \u00e0 une technologie d&#039;impression DTG de pointe, nous garantissons la long\u00e9vit\u00e9 de votre chef-d&#039;\u0153uvre personnalis\u00e9, con\u00e7u pour un confort unisexe et disponible pour tous les \u00e2ges, des tout-petits aux adultes. Adoptez le pouvoir de la mode unisexe qui unit les g\u00e9n\u00e9rations. Lancez-vous dans un voyage de personnalisation en int\u00e9grant le visage de votre enfant, voire celui de vos animaux de compagnie. Plus que de simples v\u00eatements, ces t-shirts sont des souvenirs vivants, capturant la fantaisie et l&#039;innocence de l&#039;enfance. Admirez la pr\u00e9cision de nos illustrations vectorielles de haute qualit\u00e9, saisissant avec brio l&#039;esprit de tradition et d&#039;individualit\u00e9. Sublimez la garde-robe de votre enfant avec ce t-shirt personnalis\u00e9 pour fille chinoise\u00a0: o\u00f9 culture, personnalisation et exub\u00e9rance juv\u00e9nile se conjuguent pour cr\u00e9er un chef-d&#039;\u0153uvre portable, \u00e0 la fois familial et ludique.<\/p>","protected":false},"excerpt":{"rendered":"<p>Delight youngsters with a Custom Chinese Girl Shirt. The Personalized Youngster&#8217;s Gift Tee turns any photo into a fun, one-of-a-kind t-shirt.<\/p>","protected":false},"featured_media":142637,"comment_status":"open","ping_status":"closed","template":"","meta":{"_acf_changed":false},"product_brand":[],"product_cat":[6193,703,6412,6428],"product_tag":[6433,6439,65,156],"class_list":{"0":"post-20496","1":"product","2":"type-product","3":"status-publish","4":"has-post-thumbnail","6":"product_cat-girls-t-shirts","7":"product_cat-custom-gifts-chinese-tradition","8":"product_cat-photo-to-tees","9":"product_cat-translate-products","10":"product_tag-ai-artwork","11":"product_tag-ai-kids-artwork","12":"product_tag-kid","13":"product_tag-youth-girl","15":"first","16":"instock","17":"taxable","18":"shipping-taxable","19":"purchasable","20":"product-type-simple"},"acf":[],"wcpa_form_fields":null,"_links":{"self":[{"href":"https:\/\/www.customywear.com\/fr\/wp-json\/wp\/v2\/product\/20496","targetHints":{"allow":["GET"]}}],"collection":[{"href":"https:\/\/www.customywear.com\/fr\/wp-json\/wp\/v2\/product"}],"about":[{"href":"https:\/\/www.customywear.com\/fr\/wp-json\/wp\/v2\/types\/product"}],"replies":[{"embeddable":true,"href":"https:\/\/www.customywear.com\/fr\/wp-json\/wp\/v2\/comments?post=20496"}],"wp:featuredmedia":[{"embeddable":true,"href":"https:\/\/www.customywear.com\/fr\/wp-json\/wp\/v2\/media\/142637"}],"wp:attachment":[{"href":"https:\/\/www.customywear.com\/fr\/wp-json\/wp\/v2\/media?parent=20496"}],"wp:term":[{"taxonomy":"product_brand","embeddable":true,"href":"https:\/\/www.customywear.com\/fr\/wp-json\/wp\/v2\/product_brand?post=20496"},{"taxonomy":"product_cat","embeddable":true,"href":"https:\/\/www.customywear.com\/fr\/wp-json\/wp\/v2\/product_cat?post=20496"},{"taxonomy":"product_tag","embeddable":true,"href":"https:\/\/www.customywear.com\/fr\/wp-json\/wp\/v2\/product_tag?post=20496"}],"curies":[{"name":"wp","href":"https:\/\/api.w.org\/{rel}","templated":true}]}}