{"id":20642,"date":"2023-07-28T13:38:54","date_gmt":"2023-07-28T13:38:54","guid":{"rendered":"https:\/\/www.customywear.com\/?post_type=product&#038;p=20642"},"modified":"2026-05-05T20:23:35","modified_gmt":"2026-05-05T20:23:35","slug":"chemise-personnalisee-pour-femme-pompier","status":"publish","type":"product","link":"https:\/\/www.customywear.com\/fr\/personalized-firefighter-wife-shirt\/","title":{"rendered":"T-shirt personnalis\u00e9 \u00ab\u00a0Femme de pompier\u00a0\u00bb \u2013 T-shirt personnalis\u00e9 \u00ab\u00a0Femme de pompier\u00a0\u00bb"},"content":{"rendered":"<p>C\u00e9l\u00e9brez la force et le d\u00e9vouement ind\u00e9fectibles des femmes de pompiers avec notre t-shirt personnalis\u00e9 \u00ab\u00a0Femme de pompier\u00a0\u00bb, un hommage saisissant aux h\u00e9ros silencieux derri\u00e8re les h\u00e9ros. Gr\u00e2ce \u00e0 la magie de l&#039;art, nous transformons votre photo en un portrait vectoriel captivant qui vous repr\u00e9sente comme la partenaire bien-aim\u00e9e d&#039;un pompier intr\u00e9pide. Ce t-shirt unisexe personnalis\u00e9 \u00e0 manches longues et courtes n&#039;est pas un simple v\u00eatement\u00a0; c&#039;est un symbole de fiert\u00e9 et de reconnaissance, le cadeau id\u00e9al pour les femmes de pompiers, pour t\u00e9moigner de leur gratitude ou exprimer leur admiration pour la communaut\u00e9 des pompiers. Gr\u00e2ce \u00e0 l&#039;ing\u00e9niosit\u00e9 d&#039;Adobe Illustrator et d&#039;Adobe Photoshop, nous cr\u00e9ons m\u00e9ticuleusement chaque d\u00e9tail de votre photo, capturant l&#039;essence de votre esprit et de votre d\u00e9vouement. Gr\u00e2ce \u00e0 l&#039;impression DTG de pointe, nous imprimons parfaitement ces magnifiques illustrations vectorielles sur le tissu, cr\u00e9ant ainsi un chef-d&#039;\u0153uvre portable enchanteur et \u00e9loquent. Disponible pour adultes, adolescents, enfants et tout-petits, ce t-shirt unisexe polyvalent capture l&#039;essence de l&#039;amour et du soutien partag\u00e9s au sein de la famille des pompiers. Enrichissez encore davantage votre lien en int\u00e9grant les photos de vos animaux de compagnie ch\u00e9ris, transformant ce souvenir portable en symbole personnalis\u00e9 de votre parcours unique. Notre gamme diversifi\u00e9e de mod\u00e8les similaires offre un \u00e9ventail de th\u00e8mes et d&#039;\u00e9motions, garantissant un ajustement parfait \u00e0 l&#039;histoire de chaque femme de pompier. Le T-shirt personnalis\u00e9 Femme de Pompier est un hommage \u00e0 l&#039;amour ind\u00e9fectible, une toile pour des souvenirs pr\u00e9cieux et un hommage durable au courage des pompiers, le tout dans l&#039;univers intemporel des v\u00eatements personnalis\u00e9s.<\/p>","protected":false},"excerpt":{"rendered":"<p>C\u00e9l\u00e9brez le service avec une chemise de femme de pompier personnalis\u00e9e. Le t-shirt personnalis\u00e9 Fireman Wifey transforme n'importe quelle photo en un t-shirt unique et personnalis\u00e9.<\/p>","protected":false},"featured_media":142747,"comment_status":"open","ping_status":"closed","template":"","meta":{"_acf_changed":false},"product_brand":[],"product_cat":[6191,1856,6412,219,1045,6428,75,6354],"product_tag":[6433,1859,352,238,1106,112],"class_list":{"0":"post-20642","1":"product","2":"type-product","3":"status-publish","4":"has-post-thumbnail","6":"product_cat-t-shirts-women","7":"product_cat-custom-gifts-firefighters","8":"product_cat-photo-to-tees","9":"product_cat-profession","10":"product_cat-retirement","11":"product_cat-translate-products","12":"product_cat-women","13":"product_cat-womens-profession-t-shirts","14":"product_tag-ai-artwork","15":"product_tag-firefighter_shirt","16":"product_tag-honeymoon_shirt","17":"product_tag-profession","18":"product_tag-retirement","19":"product_tag-women","21":"first","22":"instock","23":"taxable","24":"shipping-taxable","25":"purchasable","26":"product-type-simple"},"acf":[],"wcpa_form_fields":null,"_links":{"self":[{"href":"https:\/\/www.customywear.com\/fr\/wp-json\/wp\/v2\/product\/20642","targetHints":{"allow":["GET"]}}],"collection":[{"href":"https:\/\/www.customywear.com\/fr\/wp-json\/wp\/v2\/product"}],"about":[{"href":"https:\/\/www.customywear.com\/fr\/wp-json\/wp\/v2\/types\/product"}],"replies":[{"embeddable":true,"href":"https:\/\/www.customywear.com\/fr\/wp-json\/wp\/v2\/comments?post=20642"}],"wp:featuredmedia":[{"embeddable":true,"href":"https:\/\/www.customywear.com\/fr\/wp-json\/wp\/v2\/media\/142747"}],"wp:attachment":[{"href":"https:\/\/www.customywear.com\/fr\/wp-json\/wp\/v2\/media?parent=20642"}],"wp:term":[{"taxonomy":"product_brand","embeddable":true,"href":"https:\/\/www.customywear.com\/fr\/wp-json\/wp\/v2\/product_brand?post=20642"},{"taxonomy":"product_cat","embeddable":true,"href":"https:\/\/www.customywear.com\/fr\/wp-json\/wp\/v2\/product_cat?post=20642"},{"taxonomy":"product_tag","embeddable":true,"href":"https:\/\/www.customywear.com\/fr\/wp-json\/wp\/v2\/product_tag?post=20642"}],"curies":[{"name":"wp","href":"https:\/\/api.w.org\/{rel}","templated":true}]}}