{"id":20646,"date":"2023-07-28T13:38:57","date_gmt":"2023-07-28T13:38:57","guid":{"rendered":"https:\/\/www.customywear.com\/?post_type=product&#038;p=20646"},"modified":"2026-05-07T15:29:56","modified_gmt":"2026-05-07T15:29:56","slug":"t-shirt-personnalise-pour-jeune-pompier","status":"publish","type":"product","link":"https:\/\/www.customywear.com\/fr\/personalized-firefighter-youth-tee\/","title":{"rendered":"T-shirt pompier personnalis\u00e9 pour jeune \u2013 Transformez votre photo en t-shirt pompier personnalis\u00e9"},"content":{"rendered":"<p>Sublimez le style de votre petit h\u00e9ros avec notre t-shirt personnalis\u00e9 Pompier pour enfant, un m\u00e9lange captivant d&#039;imagination et d&#039;art. Nos experts en design cr\u00e9ent avec brio un portrait vectoriel de haute qualit\u00e9 \u00e0 partir de la photo de votre enfant, le transformant ainsi en un pompier courageux. Ce t-shirt personnalis\u00e9 est non seulement une source d&#039;inspiration, mais c\u00e9l\u00e8bre \u00e9galement l&#039;esprit de bravoure de la jeunesse. Id\u00e9al pour tous les \u00e2ges, des adultes aux tout-petits, notre t-shirt personnalis\u00e9 Pompier est un chef-d&#039;\u0153uvre n\u00e9 de la synergie des expertises d&#039;Adobe Illustrator et d&#039;Adobe Photoshop. Le r\u00e9sultat est une \u0153uvre d&#039;art dynamique, imprim\u00e9e en DTG, pleine de vitalit\u00e9. Au-del\u00e0 de son design captivant, notre t-shirt offre un confort et une polyvalence optimaux, disponible en coupe unisexe. Que ce soit pour votre grande s\u0153ur, un jeune passionn\u00e9 de pompiers ou un tout-petit, ce chef-d&#039;\u0153uvre personnalis\u00e9 est un cadeau pr\u00e9cieux qui laissera une trace ind\u00e9l\u00e9bile. D\u00e9couvrez un monde o\u00f9 les photos prennent vie et deviennent des \u0153uvres d&#039;art \u00e0 porter, et nous vous invitons \u00e0 explorer notre gamme vari\u00e9e de mod\u00e8les. Faites votre choix parmi une multitude d&#039;options, chacune t\u00e9moignant de la fusion de la cr\u00e9ativit\u00e9 et du savoir-faire. Des plus petits aux plus grands, cette collection de t-shirts personnalis\u00e9s suscite un sentiment d&#039;unit\u00e9 et d&#039;individualit\u00e9, favorisant un go\u00fbt commun pour l&#039;expression personnelle. Offrez et recevez avec bonheur\u00a0: chaque t-shirt devient une toile de souvenirs pr\u00e9cieux, promettant de susciter des conversations et d&#039;inspirer pour les ann\u00e9es \u00e0 venir.<\/p>","protected":false},"excerpt":{"rendered":"<p>C\u00e9l\u00e9brez la bravoure avec un t-shirt personnalis\u00e9 pour les pompiers. Transformez votre photo en un t-shirt unique en son genre.<\/p>","protected":false},"featured_media":142761,"comment_status":"open","ping_status":"closed","template":"","meta":{"_acf_changed":false},"product_brand":[],"product_cat":[6193,1856,6412,6428,58],"product_tag":[6433,6439,1859],"class_list":{"0":"post-20646","1":"product","2":"type-product","3":"status-publish","4":"has-post-thumbnail","6":"product_cat-girls-t-shirts","7":"product_cat-custom-gifts-firefighters","8":"product_cat-photo-to-tees","9":"product_cat-translate-products","10":"product_cat-youth-kids","11":"product_tag-ai-artwork","12":"product_tag-ai-kids-artwork","13":"product_tag-firefighter_shirt","15":"first","16":"instock","17":"taxable","18":"shipping-taxable","19":"purchasable","20":"product-type-simple"},"acf":[],"wcpa_form_fields":null,"_links":{"self":[{"href":"https:\/\/www.customywear.com\/fr\/wp-json\/wp\/v2\/product\/20646","targetHints":{"allow":["GET"]}}],"collection":[{"href":"https:\/\/www.customywear.com\/fr\/wp-json\/wp\/v2\/product"}],"about":[{"href":"https:\/\/www.customywear.com\/fr\/wp-json\/wp\/v2\/types\/product"}],"replies":[{"embeddable":true,"href":"https:\/\/www.customywear.com\/fr\/wp-json\/wp\/v2\/comments?post=20646"}],"wp:featuredmedia":[{"embeddable":true,"href":"https:\/\/www.customywear.com\/fr\/wp-json\/wp\/v2\/media\/142761"}],"wp:attachment":[{"href":"https:\/\/www.customywear.com\/fr\/wp-json\/wp\/v2\/media?parent=20646"}],"wp:term":[{"taxonomy":"product_brand","embeddable":true,"href":"https:\/\/www.customywear.com\/fr\/wp-json\/wp\/v2\/product_brand?post=20646"},{"taxonomy":"product_cat","embeddable":true,"href":"https:\/\/www.customywear.com\/fr\/wp-json\/wp\/v2\/product_cat?post=20646"},{"taxonomy":"product_tag","embeddable":true,"href":"https:\/\/www.customywear.com\/fr\/wp-json\/wp\/v2\/product_tag?post=20646"}],"curies":[{"name":"wp","href":"https:\/\/api.w.org\/{rel}","templated":true}]}}