{"id":20679,"date":"2023-07-28T13:39:32","date_gmt":"2023-07-28T13:39:32","guid":{"rendered":"https:\/\/www.customywear.com\/?post_type=product&#038;p=20679"},"modified":"2026-05-05T20:24:11","modified_gmt":"2026-05-05T20:24:11","slug":"t-shirts-de-sport-personnalises-vintage-muscle","status":"publish","type":"product","link":"https:\/\/www.customywear.com\/fr\/personalized-gym-shirts-vintage-muscle\/","title":{"rendered":"T-shirts de sport personnalis\u00e9s \u2013 T-shirt d&#039;entra\u00eenement musculaire vintage avec votre photo"},"content":{"rendered":"<p>Sublimez votre tenue de sport avec nos t-shirts de sport personnalis\u00e9s, une fusion harmonieuse d&#039;esth\u00e9tique vintage et de style personnalis\u00e9. En nous inspirant de votre photo, nous cr\u00e9ons un portrait vectoriel dynamique qui vous transforme en ic\u00f4ne muscl\u00e9e, mettant en valeur votre passion pour l&#039;entra\u00eenement avec halt\u00e8res. Ce t-shirt photo personnalis\u00e9 rend hommage aux passionn\u00e9s de musculation et aux passionn\u00e9s de salle de sport. Il est le compagnon d&#039;entra\u00eenement id\u00e9al et un cadeau attentionn\u00e9 pour tous ceux qui appr\u00e9cient l&#039;art du fitness.<\/p>\n<p>Gr\u00e2ce \u00e0 la puissance cr\u00e9ative d&#039;Adobe Illustrator et d&#039;Adobe Photoshop, nous cr\u00e9ons avec minutie des illustrations vectorielles de haute qualit\u00e9 qui capturent l&#039;essence m\u00eame de l&#039;inspiration vintage. Notre technique d&#039;impression DTG avanc\u00e9e garantit des motifs durables et \u00e9clatants sur des t-shirts unisexes \u00e0 manches longues et courtes, destin\u00e9s aux adultes, aux adolescents, aux enfants et aux tout-petits. Laissez-vous s\u00e9duire par la personnalisation et impr\u00e9gnez chaque motif du charme des visages humains et animaux, cr\u00e9ant ainsi une d\u00e9claration de fitness unique et inspirante.<\/p>\n<p>D\u00e9couvrez l&#039;harmonie du charme vintage et de la personnalisation moderne gr\u00e2ce \u00e0 notre large gamme de mod\u00e8les inspir\u00e9s de la salle de sport, t\u00e9moignant chacun de votre engagement pour votre parcours fitness. Ces t-shirts d&#039;entra\u00eenement personnalis\u00e9s vont au-del\u00e0 des v\u00eatements ordinaires\u00a0: ils incarnent votre passion pour le fitness et motivent les autres \u00e0 se lancer dans leurs propres aventures bien-\u00eatre. Que vous pratiquiez la musculation, la salle de sport ou les aventures en plein air, laissez votre t-shirt de sport personnalis\u00e9 refl\u00e9ter votre engagement pour la sant\u00e9 et portez une \u0153uvre d&#039;art qui raconte votre parcours fitness unique.<\/p>","protected":false},"excerpt":{"rendered":"<p>C\u00e9l\u00e9brez la force vintage avec des chemises de gym personnalis\u00e9es. Muscle Workout Tees transforme n'importe quelle photo en un t-shirt audacieux d'inspiration r\u00e9tro.<\/p>","protected":false},"featured_media":143247,"comment_status":"open","ping_status":"closed","template":"","meta":{"_acf_changed":false},"product_brand":[],"product_cat":[6195,526,186,6337,6412,6428],"product_tag":[6433,6217,6165,546,6216],"class_list":{"0":"post-20679","1":"product","2":"type-product","3":"status-publish","4":"has-post-thumbnail","6":"product_cat-t-shirts-men","7":"product_cat-gym-shirts","8":"product_cat-men","9":"product_cat-mens-gym-t-shirts","10":"product_cat-photo-to-tees","11":"product_cat-translate-products","12":"product_tag-ai-artwork","13":"product_tag-custom-t-shirt","14":"product_tag-custom-gym-tees","15":"product_tag-gym","16":"product_tag-mens-custom-t-shirts","18":"first","19":"instock","20":"taxable","21":"shipping-taxable","22":"purchasable","23":"product-type-simple"},"acf":[],"wcpa_form_fields":null,"_links":{"self":[{"href":"https:\/\/www.customywear.com\/fr\/wp-json\/wp\/v2\/product\/20679","targetHints":{"allow":["GET"]}}],"collection":[{"href":"https:\/\/www.customywear.com\/fr\/wp-json\/wp\/v2\/product"}],"about":[{"href":"https:\/\/www.customywear.com\/fr\/wp-json\/wp\/v2\/types\/product"}],"replies":[{"embeddable":true,"href":"https:\/\/www.customywear.com\/fr\/wp-json\/wp\/v2\/comments?post=20679"}],"wp:featuredmedia":[{"embeddable":true,"href":"https:\/\/www.customywear.com\/fr\/wp-json\/wp\/v2\/media\/143247"}],"wp:attachment":[{"href":"https:\/\/www.customywear.com\/fr\/wp-json\/wp\/v2\/media?parent=20679"}],"wp:term":[{"taxonomy":"product_brand","embeddable":true,"href":"https:\/\/www.customywear.com\/fr\/wp-json\/wp\/v2\/product_brand?post=20679"},{"taxonomy":"product_cat","embeddable":true,"href":"https:\/\/www.customywear.com\/fr\/wp-json\/wp\/v2\/product_cat?post=20679"},{"taxonomy":"product_tag","embeddable":true,"href":"https:\/\/www.customywear.com\/fr\/wp-json\/wp\/v2\/product_tag?post=20679"}],"curies":[{"name":"wp","href":"https:\/\/api.w.org\/{rel}","templated":true}]}}