{"id":20724,"date":"2023-07-28T13:40:09","date_gmt":"2023-07-28T13:40:09","guid":{"rendered":"https:\/\/www.customywear.com\/?post_type=product&#038;p=20724"},"modified":"2026-05-13T19:50:35","modified_gmt":"2026-05-13T19:50:35","slug":"t-shirts-personnalises-pour-couples-coreens","status":"publish","type":"product","link":"https:\/\/www.customywear.com\/fr\/custom-korean-couples-tees\/","title":{"rendered":"Chemises cor\u00e9ennes personnalis\u00e9es pour couples \u2013 Cadeau traditionnel cor\u00e9en personnalis\u00e9"},"content":{"rendered":"<p>Plongez dans la beaut\u00e9 culturelle avec nos t-shirts cor\u00e9ens personnalis\u00e9s pour couples, v\u00e9ritables tr\u00e9sors qui rendent hommage au charme des traditions cor\u00e9ennes. Vos photos sont transform\u00e9es avec brio en portraits vectoriels captivants gr\u00e2ce \u00e0 Adobe Illustrator, vous repr\u00e9sentant, vous et votre partenaire, v\u00eatus de magnifiques tenues traditionnelles cor\u00e9ennes. Ce t-shirt personnalis\u00e9 est le cadeau id\u00e9al pour ceux qui s&#039;ouvrent \u00e0 la diversit\u00e9 culturelle. Il constitue un choix judicieux pour les meilleurs amis, les passionn\u00e9s de Cor\u00e9e ou toute personne fascin\u00e9e par le charme de la Cor\u00e9e. Notre processus de cr\u00e9ation implique une attention m\u00e9ticuleuse aux d\u00e9tails, utilisant Adobe Illustrator et Adobe Photoshop pour cr\u00e9er un v\u00e9ritable chef-d&#039;\u0153uvre. Gr\u00e2ce \u00e0 l&#039;impression DTG de pointe, ces t-shirts pr\u00e9sentent des illustrations vectorielles de haute qualit\u00e9, visuellement \u00e9poustouflantes et con\u00e7ues pour durer. Disponibles pour adultes, adolescents, enfants et tout-petits, ces mod\u00e8les s&#039;adressent \u00e0 tous les \u00e2ges et garantissent un ajustement parfait pour chaque passionn\u00e9 de culture. Lib\u00e9rez votre potentiel de personnalisation en ajoutant des visages humains et animaux de compagnie. Notre collection propose une vari\u00e9t\u00e9 de motifs, chacun refl\u00e9tant l&#039;essence m\u00eame de l&#039;appr\u00e9ciation culturelle et des int\u00e9r\u00eats communs. C\u00e9l\u00e9brez vos amiti\u00e9s, marquez des occasions sp\u00e9ciales ou exprimez simplement votre amour pour la beaut\u00e9 des traditions cor\u00e9ennes avec une \u0153uvre d&#039;art portable qui refl\u00e8te votre parcours unique. Offrez des t-shirts personnalis\u00e9s qui c\u00e9l\u00e8brent la diversit\u00e9, l&#039;h\u00e9ritage et la beaut\u00e9 de l&#039;ouverture aux autres cultures.<\/p>","protected":false},"excerpt":{"rendered":"<p>C\u00e9l\u00e9brez l'h\u00e9ritage cor\u00e9en avec des chemises de couples cor\u00e9ennes personnalis\u00e9es. Les cadeaux traditionnels cor\u00e9ens personnalis\u00e9s transforment vos photos en t-shirts uniques et assortis.<\/p>","protected":false},"featured_media":143923,"comment_status":"open","ping_status":"closed","template":"","meta":{"_acf_changed":false},"product_brand":[],"product_cat":[6197,6368,2421,6412,6428],"product_tag":[6440,2422,352,2345,968],"class_list":{"0":"post-20724","1":"product","2":"type-product","3":"status-publish","4":"has-post-thumbnail","6":"product_cat-t-shirts-couple","7":"product_cat-couples-culture-country-t-shirts","8":"product_cat-custom-gifts-korean-culture","9":"product_cat-photo-to-tees","10":"product_cat-translate-products","11":"product_tag-ai-artwork-couple","12":"product_tag-custom-arts-korean","13":"product_tag-honeymoon_shirt","14":"product_tag-kpop_shirt","15":"product_tag-mr_and_mrs_shirt","17":"first","18":"instock","19":"taxable","20":"shipping-taxable","21":"purchasable","22":"product-type-simple"},"acf":[],"wcpa_form_fields":null,"_links":{"self":[{"href":"https:\/\/www.customywear.com\/fr\/wp-json\/wp\/v2\/product\/20724","targetHints":{"allow":["GET"]}}],"collection":[{"href":"https:\/\/www.customywear.com\/fr\/wp-json\/wp\/v2\/product"}],"about":[{"href":"https:\/\/www.customywear.com\/fr\/wp-json\/wp\/v2\/types\/product"}],"replies":[{"embeddable":true,"href":"https:\/\/www.customywear.com\/fr\/wp-json\/wp\/v2\/comments?post=20724"}],"wp:featuredmedia":[{"embeddable":true,"href":"https:\/\/www.customywear.com\/fr\/wp-json\/wp\/v2\/media\/143923"}],"wp:attachment":[{"href":"https:\/\/www.customywear.com\/fr\/wp-json\/wp\/v2\/media?parent=20724"}],"wp:term":[{"taxonomy":"product_brand","embeddable":true,"href":"https:\/\/www.customywear.com\/fr\/wp-json\/wp\/v2\/product_brand?post=20724"},{"taxonomy":"product_cat","embeddable":true,"href":"https:\/\/www.customywear.com\/fr\/wp-json\/wp\/v2\/product_cat?post=20724"},{"taxonomy":"product_tag","embeddable":true,"href":"https:\/\/www.customywear.com\/fr\/wp-json\/wp\/v2\/product_tag?post=20724"}],"curies":[{"name":"wp","href":"https:\/\/api.w.org\/{rel}","templated":true}]}}