{"id":20749,"date":"2023-07-28T13:40:36","date_gmt":"2023-07-28T13:40:36","guid":{"rendered":"https:\/\/www.customywear.com\/?post_type=product&#038;p=20749"},"modified":"2026-05-05T20:24:11","modified_gmt":"2026-05-05T20:24:11","slug":"t-shirt-personnalise-avec-portrait-de-batteur","status":"publish","type":"product","link":"https:\/\/www.customywear.com\/fr\/custom-drummer-portrait-tee\/","title":{"rendered":"T-shirt personnalis\u00e9 avec portrait de batteur | T-shirt personnalis\u00e9 avec portrait de musicien"},"content":{"rendered":"<p>Rehaussez votre style et affichez votre passion pour la musique avec notre superbe t-shirt personnalis\u00e9 avec portrait de batteur. Con\u00e7u \u00e0 la perfection, ce t-shirt unisexe \u00e0 manches longues et courtes capture l&#039;essence de la batterie \u00e0 travers un superbe portrait vectoriel, r\u00e9alis\u00e9 \u00e0 partir de votre photo pr\u00e9f\u00e9r\u00e9e. Que vous soyez un musicien chevronn\u00e9, un professeur de musique d\u00e9vou\u00e9 ou simplement un amoureux du rythme, ce t-shirt personnalis\u00e9 t\u00e9moigne de votre passion pour la musique. Vivez la magie du design personnalis\u00e9\u00a0: nous transformons votre photo en un batteur impressionnant. Ce t-shirt unique est le cadeau id\u00e9al pour les passionn\u00e9s de batterie de tous \u00e2ges, des adultes aux jeunes, en passant par les enfants et les tout-petits. Impr\u00e9gnez-vous du rythme et du groove avec un design qui refl\u00e8te votre identit\u00e9 musicale. Plongez dans les moindres d\u00e9tails, r\u00e9alis\u00e9s par nos designers experts qui utilisent des outils de pointe tels qu&#039;Adobe Illustrator et Adobe Photoshop. Le r\u00e9sultat\u00a0? Un chef-d&#039;\u0153uvre vectoriel de haute qualit\u00e9, aussi unique que vous. Ce t-shirt personnalis\u00e9 n&#039;est pas qu&#039;un simple v\u00eatement, c&#039;est un v\u00e9ritable chef-d&#039;\u0153uvre. C&#039;est une v\u00e9ritable toile d&#039;expression. Personnalisable avec un visage humain ou animal, il vous permet de vous l&#039;approprier pleinement. Ne manquez pas l&#039;occasion de poss\u00e9der une \u0153uvre d&#039;art portable qui s&#039;harmonise parfaitement avec votre parcours musical. Explorez d\u00e8s aujourd&#039;hui le monde des possibilit\u00e9s de personnalisation\u00a0!<\/p>","protected":false},"excerpt":{"rendered":"<p>Rock out avec un t-shirt de portrait de batteur personnalis\u00e9. Le t-shirt de musicien personnalis\u00e9 transforme n'importe quelle photo en un t-shirt unique sur le th\u00e8me de la musique.<\/p>","protected":false},"featured_media":142684,"comment_status":"open","ping_status":"closed","template":"","meta":{"_acf_changed":false},"product_brand":[],"product_cat":[6195,1577,186,6340,1582,6412,6428],"product_tag":[6433,1578,6216,1583,1580],"class_list":{"0":"post-20749","1":"product","2":"type-product","3":"status-publish","4":"has-post-thumbnail","6":"product_cat-t-shirts-men","7":"product_cat-custom-gifts-drummers","8":"product_cat-men","9":"product_cat-mens-music-t-shirts","10":"product_cat-music","11":"product_cat-photo-to-tees","12":"product_cat-translate-products","13":"product_tag-ai-artwork","14":"product_tag-gift_for_drummer","15":"product_tag-mens-custom-t-shirts","16":"product_tag-music","17":"product_tag-music_teacher_shirt","19":"first","20":"instock","21":"taxable","22":"shipping-taxable","23":"purchasable","24":"product-type-simple"},"acf":[],"wcpa_form_fields":null,"_links":{"self":[{"href":"https:\/\/www.customywear.com\/fr\/wp-json\/wp\/v2\/product\/20749","targetHints":{"allow":["GET"]}}],"collection":[{"href":"https:\/\/www.customywear.com\/fr\/wp-json\/wp\/v2\/product"}],"about":[{"href":"https:\/\/www.customywear.com\/fr\/wp-json\/wp\/v2\/types\/product"}],"replies":[{"embeddable":true,"href":"https:\/\/www.customywear.com\/fr\/wp-json\/wp\/v2\/comments?post=20749"}],"wp:featuredmedia":[{"embeddable":true,"href":"https:\/\/www.customywear.com\/fr\/wp-json\/wp\/v2\/media\/142684"}],"wp:attachment":[{"href":"https:\/\/www.customywear.com\/fr\/wp-json\/wp\/v2\/media?parent=20749"}],"wp:term":[{"taxonomy":"product_brand","embeddable":true,"href":"https:\/\/www.customywear.com\/fr\/wp-json\/wp\/v2\/product_brand?post=20749"},{"taxonomy":"product_cat","embeddable":true,"href":"https:\/\/www.customywear.com\/fr\/wp-json\/wp\/v2\/product_cat?post=20749"},{"taxonomy":"product_tag","embeddable":true,"href":"https:\/\/www.customywear.com\/fr\/wp-json\/wp\/v2\/product_tag?post=20749"}],"curies":[{"name":"wp","href":"https:\/\/api.w.org\/{rel}","templated":true}]}}