{"id":20762,"date":"2023-07-28T13:40:45","date_gmt":"2023-07-28T13:40:45","guid":{"rendered":"https:\/\/www.customywear.com\/?post_type=product&#038;p=20762"},"modified":"2026-05-05T20:24:10","modified_gmt":"2026-05-05T20:24:10","slug":"chemise-sirene-personnalisee-pour-lui","status":"publish","type":"product","link":"https:\/\/www.customywear.com\/fr\/custom-mermaid-shirt-for-him\/","title":{"rendered":"Capturez votre amour sous les vagues\u00a0: T-shirt sir\u00e8ne personnalis\u00e9 pour lui"},"content":{"rendered":"<p>Lib\u00e9rez une vague de romance avec notre <strong>Capturez votre amour sous les vagues\u00a0: T-shirt sir\u00e8ne personnalis\u00e9 pour lui<\/strong>. \u200d\u2642\ufe0f Plongez dans un monde fantastique alors que nous vous expliquons avec brio <strong>transformez vos photos en portraits vectoriels captivants<\/strong>Vous repr\u00e9sentant, vous et votre bien-aim\u00e9(e), comme des sir\u00e8nes dansant sous la surface de l&#039;oc\u00e9an. Ce t-shirt personnalis\u00e9 est un cadeau touchant pour les passionn\u00e9s de l&#039;oc\u00e9an, capturant l&#039;essence de votre connexion avec des d\u00e9tails artistiques. Nos artisans qualifi\u00e9s ma\u00eetrisent la magie d&#039;Adobe Illustrator et d&#039;Adobe Photoshop pour donner vie \u00e0 votre vision avec minutie. Le r\u00e9sultat\u00a0? Un <strong>art vectoriel de haute qualit\u00e9<\/strong> Un chef-d&#039;\u0153uvre, soigneusement imprim\u00e9 gr\u00e2ce \u00e0 la technologie DTG avanc\u00e9e. Vives et intemporelles, ces couleurs refl\u00e8tent la beaut\u00e9 de la mer. D\u00e9couvrez le charme de nos t-shirts personnalis\u00e9s unisexes, con\u00e7us pour tous les \u00e2ges, des adultes aux tout-petits. Un m\u00e9lange harmonieux de style et de confort garantit un ajustement parfait pour chaque membre de votre famille, y compris vos compagnons \u00e0 quatre pattes. Notre collection propose une gamme de motifs captivants, chacun r\u00e9alis\u00e9 avec le m\u00eame souci de cr\u00e9ativit\u00e9 et de pr\u00e9cision. Pourquoi choisir notre t-shirt sir\u00e8ne personnalis\u00e9 \u00ab\u00a0Capture Your Love Under the Waves\u00a0\u00bb pour lui\u00a0? <strong>Romance personnalis\u00e9e :<\/strong> Transportez-vous et votre partenaire dans un royaume sous-marin, votre histoire d&#039;amour repr\u00e9sent\u00e9e par des compagnes sir\u00e8nes sous les vagues. <strong>L&#039;art r\u00e9invent\u00e9 :<\/strong> Nos artisans utilisent des outils de conception de premier ordre pour capturer l&#039;essence de votre connexion, cr\u00e9ant ainsi des \u0153uvres d&#039;art vectorielles complexes de haute qualit\u00e9. <strong>Vibrance \u00e9ternelle :<\/strong> L&#039;impression DTG garantit que les couleurs restent vives et durables, refl\u00e9tant l&#039;attrait intemporel de l&#039;oc\u00e9an. <strong>Un attrait intemporel :<\/strong> Con\u00e7us pour tous les \u00e2ges, nos t-shirts unisexes offrent un m\u00e9lange harmonieux de confort et de style, refl\u00e9tant la magie durable de l&#039;amour. <strong>Liens pr\u00e9cieux :<\/strong> Des relations humaines \u00e0 la connexion pr\u00e9cieuse avec vos animaux de compagnie ador\u00e9s, nos cr\u00e9ations incarnent l&#039;essentiel. Laissez-vous s\u00e9duire par la magie de l&#039;art personnalis\u00e9 avec notre t-shirt sir\u00e8ne personnalis\u00e9 \u00ab\u00a0Capturez votre amour sous les vagues\u00a0\u00bb pour lui. Sublimez votre garde-robe avec la magie de la mer et c\u00e9l\u00e9brez votre lien avec un style unique. Plongez dans notre collection captivante et laissez votre tenue devenir la toile de vos \u00e9motions les plus profondes. Commencez votre voyage personnalis\u00e9 d\u00e8s aujourd&#039;hui.<\/p>","protected":false},"excerpt":{"rendered":"<p>Capturez votre amour sous les vagues avec une chemise de sir\u00e8ne personnalis\u00e9e pour lui. Les t-shirts personnalis\u00e9s transforment n'importe quelle photo en un souvenir unique d'inspiration oc\u00e9anique.<\/p>","protected":false},"featured_media":142990,"comment_status":"open","ping_status":"closed","template":"","meta":{"_acf_changed":false},"product_brand":[],"product_cat":[6195,1615,186,6343,6412,6428],"product_tag":[6433,1616,352,6216,1617,1618,2457],"class_list":{"0":"post-20762","1":"product","2":"type-product","3":"status-publish","4":"has-post-thumbnail","6":"product_cat-t-shirts-men","7":"product_cat-custom-gifts-mermaid","8":"product_cat-men","9":"product_cat-mens-anniversary-t-shirts","10":"product_cat-photo-to-tees","11":"product_cat-translate-products","12":"product_tag-ai-artwork","13":"product_tag-custom-arts-mermaid","14":"product_tag-honeymoon_shirt","15":"product_tag-mens-custom-t-shirts","16":"product_tag-mermaid_gifts","17":"product_tag-mermaid_shirt","18":"product_tag-ocean_shirt","20":"first","21":"instock","22":"taxable","23":"shipping-taxable","24":"purchasable","25":"product-type-simple"},"acf":[],"wcpa_form_fields":null,"_links":{"self":[{"href":"https:\/\/www.customywear.com\/fr\/wp-json\/wp\/v2\/product\/20762","targetHints":{"allow":["GET"]}}],"collection":[{"href":"https:\/\/www.customywear.com\/fr\/wp-json\/wp\/v2\/product"}],"about":[{"href":"https:\/\/www.customywear.com\/fr\/wp-json\/wp\/v2\/types\/product"}],"replies":[{"embeddable":true,"href":"https:\/\/www.customywear.com\/fr\/wp-json\/wp\/v2\/comments?post=20762"}],"wp:featuredmedia":[{"embeddable":true,"href":"https:\/\/www.customywear.com\/fr\/wp-json\/wp\/v2\/media\/142990"}],"wp:attachment":[{"href":"https:\/\/www.customywear.com\/fr\/wp-json\/wp\/v2\/media?parent=20762"}],"wp:term":[{"taxonomy":"product_brand","embeddable":true,"href":"https:\/\/www.customywear.com\/fr\/wp-json\/wp\/v2\/product_brand?post=20762"},{"taxonomy":"product_cat","embeddable":true,"href":"https:\/\/www.customywear.com\/fr\/wp-json\/wp\/v2\/product_cat?post=20762"},{"taxonomy":"product_tag","embeddable":true,"href":"https:\/\/www.customywear.com\/fr\/wp-json\/wp\/v2\/product_tag?post=20762"}],"curies":[{"name":"wp","href":"https:\/\/api.w.org\/{rel}","templated":true}]}}