{"id":20888,"date":"2023-07-28T13:42:41","date_gmt":"2023-07-28T13:42:41","guid":{"rendered":"https:\/\/www.customywear.com\/?post_type=product&#038;p=20888"},"modified":"2026-05-13T19:50:34","modified_gmt":"2026-05-13T19:50:34","slug":"chemises-de-course-personnalisees-pour-couples","status":"publish","type":"product","link":"https:\/\/www.customywear.com\/fr\/custom-running-couples-shirts\/","title":{"rendered":"Personnalis\u00e9 L&#039;Ex\u00e9cution De Couples Shirts | S\u00e9ance D&#039;Entra\u00eenement Personnalis\u00e9e De Cadeau"},"content":{"rendered":"<p>Avancez vers la forme et l&#039;unit\u00e9 avec nos t-shirts de course personnalis\u00e9s pour couples \u200d\u2642\ufe0f ! Transformez vos moments captur\u00e9s en \u0153uvres d&#039;art dynamiques pendant que vous et votre partenaire sprintez c\u00f4te \u00e0 c\u00f4te, anim\u00e9es par des portraits vectoriels m\u00e9ticuleusement r\u00e9alis\u00e9s. Nos artistes qualifi\u00e9s utilisent la magie cr\u00e9ative d&#039;Adobe Illustrator et d&#039;Adobe Photoshop pour encapsuler votre d\u00e9termination dans un design motivant et inspirant. Ce t-shirt personnalis\u00e9 exceptionnel n&#039;est pas seulement un v\u00eatement ; c&#039;est une c\u00e9l\u00e9bration sinc\u00e8re de la sant\u00e9 et de l&#039;unit\u00e9. Partagez la magie de votre lien avec un design adapt\u00e9 \u00e0 votre histoire, vous repr\u00e9sentant, vous et votre partenaire, comme un duo dynamique sur la voie du bien-\u00eatre. Points forts du produit : \ufe0f Artiste vectoriel magistral : Vos photos se transforment en chefs-d&#039;\u0153uvre vectoriels captivants. Confort unisexe : Profitez d&#039;un style et d&#039;un confort adapt\u00e9s \u00e0 tous les \u00e2ges et \u00e0 tous les sexes. Animaux de compagnie inclus : Ajoutez une touche adorable en mettant en vedette vos compagnons \u00e0 quatre pattes. \ufe0f Impression DTG de pr\u00e9cision : Profitez d&#039;impressions vives et durables capturant chaque d\u00e9tail. Attrait pour tous les \u00e2ges\u00a0: Des tout-petits aux adultes, nos tailles s&#039;adaptent \u00e0 chaque membre de la famille. Savoir-faire haut de gamme\u00a0: B\u00e9n\u00e9ficiez d&#039;une qualit\u00e9 irr\u00e9prochable, de la conception \u00e0 la r\u00e9alisation. Cr\u00e9ativit\u00e9 infinie\u00a0: Explorez d&#039;autres designs captivants au sein de notre collection diversifi\u00e9e. C\u00e9l\u00e9brez les \u00e9tapes importantes de votre forme physique, les anniversaires, ou surprenez votre partenaire avec un cadeau alliant motivation et affection. Que ce soit pour comm\u00e9morer une occasion sp\u00e9ciale, offrir un cadeau \u00e0 un passionn\u00e9 de fitness ou simplement adopter un mode de vie sain ensemble, nos t-shirts de course personnalis\u00e9s pour couples sont le choix id\u00e9al. Partagez des sourires, suscitez des conversations et affichez fi\u00e8rement votre lien unique alors que vous progressez vers la sant\u00e9 et le bonheur. Ce n&#039;est pas qu&#039;un simple t-shirt\u00a0; c&#039;est le symbole de votre parcours de remise en forme commun, pr\u00eat \u00e0 \u00eatre port\u00e9 et ch\u00e9ri par tous\u00a0!<\/p>","protected":false},"excerpt":{"rendered":"<p>Courir ensemble dans des chemises de couples en cours d'ex\u00e9cution personnalis\u00e9es. Les cadeaux d'entra\u00eenement personnalis\u00e9s transforment vos photos en t-shirts uniques en leur genre.<\/p>","protected":false},"featured_media":143963,"comment_status":"open","ping_status":"closed","template":"","meta":{"_acf_changed":false},"product_brand":[],"product_cat":[6197,6365,6369,3004,6412,6428],"product_tag":[6440,3005,1025,546,2213,1827],"class_list":{"0":"post-20888","1":"product","2":"type-product","3":"status-publish","4":"has-post-thumbnail","6":"product_cat-t-shirts-couple","7":"product_cat-couples-sports-t-shirts","8":"product_cat-couples-summer-t-shirts","9":"product_cat-custom-gifts-running-and-jogging","10":"product_cat-photo-to-tees","11":"product_cat-translate-products","12":"product_tag-ai-artwork-couple","13":"product_tag-custom-arts-running-jogging","14":"product_tag-funny_couples_shirts","15":"product_tag-gym","16":"product_tag-gym_gifts","17":"product_tag-workout_shirt","19":"first","20":"instock","21":"taxable","22":"shipping-taxable","23":"purchasable","24":"product-type-simple"},"acf":[],"wcpa_form_fields":null,"_links":{"self":[{"href":"https:\/\/www.customywear.com\/fr\/wp-json\/wp\/v2\/product\/20888","targetHints":{"allow":["GET"]}}],"collection":[{"href":"https:\/\/www.customywear.com\/fr\/wp-json\/wp\/v2\/product"}],"about":[{"href":"https:\/\/www.customywear.com\/fr\/wp-json\/wp\/v2\/types\/product"}],"replies":[{"embeddable":true,"href":"https:\/\/www.customywear.com\/fr\/wp-json\/wp\/v2\/comments?post=20888"}],"wp:featuredmedia":[{"embeddable":true,"href":"https:\/\/www.customywear.com\/fr\/wp-json\/wp\/v2\/media\/143963"}],"wp:attachment":[{"href":"https:\/\/www.customywear.com\/fr\/wp-json\/wp\/v2\/media?parent=20888"}],"wp:term":[{"taxonomy":"product_brand","embeddable":true,"href":"https:\/\/www.customywear.com\/fr\/wp-json\/wp\/v2\/product_brand?post=20888"},{"taxonomy":"product_cat","embeddable":true,"href":"https:\/\/www.customywear.com\/fr\/wp-json\/wp\/v2\/product_cat?post=20888"},{"taxonomy":"product_tag","embeddable":true,"href":"https:\/\/www.customywear.com\/fr\/wp-json\/wp\/v2\/product_tag?post=20888"}],"curies":[{"name":"wp","href":"https:\/\/api.w.org\/{rel}","templated":true}]}}