{"id":21035,"date":"2023-07-28T13:44:46","date_gmt":"2023-07-28T13:44:46","guid":{"rendered":"https:\/\/www.customywear.com\/?post_type=product&#038;p=21035"},"modified":"2026-05-05T20:23:32","modified_gmt":"2026-05-05T20:23:32","slug":"t-shirt-de-yoga-personnalise-pour-femme","status":"publish","type":"product","link":"https:\/\/www.customywear.com\/fr\/personalized-yoga-shirt-women\/","title":{"rendered":"T-shirt de yoga personnalis\u00e9 pour femme | T-shirt avec illustration de yoga personnalis\u00e9e"},"content":{"rendered":"<p>Entrez dans un monde de s\u00e9r\u00e9nit\u00e9 et d&#039;expression personnelle avec notre t-shirt de yoga personnalis\u00e9 pour femme. \u00c0 partir de votre photo, nos artistes talentueux cr\u00e9eront une superbe illustration de vous en train de pratiquer le yoga, entour\u00e9e par la beaut\u00e9 sereine des ailes de papillon et des montagnes majestueuses. Ce t-shirt de yoga personnalis\u00e9 met en valeur votre passion pour le yoga et c\u00e9l\u00e8bre votre connexion avec la nature, ce qui en fait une pi\u00e8ce unique qui refl\u00e8te votre paix int\u00e9rieure et votre pleine conscience.<\/p>\n<p>Confectionn\u00e9 avec le plus grand soin et une attention particuli\u00e8re aux d\u00e9tails, notre t-shirt de yoga personnalis\u00e9 est le cadeau id\u00e9al pour les passionn\u00e9s de yoga et de fitness. Profitez du pouvoir de l&#039;expression personnelle gr\u00e2ce \u00e0 la possibilit\u00e9 d&#039;ajouter un visage humain ou animal, faisant de ce t-shirt un souvenir r\u00e9confortant qui refl\u00e8te votre essence et votre amour du yoga. Que vous soyez un pratiquant passionn\u00e9 ou un d\u00e9butant, ce t-shirt unisexe de haute qualit\u00e9 garantit confort et style pour tous les \u00e2ges, adultes, adolescents, enfants et tout-petits. Laissez notre \u00e9quipe d&#039;artistes talentueux donner vie \u00e0 vos r\u00eaves de yoga, d&#039;une simple photo \u00e0 une illustration \u00e9poustouflante, et propulsez votre pratique du yoga vers de nouveaux sommets avec notre t-shirt de yoga personnalis\u00e9 pour femme. Namast\u00e9.<\/p>","protected":false},"excerpt":{"rendered":"<p>\u00c9tirez-vous avec style avec une chemise de yoga personnalis\u00e9e pour les femmes. Les t-shirts d'illustration de yoga personnalis\u00e9s transforment les photos en t-shirts paisibles et uniques.<\/p>","protected":false},"featured_media":143226,"comment_status":"open","ping_status":"closed","template":"","meta":{"_acf_changed":false},"product_brand":[],"product_cat":[6191,6412,6428,6362,6248],"product_tag":[6214,6433,229,576,6215],"class_list":{"0":"post-21035","1":"product","2":"type-product","3":"status-publish","4":"has-post-thumbnail","6":"product_cat-t-shirts-women","7":"product_cat-photo-to-tees","8":"product_cat-translate-products","9":"product_cat-womens-yoga-t-shirts","10":"product_cat-yoga-gifts","11":"product_tag-affordable-custom-t-shirts","12":"product_tag-ai-artwork","13":"product_tag-custom-tee-shirts","14":"product_tag-cute-yoga-shirts","15":"product_tag-screen-printing-near-me","17":"first","18":"instock","19":"taxable","20":"shipping-taxable","21":"purchasable","22":"product-type-simple"},"acf":[],"wcpa_form_fields":null,"_links":{"self":[{"href":"https:\/\/www.customywear.com\/fr\/wp-json\/wp\/v2\/product\/21035","targetHints":{"allow":["GET"]}}],"collection":[{"href":"https:\/\/www.customywear.com\/fr\/wp-json\/wp\/v2\/product"}],"about":[{"href":"https:\/\/www.customywear.com\/fr\/wp-json\/wp\/v2\/types\/product"}],"replies":[{"embeddable":true,"href":"https:\/\/www.customywear.com\/fr\/wp-json\/wp\/v2\/comments?post=21035"}],"wp:featuredmedia":[{"embeddable":true,"href":"https:\/\/www.customywear.com\/fr\/wp-json\/wp\/v2\/media\/143226"}],"wp:attachment":[{"href":"https:\/\/www.customywear.com\/fr\/wp-json\/wp\/v2\/media?parent=21035"}],"wp:term":[{"taxonomy":"product_brand","embeddable":true,"href":"https:\/\/www.customywear.com\/fr\/wp-json\/wp\/v2\/product_brand?post=21035"},{"taxonomy":"product_cat","embeddable":true,"href":"https:\/\/www.customywear.com\/fr\/wp-json\/wp\/v2\/product_cat?post=21035"},{"taxonomy":"product_tag","embeddable":true,"href":"https:\/\/www.customywear.com\/fr\/wp-json\/wp\/v2\/product_tag?post=21035"}],"curies":[{"name":"wp","href":"https:\/\/api.w.org\/{rel}","templated":true}]}}