{"id":21124,"date":"2023-07-28T13:45:54","date_gmt":"2023-07-28T13:45:54","guid":{"rendered":"https:\/\/www.customywear.com\/?post_type=product&#038;p=21124"},"modified":"2026-05-07T15:29:52","modified_gmt":"2026-05-07T15:29:52","slug":"t-shirt-batteur","status":"publish","type":"product","link":"https:\/\/www.customywear.com\/fr\/drummer-boy-t-shirt\/","title":{"rendered":"T-shirt personnalis\u00e9 \u00ab\u00a0Batteur\u00a0\u00bb | Transformez votre photo en t-shirt musical personnalis\u00e9"},"content":{"rendered":"<p>Pr\u00e9parez-vous \u00e0 faire vibrer la sc\u00e8ne avec notre t-shirt cr\u00e9atif \u00e0 manches courtes et longues pour enfant ! En utilisant la photo de votre enfant, nos talentueux artistes la transformeront en un motif vectoriel \u00e9clatant qui lui donnera l&#039;apparence d&#039;un batteur, jouant avec passion et \u00e9nergie. Ce t-shirt musical personnalis\u00e9 est le cadeau id\u00e9al pour les petits passionn\u00e9s de musique et qui aiment le rythme ! Gr\u00e2ce \u00e0 la puissance d&#039;Adobe Illustrator et d&#039;Adobe Photoshop, nous cr\u00e9erons avec soin un design de haute qualit\u00e9 qui refl\u00e8te l&#039;amour de votre enfant pour la musique. Notre technologie d&#039;impression DTG garantit une impression pr\u00e9cise et durable. Ces t-shirts sont disponibles en version unisexe, convenant aux adultes, aux adolescents, aux enfants et m\u00eame aux tout-petits qui souhaitent rejoindre le groupe ! Personnalisez votre t-shirt en ajoutant le visage de l&#039;animal de compagnie de votre enfant ou de tout autre membre de la famille. Une touche de personnalisation pour un cadeau inoubliable. Commander est simple : t\u00e9l\u00e9chargez simplement votre photo et nous nous occupons du reste. Si vous avez des questions ou besoin d&#039;aide, notre service client est l\u00e0 pour vous aider. Pr\u00e9parez-vous \u00e0 plonger dans l&#039;univers de la musique avec ce t-shirt personnalis\u00e9 pour batteur\u00a0! Commandez d\u00e8s maintenant et laissez la passion et le talent de votre enfant s&#039;exprimer \u00e0 travers son nouveau t-shirt pr\u00e9f\u00e9r\u00e9.<\/p>","protected":false},"excerpt":{"rendered":"<p>Rock out avec un t-shirt batteur personnalis\u00e9. Transformez votre photo en un t-shirt personnalis\u00e9 pour un t-shirt unique en son genre.<\/p>","protected":false},"featured_media":142698,"comment_status":"open","ping_status":"closed","template":"","meta":{"_acf_changed":false},"product_brand":[],"product_cat":[6189,1577,1582,6412,6428],"product_tag":[6433,6439,1578,65,73],"class_list":{"0":"post-21124","1":"product","2":"type-product","3":"status-publish","4":"has-post-thumbnail","6":"product_cat-boys-t-shirts","7":"product_cat-custom-gifts-drummers","8":"product_cat-music","9":"product_cat-photo-to-tees","10":"product_cat-translate-products","11":"product_tag-ai-artwork","12":"product_tag-ai-kids-artwork","13":"product_tag-gift_for_drummer","14":"product_tag-kid","15":"product_tag-youth-boy","17":"first","18":"instock","19":"taxable","20":"shipping-taxable","21":"purchasable","22":"product-type-simple"},"acf":[],"wcpa_form_fields":null,"_links":{"self":[{"href":"https:\/\/www.customywear.com\/fr\/wp-json\/wp\/v2\/product\/21124","targetHints":{"allow":["GET"]}}],"collection":[{"href":"https:\/\/www.customywear.com\/fr\/wp-json\/wp\/v2\/product"}],"about":[{"href":"https:\/\/www.customywear.com\/fr\/wp-json\/wp\/v2\/types\/product"}],"replies":[{"embeddable":true,"href":"https:\/\/www.customywear.com\/fr\/wp-json\/wp\/v2\/comments?post=21124"}],"wp:featuredmedia":[{"embeddable":true,"href":"https:\/\/www.customywear.com\/fr\/wp-json\/wp\/v2\/media\/142698"}],"wp:attachment":[{"href":"https:\/\/www.customywear.com\/fr\/wp-json\/wp\/v2\/media?parent=21124"}],"wp:term":[{"taxonomy":"product_brand","embeddable":true,"href":"https:\/\/www.customywear.com\/fr\/wp-json\/wp\/v2\/product_brand?post=21124"},{"taxonomy":"product_cat","embeddable":true,"href":"https:\/\/www.customywear.com\/fr\/wp-json\/wp\/v2\/product_cat?post=21124"},{"taxonomy":"product_tag","embeddable":true,"href":"https:\/\/www.customywear.com\/fr\/wp-json\/wp\/v2\/product_tag?post=21124"}],"curies":[{"name":"wp","href":"https:\/\/api.w.org\/{rel}","templated":true}]}}