{"id":21125,"date":"2023-07-28T13:45:54","date_gmt":"2023-07-28T13:45:54","guid":{"rendered":"https:\/\/www.customywear.com\/?post_type=product&#038;p=21125"},"modified":"2026-05-07T15:29:52","modified_gmt":"2026-05-07T15:29:52","slug":"chemise-personnalisee-de-batteuse","status":"publish","type":"product","link":"https:\/\/www.customywear.com\/fr\/personalized-drummer-girl-shirt\/","title":{"rendered":"T-shirt personnalis\u00e9 pour fille batteuse \u2013 T-shirt rock&#039;n&#039;roll personnalis\u00e9 pour enfant"},"content":{"rendered":"<p>Allumez la passion de votre enfant pour la musique avec notre captivant <em>T-shirt personnalis\u00e9 de batteuse<\/em>Plongez-la dans le rythme du rock&#039;n&#039;roll gr\u00e2ce \u00e0 la transformation de sa photo en une \u0153uvre vectorielle dynamique gr\u00e2ce \u00e0 Adobe Illustrator, capturant l&#039;essence d&#039;une jeune batteuse immerg\u00e9e dans la musique. Ce t-shirt personnalis\u00e9 est un cadeau harmonieux et inspirant pour les musiciens en herbe qui vivent au rythme de leur propre tambour. Notre processus de cr\u00e9ation m\u00e9ticuleux garantit une attention aux d\u00e9tails et une expression cr\u00e9ative, gr\u00e2ce \u00e0 la puissance d&#039;Adobe Photoshop et de la technologie d&#039;impression DTG. Le r\u00e9sultat est un t-shirt unisexe vibrant et de haute qualit\u00e9, con\u00e7u pour les jeunes, les enfants et les tout-petits, permettant \u00e0 votre enfant de se d\u00e9marquer avec style. Laissez sa cr\u00e9ativit\u00e9 prendre le dessus et affichez sa passion pour la musique dans sa tenue unique et personnalis\u00e9e sur le th\u00e8me de la batteuse. Rendez son cadeau inoubliable en personnalisant le motif avec les visages de son choix, que ce soit le sien ou celui de son animal de compagnie. Plongez dans l&#039;univers de la musique et du rythme avec une pi\u00e8ce sur mesure qui c\u00e9l\u00e8bre son individualit\u00e9. Qu&#039;elle s&#039;entra\u00eene sur ses rythmes ou qu&#039;elle se contente de danser sur ses morceaux pr\u00e9f\u00e9r\u00e9s, ce t-shirt lui rappelle constamment le pouvoir de l&#039;expression personnelle et de la cr\u00e9ativit\u00e9. D\u00e9couvrez plus de mod\u00e8les et amplifiez son amour pour la musique \u00e0 chaque fois que vous le portez.<\/p>","protected":false},"excerpt":{"rendered":"<p>Donnez vie \u00e0 la musique avec une chemise de batteur personnalis\u00e9e. Les t-shirts pour enfants Rock N Roll personnalis\u00e9s transforment n'importe quelle photo en un t-shirt ludique et unique en son genre.<\/p>","protected":false},"featured_media":142705,"comment_status":"open","ping_status":"closed","template":"","meta":{"_acf_changed":false},"product_brand":[],"product_cat":[6193,1577,6412,6428],"product_tag":[6433,6439,1578,65,1583,156],"class_list":{"0":"post-21125","1":"product","2":"type-product","3":"status-publish","4":"has-post-thumbnail","6":"product_cat-girls-t-shirts","7":"product_cat-custom-gifts-drummers","8":"product_cat-photo-to-tees","9":"product_cat-translate-products","10":"product_tag-ai-artwork","11":"product_tag-ai-kids-artwork","12":"product_tag-gift_for_drummer","13":"product_tag-kid","14":"product_tag-music","15":"product_tag-youth-girl","17":"first","18":"instock","19":"taxable","20":"shipping-taxable","21":"purchasable","22":"product-type-simple"},"acf":[],"wcpa_form_fields":null,"_links":{"self":[{"href":"https:\/\/www.customywear.com\/fr\/wp-json\/wp\/v2\/product\/21125","targetHints":{"allow":["GET"]}}],"collection":[{"href":"https:\/\/www.customywear.com\/fr\/wp-json\/wp\/v2\/product"}],"about":[{"href":"https:\/\/www.customywear.com\/fr\/wp-json\/wp\/v2\/types\/product"}],"replies":[{"embeddable":true,"href":"https:\/\/www.customywear.com\/fr\/wp-json\/wp\/v2\/comments?post=21125"}],"wp:featuredmedia":[{"embeddable":true,"href":"https:\/\/www.customywear.com\/fr\/wp-json\/wp\/v2\/media\/142705"}],"wp:attachment":[{"href":"https:\/\/www.customywear.com\/fr\/wp-json\/wp\/v2\/media?parent=21125"}],"wp:term":[{"taxonomy":"product_brand","embeddable":true,"href":"https:\/\/www.customywear.com\/fr\/wp-json\/wp\/v2\/product_brand?post=21125"},{"taxonomy":"product_cat","embeddable":true,"href":"https:\/\/www.customywear.com\/fr\/wp-json\/wp\/v2\/product_cat?post=21125"},{"taxonomy":"product_tag","embeddable":true,"href":"https:\/\/www.customywear.com\/fr\/wp-json\/wp\/v2\/product_tag?post=21125"}],"curies":[{"name":"wp","href":"https:\/\/api.w.org\/{rel}","templated":true}]}}