{"id":21186,"date":"2023-07-28T13:46:37","date_gmt":"2023-07-28T13:46:37","guid":{"rendered":"https:\/\/www.customywear.com\/?post_type=product&#038;p=21186"},"modified":"2026-05-07T15:29:52","modified_gmt":"2026-05-07T15:29:52","slug":"t-shirt-personnalise-pour-amateur-de-golf","status":"publish","type":"product","link":"https:\/\/www.customywear.com\/fr\/custom-golf-lover-tshirt\/","title":{"rendered":"T-shirt personnalis\u00e9 pour golfeur | Photo sur t-shirt de sport personnalis\u00e9"},"content":{"rendered":"<p>Sublimez le style de votre enfant avec notre t-shirt personnalis\u00e9 \u00ab\u00a0Golf Lover\u00a0\u00bb. Regardez la photo de votre enfant se transformer en un portrait vectoriel captivant qui capture l&#039;essence de son amour pour les sports de plein air. Que votre enfant soit passionn\u00e9 de golf ou simplement actif, ce t-shirt est le moyen id\u00e9al d&#039;exprimer sa passion. Gr\u00e2ce \u00e0 la pr\u00e9cision d&#039;Adobe Illustrator et d&#039;Adobe Photoshop, nos designers qualifi\u00e9s cr\u00e9ent un rendu vectoriel de haute qualit\u00e9 de l&#039;image de votre choix. La technique d&#039;impression DTG de pointe garantit des couleurs durables et des d\u00e9tails complexes. Ce mod\u00e8le polyvalent et unisexe convient \u00e0 tous les \u00e2ges, des adultes aux adolescents, en passant par les enfants et m\u00eame les tout-petits. C\u00e9l\u00e9brez l&#039;esprit de la mode personnalis\u00e9e avec une touche artistique. Notre t-shirt personnalis\u00e9 \u00ab\u00a0Golf Lover\u00a0\u00bb est la toile id\u00e9ale pour immortaliser vos souvenirs. La gamme comprend une collection vari\u00e9e de mod\u00e8les, tous personnalisables avec des portraits de personnes et d&#039;animaux. D\u00e9couvrez le plaisir de l&#039;art \u00e0 porter et exprimez votre style unique avec ce t-shirt personnalis\u00e9 unique. <strong>Caract\u00e9ristiques principales :<\/strong><\/p>\n<ul>\n<li>Art vectoriel transformateur \u00e0 partir de votre photo<\/li>\n<li>Impression DTG pour une vitalit\u00e9 durable<\/li>\n<li>Design unisexe pour tous les \u00e2ges<\/li>\n<li>Personnalisable avec des portraits humains et d&#039;animaux<\/li>\n<li>Disponible pour les adultes, les jeunes, les enfants et les tout-petits<\/li>\n<\/ul>\n<p>Vivez l&#039;\u00e9motion de transformer vos moments en chefs-d&#039;\u0153uvre \u00e0 porter. Commandez d\u00e8s aujourd&#039;hui votre t-shirt personnalis\u00e9 \u00ab\u00a0Golf Lover\u00a0\u00bb et d\u00e9couvrez l&#039;art de l&#039;expression personnelle et des cadeaux personnalis\u00e9s.<\/p>","protected":false},"excerpt":{"rendered":"<p>Tee off avec style avec un t-shirt de golf personnalis\u00e9. PHOTO TO SPORT PERSONNALIS\u00c9E T-shirts de sport transformez n'importe quelle photo en un t-shirt sportif unique en son genre.<\/p>","protected":false},"featured_media":142789,"comment_status":"open","ping_status":"closed","template":"","meta":{"_acf_changed":false},"product_brand":[],"product_cat":[6193,933,6412,6428],"product_tag":[6433,6439,934,937,938,2075,65,67,326,105,156],"class_list":{"0":"post-21186","1":"product","2":"type-product","3":"status-publish","4":"has-post-thumbnail","6":"product_cat-girls-t-shirts","7":"product_cat-custom-gifts-golf-players","8":"product_cat-photo-to-tees","9":"product_cat-translate-products","10":"product_tag-ai-artwork","11":"product_tag-ai-kids-artwork","12":"product_tag-birthday_shirt","13":"product_tag-golf","14":"product_tag-golf_gifts","15":"product_tag-golf_shirt","16":"product_tag-kid","17":"product_tag-kids_birthday_shirt","18":"product_tag-sports","19":"product_tag-summer_shirt","20":"product_tag-youth-girl","22":"first","23":"instock","24":"taxable","25":"shipping-taxable","26":"purchasable","27":"product-type-simple"},"acf":[],"wcpa_form_fields":null,"_links":{"self":[{"href":"https:\/\/www.customywear.com\/fr\/wp-json\/wp\/v2\/product\/21186","targetHints":{"allow":["GET"]}}],"collection":[{"href":"https:\/\/www.customywear.com\/fr\/wp-json\/wp\/v2\/product"}],"about":[{"href":"https:\/\/www.customywear.com\/fr\/wp-json\/wp\/v2\/types\/product"}],"replies":[{"embeddable":true,"href":"https:\/\/www.customywear.com\/fr\/wp-json\/wp\/v2\/comments?post=21186"}],"wp:featuredmedia":[{"embeddable":true,"href":"https:\/\/www.customywear.com\/fr\/wp-json\/wp\/v2\/media\/142789"}],"wp:attachment":[{"href":"https:\/\/www.customywear.com\/fr\/wp-json\/wp\/v2\/media?parent=21186"}],"wp:term":[{"taxonomy":"product_brand","embeddable":true,"href":"https:\/\/www.customywear.com\/fr\/wp-json\/wp\/v2\/product_brand?post=21186"},{"taxonomy":"product_cat","embeddable":true,"href":"https:\/\/www.customywear.com\/fr\/wp-json\/wp\/v2\/product_cat?post=21186"},{"taxonomy":"product_tag","embeddable":true,"href":"https:\/\/www.customywear.com\/fr\/wp-json\/wp\/v2\/product_tag?post=21186"}],"curies":[{"name":"wp","href":"https:\/\/api.w.org\/{rel}","templated":true}]}}