{"id":21198,"date":"2023-07-28T13:46:45","date_gmt":"2023-07-28T13:46:45","guid":{"rendered":"https:\/\/www.customywear.com\/?post_type=product&#038;p=21198"},"modified":"2026-05-05T20:24:09","modified_gmt":"2026-05-05T20:24:09","slug":"t-shirt-dentrainement-de-gymnastique-personnalise-pour-homme","status":"publish","type":"product","link":"https:\/\/www.customywear.com\/fr\/custom-gymnastics-man-workout-t-shirt\/","title":{"rendered":"T-shirt d&#039;entra\u00eenement personnalis\u00e9 pour homme de gymnastique \u2013 T-shirt d&#039;exercice personnalis\u00e9"},"content":{"rendered":"<p>Boostez votre routine d&#039;entra\u00eenement avec notre t-shirt d&#039;entra\u00eenement personnalis\u00e9 unique pour homme gymnaste. Gr\u00e2ce \u00e0 Adobe Illustrator et Adobe Photoshop, nous transformerons votre photo en un visuel \u00e9poustouflant, vous pla\u00e7ant sur un fond de plage pittoresque, tandis que vous pratiquez des exercices revigorants. Ce t-shirt personnalis\u00e9 est fait sur mesure pour les sportifs, les habitu\u00e9s des salles de sport et ceux qui privil\u00e9gient un mode de vie actif.<\/p>\n<p>D\u00e9couvrez l&#039;alliance du style et du fitness avec notre t-shirt d&#039;entra\u00eenement personnalis\u00e9. Ce mod\u00e8le incarne l&#039;essence m\u00eame de votre passion pour le sport, ce qui en fait un cadeau id\u00e9al pour les hommes qui appr\u00e9cient l&#039;art du mouvement. Au-del\u00e0 de son utilit\u00e9 en salle de sport, c&#039;est une pi\u00e8ce polyvalente qui trouvera parfaitement sa place lors des anniversaires consacr\u00e9s au sport, des anniversaires d&#039;entra\u00eenement et bien plus encore.<\/p>\n<p>Nos t-shirts imprim\u00e9s en DTG b\u00e9n\u00e9ficient d&#039;une qualit\u00e9 artistique vectorielle exceptionnelle, garantissant des designs dynamiques et durables. Disponibles en mod\u00e8les unisexes, nos t-shirts s&#039;adressent aux adultes, aux jeunes, aux enfants et m\u00eame aux tout-petits. Personnalisez votre tenue de sport en int\u00e9grant des visages humains et animaux \u00e0 votre design, cr\u00e9ant ainsi une repr\u00e9sentation visuelle de votre passion pour le fitness. Explorez nos diff\u00e9rentes options et saisissez l&#039;occasion d&#039;afficher fi\u00e8rement votre engagement.<\/p>","protected":false},"excerpt":{"rendered":"<p>Entra\u00eenez-vous avec style avec un t-shirt d'entra\u00eenement de gymnastique personnalis\u00e9. Les t-shirts d'exercice personnalis\u00e9s transforment les photos en designs audacieux.<\/p>","protected":false},"featured_media":143254,"comment_status":"open","ping_status":"closed","template":"","meta":{"_acf_changed":false},"product_brand":[],"product_cat":[6195,526,186,6337,6339,6412,310,6428],"product_tag":[6433,6217,6165,546,6216,326],"class_list":{"0":"post-21198","1":"product","2":"type-product","3":"status-publish","4":"has-post-thumbnail","6":"product_cat-t-shirts-men","7":"product_cat-gym-shirts","8":"product_cat-men","9":"product_cat-mens-gym-t-shirts","10":"product_cat-mens-sports-t-shirts","11":"product_cat-photo-to-tees","12":"product_cat-sports-shirts","13":"product_cat-translate-products","14":"product_tag-ai-artwork","15":"product_tag-custom-t-shirt","16":"product_tag-custom-gym-tees","17":"product_tag-gym","18":"product_tag-mens-custom-t-shirts","19":"product_tag-sports","21":"first","22":"instock","23":"taxable","24":"shipping-taxable","25":"purchasable","26":"product-type-simple"},"acf":[],"wcpa_form_fields":null,"_links":{"self":[{"href":"https:\/\/www.customywear.com\/fr\/wp-json\/wp\/v2\/product\/21198","targetHints":{"allow":["GET"]}}],"collection":[{"href":"https:\/\/www.customywear.com\/fr\/wp-json\/wp\/v2\/product"}],"about":[{"href":"https:\/\/www.customywear.com\/fr\/wp-json\/wp\/v2\/types\/product"}],"replies":[{"embeddable":true,"href":"https:\/\/www.customywear.com\/fr\/wp-json\/wp\/v2\/comments?post=21198"}],"wp:featuredmedia":[{"embeddable":true,"href":"https:\/\/www.customywear.com\/fr\/wp-json\/wp\/v2\/media\/143254"}],"wp:attachment":[{"href":"https:\/\/www.customywear.com\/fr\/wp-json\/wp\/v2\/media?parent=21198"}],"wp:term":[{"taxonomy":"product_brand","embeddable":true,"href":"https:\/\/www.customywear.com\/fr\/wp-json\/wp\/v2\/product_brand?post=21198"},{"taxonomy":"product_cat","embeddable":true,"href":"https:\/\/www.customywear.com\/fr\/wp-json\/wp\/v2\/product_cat?post=21198"},{"taxonomy":"product_tag","embeddable":true,"href":"https:\/\/www.customywear.com\/fr\/wp-json\/wp\/v2\/product_tag?post=21198"}],"curies":[{"name":"wp","href":"https:\/\/api.w.org\/{rel}","templated":true}]}}