{"id":21207,"date":"2023-07-28T13:46:58","date_gmt":"2023-07-28T13:46:58","guid":{"rendered":"https:\/\/www.customywear.com\/?post_type=product&#038;p=21207"},"modified":"2026-05-16T11:14:10","modified_gmt":"2026-05-16T11:14:10","slug":"chemise-de-randonnee-personnalisee-pour-femme","status":"publish","type":"product","link":"https:\/\/www.customywear.com\/fr\/custom-hiking-woman-shirt\/","title":{"rendered":"T-shirt de randonn\u00e9e personnalis\u00e9 pour femme \u2013 T-shirt de montagne personnalis\u00e9 pour femme"},"content":{"rendered":"<p>Sublimez vos aventures en plein air avec notre t-shirt de randonn\u00e9e personnalis\u00e9 pour femme, un hommage personnalis\u00e9 aux randonneuses \u00e0 la conqu\u00eate des sommets. Nos artisans qualifi\u00e9s exploitent la puissance d&#039;Adobe Illustrator et d&#039;Adobe Photoshop pour cr\u00e9er des portraits vectoriels captivants, transformant votre photo en une repr\u00e9sentation saisissante de vous \u00e0 la conqu\u00eate d&#039;une montagne majestueuse. Ce t-shirt personnalis\u00e9, orn\u00e9 de nos illustrations haut de gamme, est le cadeau id\u00e9al pour les passionn\u00e9s de randonn\u00e9e et les amoureux de la nature. Vivez la magie de la personnalisation avec notre t-shirt unisexe personnalis\u00e9 \u00e0 manches courtes et \u00e0 manches longues pour adulte. Plus que de simples v\u00eatements, ces t-shirts deviennent de pr\u00e9cieux souvenirs qui incarnent le frisson de l&#039;ascension des sommets et des d\u00e9fis. Avec leur style unisexe polyvalent, ils s&#039;adaptent \u00e0 tous les \u00e2ges, convenant aux adultes, aux adolescents, aux enfants et aux tout-petits. Insufflez une touche d&#039;originalit\u00e9 \u00e0 votre design en y int\u00e9grant des visages humains et animaux pour cr\u00e9er des t-shirts v\u00e9ritablement uniques. Ces t-shirts personnalis\u00e9s c\u00e9l\u00e8brent non seulement la beaut\u00e9 des grands espaces, mais symbolisent \u00e9galement l&#039;\u00e9mancipation et la force des randonneuses. D\u00e9couvrez notre gamme de mod\u00e8les, chacun pr\u00eat \u00e0 capturer l&#039;esprit de votre voyage unique et \u00e0 inspirer une connexion profonde avec les merveilles de la nature.<\/p>","protected":false},"excerpt":{"rendered":"<p>Randonn\u00e9e avec style avec une chemise de femme de randonn\u00e9e personnalis\u00e9e. Les t-shirts de montagne randonneurs f\u00e9minins personnalis\u00e9s transforment n'importe quelle photo en un t-shirt d'inspiration ext\u00e9rieure unique en son genre.<\/p>","protected":false},"featured_media":142837,"comment_status":"open","ping_status":"closed","template":"","meta":{"_acf_changed":false},"product_brand":[],"product_cat":[6191,558,559,6412,310,6428,75,6356],"product_tag":[560,6433,562,326,6442,112],"class_list":{"0":"post-21207","1":"product","2":"type-product","3":"status-publish","4":"has-post-thumbnail","6":"product_cat-t-shirts-women","7":"product_cat-custom-gifts-hiking","8":"product_cat-hiking-t-shirts","9":"product_cat-photo-to-tees","10":"product_cat-sports-shirts","11":"product_cat-translate-products","12":"product_cat-women","13":"product_cat-womens-summer-t-shirts","14":"product_tag-adventure_shirt","15":"product_tag-ai-artwork","16":"product_tag-hiking-art","17":"product_tag-sports","18":"product_tag-top-artwork","19":"product_tag-women","21":"first","22":"instock","23":"taxable","24":"shipping-taxable","25":"purchasable","26":"product-type-simple"},"acf":[],"wcpa_form_fields":null,"_links":{"self":[{"href":"https:\/\/www.customywear.com\/fr\/wp-json\/wp\/v2\/product\/21207","targetHints":{"allow":["GET"]}}],"collection":[{"href":"https:\/\/www.customywear.com\/fr\/wp-json\/wp\/v2\/product"}],"about":[{"href":"https:\/\/www.customywear.com\/fr\/wp-json\/wp\/v2\/types\/product"}],"replies":[{"embeddable":true,"href":"https:\/\/www.customywear.com\/fr\/wp-json\/wp\/v2\/comments?post=21207"}],"wp:featuredmedia":[{"embeddable":true,"href":"https:\/\/www.customywear.com\/fr\/wp-json\/wp\/v2\/media\/142837"}],"wp:attachment":[{"href":"https:\/\/www.customywear.com\/fr\/wp-json\/wp\/v2\/media?parent=21207"}],"wp:term":[{"taxonomy":"product_brand","embeddable":true,"href":"https:\/\/www.customywear.com\/fr\/wp-json\/wp\/v2\/product_brand?post=21207"},{"taxonomy":"product_cat","embeddable":true,"href":"https:\/\/www.customywear.com\/fr\/wp-json\/wp\/v2\/product_cat?post=21207"},{"taxonomy":"product_tag","embeddable":true,"href":"https:\/\/www.customywear.com\/fr\/wp-json\/wp\/v2\/product_tag?post=21207"}],"curies":[{"name":"wp","href":"https:\/\/api.w.org\/{rel}","templated":true}]}}