{"id":21216,"date":"2023-07-28T13:47:13","date_gmt":"2023-07-28T13:47:13","guid":{"rendered":"https:\/\/www.customywear.com\/?post_type=product&#038;p=21216"},"modified":"2026-05-05T20:23:30","modified_gmt":"2026-05-05T20:23:30","slug":"chemise-de-karate-personnalisee-pour-femme","status":"publish","type":"product","link":"https:\/\/www.customywear.com\/fr\/custom-karate-woman-shirt\/","title":{"rendered":"T-shirt de karat\u00e9 personnalis\u00e9 pour femme | T-shirt personnalis\u00e9 pour professeur de kung-fu, maman, copine, s\u0153ur"},"content":{"rendered":"<p>Impr\u00e9gnez-vous de la puissance et de la gr\u00e2ce des arts martiaux avec notre \u00ab\u00a0T-shirt Karat\u00e9 Femme Personnalis\u00e9\u00a0\u00bb, o\u00f9 nous transformons votre photo en un portrait vectoriel captivant de vous mettant en valeur vos talents de karat\u00e9. Ce t-shirt personnalis\u00e9 est le cadeau id\u00e9al pour les passionn\u00e9s d&#039;arts martiaux, que vous soyez un professeur de sport passionn\u00e9, une maman d\u00e9vou\u00e9e, une petite amie pleine de soutien ou une s\u0153ur attentionn\u00e9e. C\u00e9l\u00e9brez votre amour du karat\u00e9 et du kung-fu avec ce t-shirt unique et personnalis\u00e9. Gr\u00e2ce \u00e0 l&#039;expertise d&#039;Adobe Illustrator et d&#039;Adobe Photoshop, nous veillons \u00e0 ce que chaque d\u00e9tail de votre photo soit transform\u00e9 en une illustration vectorielle de haute qualit\u00e9, capturant l&#039;essence de votre parcours dans les arts martiaux. Disponible en manches courtes et manches longues pour adulte, ce t-shirt unisexe est personnalisable pour tous les \u00e2ges, des adultes aux adolescents, enfants et tout-petits. Pour le rendre encore plus sp\u00e9cial, nous vous proposons d&#039;inclure le visage de votre animal de compagnie dans le motif, ajoutant une touche de personnalisation suppl\u00e9mentaire. Que vous le portiez pour vos entra\u00eenements, vos sorties d\u00e9contract\u00e9es ou pour afficher votre passion pour les arts martiaux, notre t-shirt de karat\u00e9 personnalis\u00e9 pour femme est un ajout puissant et significatif \u00e0 votre garde-robe. Affirmez votre passion pour les arts martiaux et affichez fi\u00e8rement votre passion avec ce t-shirt personnalis\u00e9 unique.<\/p>","protected":false},"excerpt":{"rendered":"<p>C\u00e9l\u00e9brez la force avec une chemise femme Karat\u00e9 personnalis\u00e9e. Maman, petite amie ou soeur de Kung Fu personnalis\u00e9e, transforme n'importe quelle photo en un t-shirt unique.<\/p>","protected":false},"featured_media":142927,"comment_status":"open","ping_status":"closed","template":"","meta":{"_acf_changed":false},"product_brand":[],"product_cat":[6191,2406,6412,6428,6351,6352],"product_tag":[6433,934,6217,2408,1301,1302,1792,326,112,1827],"class_list":{"0":"post-21216","1":"product","2":"type-product","3":"status-publish","4":"has-post-thumbnail","6":"product_cat-t-shirts-women","7":"product_cat-custom-gifts-karate","8":"product_cat-photo-to-tees","9":"product_cat-translate-products","10":"product_cat-womens-gym-t-shirts","11":"product_cat-womens-sports-t-shirts","12":"product_tag-ai-artwork","13":"product_tag-birthday_shirt","14":"product_tag-custom-t-shirt","15":"product_tag-custom-arts-karate","16":"product_tag-jiu_jitsu_shirt","17":"product_tag-karate_gift","18":"product_tag-muay_thai_shirt","19":"product_tag-sports","20":"product_tag-women","21":"product_tag-workout_shirt","23":"first","24":"instock","25":"taxable","26":"shipping-taxable","27":"purchasable","28":"product-type-simple"},"acf":[],"wcpa_form_fields":null,"_links":{"self":[{"href":"https:\/\/www.customywear.com\/fr\/wp-json\/wp\/v2\/product\/21216","targetHints":{"allow":["GET"]}}],"collection":[{"href":"https:\/\/www.customywear.com\/fr\/wp-json\/wp\/v2\/product"}],"about":[{"href":"https:\/\/www.customywear.com\/fr\/wp-json\/wp\/v2\/types\/product"}],"replies":[{"embeddable":true,"href":"https:\/\/www.customywear.com\/fr\/wp-json\/wp\/v2\/comments?post=21216"}],"wp:featuredmedia":[{"embeddable":true,"href":"https:\/\/www.customywear.com\/fr\/wp-json\/wp\/v2\/media\/142927"}],"wp:attachment":[{"href":"https:\/\/www.customywear.com\/fr\/wp-json\/wp\/v2\/media?parent=21216"}],"wp:term":[{"taxonomy":"product_brand","embeddable":true,"href":"https:\/\/www.customywear.com\/fr\/wp-json\/wp\/v2\/product_brand?post=21216"},{"taxonomy":"product_cat","embeddable":true,"href":"https:\/\/www.customywear.com\/fr\/wp-json\/wp\/v2\/product_cat?post=21216"},{"taxonomy":"product_tag","embeddable":true,"href":"https:\/\/www.customywear.com\/fr\/wp-json\/wp\/v2\/product_tag?post=21216"}],"curies":[{"name":"wp","href":"https:\/\/api.w.org\/{rel}","templated":true}]}}