{"id":21218,"date":"2023-07-28T13:47:14","date_gmt":"2023-07-28T13:47:14","guid":{"rendered":"https:\/\/www.customywear.com\/?post_type=product&#038;p=21218"},"modified":"2026-05-07T15:29:52","modified_gmt":"2026-05-07T15:29:52","slug":"chemise-coreenne-personnalisee-pour-garcon","status":"publish","type":"product","link":"https:\/\/www.customywear.com\/fr\/custom-korean-boy-shirt\/","title":{"rendered":"T-shirt cor\u00e9en personnalis\u00e9 pour gar\u00e7on | T-shirt personnalis\u00e9 \u00ab\u00a0Voyage en Cor\u00e9e\u00a0\u00bb pour les amoureux du voyage"},"content":{"rendered":"<p>Impr\u00e9gnez-vous du charme captivant de la culture cor\u00e9enne avec notre \u00ab\u00a0T-shirt cor\u00e9en personnalis\u00e9 pour gar\u00e7on\u00a0\u00bb. Nous transformons avec brio la photo de votre enfant en un portrait vectoriel captivant, le repr\u00e9sentant v\u00eatu d&#039;une charmante robe traditionnelle cor\u00e9enne. Ce t-shirt cr\u00e9atif \u00e0 manches courtes et longues est le cadeau personnalis\u00e9 id\u00e9al pour les jeunes passionn\u00e9s de culture cor\u00e9enne et asiatique, capturant l&#039;essence de la Cor\u00e9e du Sud et de son riche patrimoine. Gr\u00e2ce \u00e0 Adobe Illustrator et Adobe Photoshop, nous garantissons un design vectoriel de haute qualit\u00e9, \u00e9veillant la fiert\u00e9 et l&#039;admiration de votre enfant pour sa culture. Ces t-shirts personnalis\u00e9s sont disponibles pour les adultes, les adolescents, les enfants et les tout-petits, ce qui en fait des cadeaux polyvalents pour tous les \u00e2ges. De plus, si votre enfant est profond\u00e9ment attach\u00e9 \u00e0 son animal de compagnie, nous vous proposons d&#039;inclure le visage de son compagnon \u00e0 quatre pattes dans le portrait, ajoutant une touche de personnalisation suppl\u00e9mentaire \u00e0 ce cadeau touchant. Impr\u00e9gnez-vous des merveilles des traditions cor\u00e9ennes et laissez votre enfant exprimer son amour pour la Cor\u00e9e et son histoire fascinante avec notre t-shirt cor\u00e9en personnalis\u00e9 pour gar\u00e7on, un hommage chaleureux \u00e0 la beaut\u00e9 de la culture asiatique.<\/p>","protected":false},"excerpt":{"rendered":"<p>Honorer l'h\u00e9ritage avec une chemise de gar\u00e7on cor\u00e9enne personnalis\u00e9e. T-shirts personnalis\u00e9s pour les amateurs de voyages pour les amateurs de voyage. Transformez n'importe quelle photo en un t-shirt unique en son genre.<\/p>","protected":false},"featured_media":142962,"comment_status":"open","ping_status":"closed","template":"","meta":{"_acf_changed":false},"product_brand":[],"product_cat":[6189,2421,6412,6428],"product_tag":[6433,6439,64,2422,65,67,2345,73],"class_list":{"0":"post-21218","1":"product","2":"type-product","3":"status-publish","4":"has-post-thumbnail","6":"product_cat-boys-t-shirts","7":"product_cat-custom-gifts-korean-culture","8":"product_cat-photo-to-tees","9":"product_cat-translate-products","10":"product_tag-ai-artwork","11":"product_tag-ai-kids-artwork","12":"product_tag-country_shirts","13":"product_tag-custom-arts-korean","14":"product_tag-kid","15":"product_tag-kids_birthday_shirt","16":"product_tag-kpop_shirt","17":"product_tag-youth-boy","19":"first","20":"instock","21":"taxable","22":"shipping-taxable","23":"purchasable","24":"product-type-simple"},"acf":[],"wcpa_form_fields":null,"_links":{"self":[{"href":"https:\/\/www.customywear.com\/fr\/wp-json\/wp\/v2\/product\/21218","targetHints":{"allow":["GET"]}}],"collection":[{"href":"https:\/\/www.customywear.com\/fr\/wp-json\/wp\/v2\/product"}],"about":[{"href":"https:\/\/www.customywear.com\/fr\/wp-json\/wp\/v2\/types\/product"}],"replies":[{"embeddable":true,"href":"https:\/\/www.customywear.com\/fr\/wp-json\/wp\/v2\/comments?post=21218"}],"wp:featuredmedia":[{"embeddable":true,"href":"https:\/\/www.customywear.com\/fr\/wp-json\/wp\/v2\/media\/142962"}],"wp:attachment":[{"href":"https:\/\/www.customywear.com\/fr\/wp-json\/wp\/v2\/media?parent=21218"}],"wp:term":[{"taxonomy":"product_brand","embeddable":true,"href":"https:\/\/www.customywear.com\/fr\/wp-json\/wp\/v2\/product_brand?post=21218"},{"taxonomy":"product_cat","embeddable":true,"href":"https:\/\/www.customywear.com\/fr\/wp-json\/wp\/v2\/product_cat?post=21218"},{"taxonomy":"product_tag","embeddable":true,"href":"https:\/\/www.customywear.com\/fr\/wp-json\/wp\/v2\/product_tag?post=21218"}],"curies":[{"name":"wp","href":"https:\/\/api.w.org\/{rel}","templated":true}]}}