{"id":21319,"date":"2023-07-28T13:48:48","date_gmt":"2023-07-28T13:48:48","guid":{"rendered":"https:\/\/www.customywear.com\/?post_type=product&#038;p=21319"},"modified":"2026-05-07T15:29:49","modified_gmt":"2026-05-07T15:29:49","slug":"chemise-ecossaise-personnalisee-pour-garcon","status":"publish","type":"product","link":"https:\/\/www.customywear.com\/fr\/custom-scottish-boy-shirt\/","title":{"rendered":"Adoptez l&#039;h\u00e9ritage \u00e9cossais avec notre chemise \u00e9cossaise personnalis\u00e9e pour gar\u00e7on"},"content":{"rendered":"<p>Plongez votre enfant dans le monde enchanteur de l&#039;\u00c9cosse avec notre t-shirt \u00e9cossais personnalis\u00e9 pour gar\u00e7on ! Gr\u00e2ce \u00e0 l&#039;impression DTG et \u00e0 des illustrations vectorielles de haute qualit\u00e9, nous transformerons avec brio la photo de votre enfant en une illustration captivante, lui donnant l&#039;impression de porter une tenue traditionnelle \u00e9cossaise. Ce t-shirt enfant \u00e0 manches courtes et longues, cr\u00e9atif et personnalis\u00e9, est le cadeau id\u00e9al pour les jeunes passionn\u00e9s de voyages, passionn\u00e9s de cultures diff\u00e9rentes et s\u00e9duits par le charme de l&#039;\u00c9cosse. C\u00e9l\u00e9brez l&#039;amour de votre enfant pour le patrimoine \u00e9cossais ou sa fascination pour les riches traditions et coutumes de ce pays europ\u00e9en. Notre t-shirt unisexe est disponible pour gar\u00e7ons et filles, permettant \u00e0 votre enfant d&#039;afficher fi\u00e8rement son style et ses centres d&#039;int\u00e9r\u00eat uniques. Qu&#039;il ait des racines \u00e9cossaises ou qu&#039;il adore simplement la richesse culturelle de l&#039;\u00c9cosse, notre t-shirt \u00e9cossais pour gar\u00e7on sera un ajout pr\u00e9cieux \u00e0 sa garde-robe et une repr\u00e9sentation tangible de son individualit\u00e9. Impr\u00e9gnez-vous de la magie de l&#039;\u00c9cosse avec ce t-shirt personnalis\u00e9 exceptionnel et laissez libre cours \u00e0 l&#039;imagination de votre enfant !<\/p>","protected":false},"excerpt":{"rendered":"<p>C\u00e9l\u00e9brez l'h\u00e9ritage avec une chemise de gar\u00e7on \u00e9cossaise personnalis\u00e9e. Les t-shirts personnalis\u00e9s transforment n'importe quelle photo en un t-shirt unique d'inspiration traditionnelle.<\/p>","protected":false},"featured_media":143102,"comment_status":"open","ping_status":"closed","template":"","meta":{"_acf_changed":false},"product_brand":[],"product_cat":[6189,3018,6412,6428],"product_tag":[6433,6439,64,65,67,3021,73],"class_list":{"0":"post-21319","1":"product","2":"type-product","3":"status-publish","4":"has-post-thumbnail","6":"product_cat-boys-t-shirts","7":"product_cat-custom-gifts-scottish-culture","8":"product_cat-photo-to-tees","9":"product_cat-translate-products","10":"product_tag-ai-artwork","11":"product_tag-ai-kids-artwork","12":"product_tag-country_shirts","13":"product_tag-kid","14":"product_tag-kids_birthday_shirt","15":"product_tag-scottish-art","16":"product_tag-youth-boy","18":"first","19":"instock","20":"taxable","21":"shipping-taxable","22":"purchasable","23":"product-type-simple"},"acf":[],"wcpa_form_fields":null,"_links":{"self":[{"href":"https:\/\/www.customywear.com\/fr\/wp-json\/wp\/v2\/product\/21319","targetHints":{"allow":["GET"]}}],"collection":[{"href":"https:\/\/www.customywear.com\/fr\/wp-json\/wp\/v2\/product"}],"about":[{"href":"https:\/\/www.customywear.com\/fr\/wp-json\/wp\/v2\/types\/product"}],"replies":[{"embeddable":true,"href":"https:\/\/www.customywear.com\/fr\/wp-json\/wp\/v2\/comments?post=21319"}],"wp:featuredmedia":[{"embeddable":true,"href":"https:\/\/www.customywear.com\/fr\/wp-json\/wp\/v2\/media\/143102"}],"wp:attachment":[{"href":"https:\/\/www.customywear.com\/fr\/wp-json\/wp\/v2\/media?parent=21319"}],"wp:term":[{"taxonomy":"product_brand","embeddable":true,"href":"https:\/\/www.customywear.com\/fr\/wp-json\/wp\/v2\/product_brand?post=21319"},{"taxonomy":"product_cat","embeddable":true,"href":"https:\/\/www.customywear.com\/fr\/wp-json\/wp\/v2\/product_cat?post=21319"},{"taxonomy":"product_tag","embeddable":true,"href":"https:\/\/www.customywear.com\/fr\/wp-json\/wp\/v2\/product_tag?post=21319"}],"curies":[{"name":"wp","href":"https:\/\/api.w.org\/{rel}","templated":true}]}}