{"id":21402,"date":"2023-07-28T13:49:52","date_gmt":"2023-07-28T13:49:52","guid":{"rendered":"https:\/\/www.customywear.com\/?post_type=product&#038;p=21402"},"modified":"2026-05-07T15:29:48","modified_gmt":"2026-05-07T15:29:48","slug":"t-shirt-de-mariage-personnalise-pour-fille","status":"publish","type":"product","link":"https:\/\/www.customywear.com\/fr\/personalized-wedding-girl-tee\/","title":{"rendered":"T-shirt de mariage personnalis\u00e9 pour fille"},"content":{"rendered":"<p>C\u00e9l\u00e9brez l&#039;heureux \u00e9v\u00e9nement du mariage avec notre t-shirt personnalis\u00e9 pour fille ! Ce t-shirt personnalis\u00e9 est sp\u00e9cialement con\u00e7u pour les jeunes filles et constitue un choix charmant pour les porteurs d&#039;alliances ou m\u00eame pour la future mari\u00e9e elle-m\u00eame. \u00c0 partir de la photo de votre enfant, nous cr\u00e9erons un design unique et charmant qui lui donnera l&#039;allure d&#039;une belle mari\u00e9e et ajoutera une touche de douceur \u00e0 toute c\u00e9l\u00e9bration de mariage.<\/p>\n<p>R\u00e9alis\u00e9 avec une impression DTG de la plus haute qualit\u00e9 et une attention particuli\u00e8re port\u00e9e aux d\u00e9tails, ce t-shirt de mariage personnalis\u00e9 est un merveilleux cadeau pour les jeunes filles. Qu&#039;elles soient pr\u00e9sentes au mariage ou invit\u00e9es, ce t-shirt leur donnera un sentiment d&#039;appartenance et d&#039;affection. De plus, nos t-shirts personnalis\u00e9s peuvent inclure des visages humains et animaux, ajoutant une touche de personnalisation suppl\u00e9mentaire qui les rendra vraiment uniques. Rendez le jour du mariage encore plus m\u00e9morable pour les jeunes filles avec notre superbe t-shirt de mariage personnalis\u00e9 pour fille\u00a0! Pour toute question ou besoin d&#039;aide, n&#039;h\u00e9sitez pas \u00e0 nous contacter.<\/p>","protected":false},"excerpt":{"rendered":"<p>Rendez sa journ\u00e9e sp\u00e9ciale avec un t-shirt de fille de mariage personnalis\u00e9. Les t-shirts personnalis\u00e9s transforment les photos en charmants dessins de mari\u00e9e.<\/p>","protected":false},"featured_media":101976,"comment_status":"open","ping_status":"closed","template":"","meta":{"_acf_changed":false},"product_brand":[],"product_cat":[6193,6412,6428,6436],"product_tag":[6439,1199],"class_list":{"0":"post-21402","1":"product","2":"type-product","3":"status-publish","4":"has-post-thumbnail","6":"product_cat-girls-t-shirts","7":"product_cat-photo-to-tees","8":"product_cat-translate-products","9":"product_cat-v2-boy-girl","10":"product_tag-ai-kids-artwork","11":"product_tag-wedding","12":"wcpa_has_options","14":"first","15":"instock","16":"taxable","17":"shipping-taxable","18":"purchasable","19":"product-type-simple"},"acf":[],"wcpa_form_fields":{"wcpaData":{"product":{"product_price":24.99,"price_html":"<span class=\"wmc-wc-price\" ><span class=\"woocommerce-Price-amount amount\"><bdi><span class=\"woocommerce-Price-currencySymbol\">&euro;<\/span>24,99<\/bdi><\/span><span data-wmc_price_cache=\"{&quot;USD&quot;:&quot;&lt;span class=\\&quot;woocommerce-Price-amount amount\\&quot;&gt;&lt;bdi&gt;&lt;span class=\\&quot;woocommerce-Price-currencySymbol\\&quot;&gt;&amp;#36;&lt;\\\/span&gt;29,24&lt;\\\/bdi&gt;&lt;\\\/span&gt;&quot;,&quot;EUR&quot;:&quot;&lt;span class=\\&quot;woocommerce-Price-amount amount\\&quot;&gt;&lt;bdi&gt;&lt;span class=\\&quot;woocommerce-Price-currencySymbol\\&quot;&gt;&amp;euro;&lt;\\\/span&gt;24,99&lt;\\\/bdi&gt;&lt;\\\/span&gt;&quot;,&quot;CAD&quot;:&quot;&lt;span class=\\&quot;woocommerce-Price-amount amount\\&quot;&gt;&lt;bdi&gt;&lt;span class=\\&quot;woocommerce-Price-currencySymbol\\&quot;&gt;CAD$ &lt;\\\/span&gt;40,23&lt;\\\/bdi&gt;&lt;\\\/span&gt;&quot;,&quot;GBP&quot;:&quot;&lt;span class=\\&quot;woocommerce-Price-amount amount\\&quot;&gt;&lt;bdi&gt;&lt;span class=\\&quot;woocommerce-Price-currencySymbol\\&quot;&gt;&amp;pound;&lt;\\\/span&gt;21,74&lt;\\\/bdi&gt;&lt;\\\/span&gt;&quot;,&quot;PLN&quot;:&quot;&lt;span class=\\&quot;woocommerce-Price-amount amount\\&quot;&gt;&lt;bdi&gt;&lt;span class=\\&quot;woocommerce-Price-currencySymbol\\&quot;&gt;z\\u0142 &lt;\\\/span&gt;106,21&lt;\\\/bdi&gt;&lt;\\\/span&gt;&quot;,&quot;SEK&quot;:&quot;&lt;span class=\\&quot;woocommerce-Price-amount amount\\&quot;&gt;&lt;bdi&gt;&lt;span class=\\&quot;woocommerce-Price-currencySymbol\\&quot;&gt;kr &lt;\\\/span&gt;272,64&lt;\\\/bdi&gt;&lt;\\\/span&gt;&quot;,&quot;AUD&quot;:&quot;&lt;span class=\\&quot;woocommerce-Price-amount amount\\&quot;&gt;&lt;bdi&gt;&lt;span class=\\&quot;woocommerce-Price-currencySymbol\\&quot;&gt;AUD$ &lt;\\\/span&gt;40,23&lt;\\\/bdi&gt;&lt;\\\/span&gt;&quot;,&quot;JPY&quot;:&quot;&lt;span class=\\&quot;woocommerce-Price-amount amount\\&quot;&gt;&lt;bdi&gt;&lt;span class=\\&quot;woocommerce-Price-currencySymbol\\&quot;&gt;&amp;yen;&lt;\\\/span&gt;4.622,90&lt;\\\/bdi&gt;&lt;\\\/span&gt;&quot;,&quot;CZK&quot;:&quot;&lt;span class=\\&quot;woocommerce-Price-amount amount\\&quot;&gt;&lt;bdi&gt;&lt;span class=\\&quot;woocommerce-Price-currencySymbol\\&quot;&gt;K\\u010d &lt;\\\/span&gt;608,01&lt;\\\/bdi&gt;&lt;\\\/span&gt;&quot;,&quot;NZD&quot;:&quot;&lt;span class=\\&quot;woocommerce-Price-amount amount\\&quot;&gt;&lt;bdi&gt;&lt;span class=\\&quot;woocommerce-Price-currencySymbol\\&quot;&gt;NZD$ &lt;\\\/span&gt;49,23&lt;\\\/bdi&gt;&lt;\\\/span&gt;&quot;,&quot;CHF&quot;:&quot;&lt;span class=\\&quot;woocommerce-Price-amount amount\\&quot;&gt;&lt;bdi&gt;&lt;span class=\\&quot;woocommerce-Price-currencySymbol\\&quot;&gt;CHF &lt;\\\/span&gt;22,99&lt;\\\/bdi&gt;&lt;\\\/span&gt;&quot;}\" style=\"display: none;\" class=\"wmc-price-cache-list\"><\/span><\/span>","original_product_price":24.99,"price_including_tax":24.99,"price_excluding_tax":20.825,"product_id":{"parent":21402,"variation":false},"is_variable":false,"stock_status":"instock","stock_quantity":null,"parent_sku":"custom-tees-599","product_attributes":{"pa_style":{"is_variation":false,"values":["girls-t-shirt"]},"pa_customization":{"is_variation":false,"values":["add-your-photo","add-your-text-or-name","add-your-logo"]},"pa_material":{"is_variation":false,"values":["100-cotton"]},"pa_key-details":{"is_variation":false,"values":["unisex","regular-fit","premium-quality","digital-art"]},"pa_brand":{"is_variation":false,"values":["customywear"]},"pa_age-group":{"is_variation":false,"values":["kids"]},"pa_gender":{"is_variation":false,"values":["girl"]},"pa_color":{"is_variation":false,"values":["black","white","navy","red"]},"pa_print-type":{"is_variation":false,"values":["dtg-print-direct-to-garment"]},"pa_size":{"is_variation":false,"values":["s","m","l","xl"]}},"custom_fields":[],"is_taxable":true,"product_name":"Personalized Wedding Girl Tee"},"fields":{"sec_168d3aad5dc660":{"extra":{"key":"sec_168d3aad5dc660","section_id":"sec_168d3aad5dc660","name":"T-shirt size and color","status":1,"cl_rule":"show","enableCl":false,"relations":[],"toggle":true,"title_tag":"h4","show_title":false,"showPrice":"default","form_id":137342,"form_rules":{"exclude_from_discount":false,"fee_label":"Fee","disp_hide_options_price":false,"disp_show_section_price":false,"disp_show_field_price":true,"layout_option":"standard","pric_use_as_fee":false,"process_fee_as":"woo_fee"},"layout_option":"standard"},"fields":[[{"active":true,"col":6,"relations":false,"cl_rule":"show","enableCl":false,"price":"","enablePrice":false,"className":"","label_position":"default","desc_position":"default","type":"color-group","required":false,"elementId":"color_group_7023184051","label":"Color","name":"color_group_7023184051","disp_type":"circle","values":[{"label":"Black","value":"Black","selected":false,"color":"#000000","tempId":"aco_219","gt_translate_keys":["label"]},{"label":"White","value":"White","selected":false,"color":"#f6f6f6","tempId":"aco_220","gt_translate_keys":["label"]},{"label":"Navy","value":"Navy","selected":false,"color":"#213a92","tempId":"aco_569","gt_translate_keys":["label"]},{"label":"Red","value":"Red","selected":false,"color":"#d0021b","tempId":"aco_580","gt_translate_keys":["label"]}],"layOut":"inline","error":false,"tooltip":"Pick your preferred T-shirt color","selection_type":"tick-border","show_selected_option":true,"adjust_width":true,"cart_display_type":"text","gt_translate_keys":["label","tooltip"],"price_dependency":false,"cl_dependency":false,"value":""}],[{"active":true,"col":6,"relations":false,"cl_rule":"show","enableCl":false,"price":"","enablePrice":false,"className":"","label_position":"default","desc_position":"default","type":"radio-group","required":false,"elementId":"radio-group_468d3aad5dc68e","label":"Size ","name":"radio-group_468d3aad5dc68e","values":[{"label":"S","value":"S","selected":false,"tempId":"aco_263","gt_translate_keys":["label"]},{"label":"M","value":"M","selected":false,"tempId":"aco_264","gt_translate_keys":["label"]},{"label":"L","value":"L","selected":false,"tempId":"aco_265","gt_translate_keys":["label"]},{"label":"XL","value":"XL","selected":false,"tempId":"aco_409","gt_translate_keys":["label"]}],"layOut":"inline","error":false,"checkUi":"button","show_selected_option":true,"tooltip":"Choose the T-shirt size for kids. Suitable for both boys and girls.","gt_translate_keys":["label","tooltip"],"price_dependency":false,"cl_dependency":false,"value":""}],[{"active":true,"col":6,"relations":[],"cl_rule":"hide","enableCl":false,"price":"","enablePrice":false,"className":"","label_position":"default","desc_position":"default","type":"file","required":false,"elementId":"file_668d3aad5dc69f","name":"file_668d3aad5dc69f","label":"Upload your kid's photo(s)","upload_type":"droppable","uploadSize":"50","file_types":["images","docs","design"],"exts_supported":["jpg","jpeg","png","gif","webp","pdf","PSD"],"error":false,"hideImageIn_email":true,"multiple_upload":true,"max_file_count":"25","tooltip":"Please provide clear photos of the person or pet looking directly at the camera.","cartLabel":"Photo(s)","allowedFileTypes":".jpg,.jpeg,.png,.gif,.webp,.pdf,.PSD,image\/*,.doc,.docx,.xml,.dot,.docm,.dotm,.dotx,.htm,.html,.odt,.rtf,.txt,.wps,.xps,application\/msword,application\/vnd,.psd,.eps,.ai,.indd,.raw","gt_translate_keys":["label","tooltip"],"price_dependency":false,"cl_dependency":false,"value":""}],[{"active":true,"col":6,"relations":false,"cl_rule":"show","enableCl":false,"price":"","enablePrice":false,"className":"","label_position":"default","desc_position":"default","type":"checkbox","required":false,"elementId":"checkbox_568d3aad5dc6ad","label":"View more options","name":"checkbox_568d3aad5dc6ad","value":"","check_value":"More options","checkUi":"","error":false,"hideFieldIn_cart":true,"hideFieldIn_order":true,"tooltip":"Click to explore additional free customization features","gt_translate_keys":["label","value","tooltip","check_value"],"price_dependency":false,"cl_dependency":["text_468d3aad5dc6b8","radio-group_668d3aad5dc6c6","radio-group_768d3aad5dc6d3"]}],[{"active":true,"col":6,"relations":[{"operator":false,"rules":[{"operator":"AND","rules":{"cl_field":"checkbox_568d3aad5dc6ad","cl_relation":"is","cl_val":true}}]}],"cl_rule":"show","enableCl":true,"price":"","enablePrice":false,"className":"","label_position":"default","desc_position":"default","type":"text","subtype":"text","required":false,"elementId":"text_468d3aad5dc6b8","label":"Add text to your T-shirt design (optional)","name":"text_468d3aad5dc6b8","value":"","error":false,"tooltip":"Your text will be added to the top or bottom of the T-shirt design.","placeholder":"eg: \"Noah: My Sunshine\"","cartLabel":"Text","gt_translate_keys":["label","placeholder","value","tooltip"],"price_dependency":false,"cl_dependency":false}],[{"active":true,"col":6,"relations":[{"operator":false,"rules":[{"operator":"AND","rules":{"cl_field":"checkbox_568d3aad5dc6ad","cl_relation":"is","cl_val":true}}]}],"cl_rule":"show","enableCl":true,"price":"","enablePrice":false,"className":"","label_position":"default","desc_position":"default","type":"radio-group","required":true,"elementId":"radio-group_668d3aad5dc6c6","label":"Select t-shirt print location","name":"radio-group_668d3aad5dc6c6","values":[{"label":"Front Side","value":"Front Side","selected":true,"tempId":"aco_5504","gt_translate_keys":["label"]},{"label":"Back Side","value":"Back Side","selected":false,"tempId":"aco_5505","gt_translate_keys":["label"]}],"layOut":"inline","error":false,"checkUi":"","cartLabel":"Print location","gt_translate_keys":["label"],"price_dependency":false,"cl_dependency":false,"value":""}],[{"active":true,"col":6,"relations":[{"operator":false,"rules":[{"operator":"AND","rules":{"cl_field":"checkbox_568d3aad5dc6ad","cl_relation":"is","cl_val":true}}]}],"cl_rule":"show","enableCl":true,"price":"","enablePrice":false,"className":"","label_position":"default","desc_position":"default","type":"radio-group","required":false,"elementId":"radio-group_768d3aad5dc6d3","label":"Would you like to review the design before printing?","name":"radio-group_768d3aad5dc6d3","values":[{"label":"No","value":"No","selected":true,"tempId":"aco_6274","gt_translate_keys":["label"]},{"label":"Yes","value":"Yes","selected":false,"tempId":"aco_6275","price":"","gt_translate_keys":["label"]}],"layOut":"inline","error":false,"checkUi":"","priceOptions":"different_for_all","pricingType":"fixed","use_as_fee":false,"fee_label":"Preview Image","tooltip":"If yes, we\u2019ll email you a preview of the design before printing. This may add 1-2 days to delivery time.*","hideFieldIn_cart":true,"hideFieldIn_order":true,"cartLabel":"Preview Image","gt_translate_keys":["label","tooltip"],"price_dependency":false,"cl_dependency":["content_468d3aad5dc6e0"],"value":""}],[{"active":true,"col":6,"relations":[{"operator":false,"rules":[{"operator":"AND","rules":{"cl_field":"radio-group_768d3aad5dc6d3","cl_relation":"is","cl_val":"Yes"}}]}],"cl_rule":"show","enableCl":true,"price":"","enablePrice":false,"className":"","label_position":"default","desc_position":"default","type":"content","required":false,"elementId":"content_468d3aad5dc6e0","label":"","name":"content_468d3aad5dc6e0","contentType":"plain","value":"Please check your inbox, including Spam or other folders, within 1-2 business days for the preview image","error":false,"subtype":"p","hideFieldIn_cart":true,"hideFieldIn_order":true,"gt_translate_keys":["label","value"],"price_dependency":false,"cl_dependency":false}]]}},"config":{"price_override":"","enable_recaptcha":false,"bind_quantity":false,"quantity_bind_formula":false,"disp_summ_show_option_price":false,"disp_summ_show_product_price":false,"disp_summ_show_total_price":false,"disp_summ_show_fee":false,"disp_summ_show_discount":false,"summary_title":"","options_total_label":"Options Price","total_label":"Total","options_product_label":"Product Price","fee_label":"Fee","discount_label":"Discount","has_price":true,"has_quantity_formula":false},"mc_unit":1,"tax_rate":1,"tax_rate_real":0,"discount":{"percentage":0,"fixed":0},"design":{"conf":{"LabelPosition":"above","DescPosition":"above","UploadField":"default","QuantityFieldStyle":"default"},"css":{"LeftLabelWidth":"120px"}},"formulas":[],"clones":false,"cartKey":false}},"_links":{"self":[{"href":"https:\/\/www.customywear.com\/fr\/wp-json\/wp\/v2\/product\/21402","targetHints":{"allow":["GET"]}}],"collection":[{"href":"https:\/\/www.customywear.com\/fr\/wp-json\/wp\/v2\/product"}],"about":[{"href":"https:\/\/www.customywear.com\/fr\/wp-json\/wp\/v2\/types\/product"}],"replies":[{"embeddable":true,"href":"https:\/\/www.customywear.com\/fr\/wp-json\/wp\/v2\/comments?post=21402"}],"wp:featuredmedia":[{"embeddable":true,"href":"https:\/\/www.customywear.com\/fr\/wp-json\/wp\/v2\/media\/101976"}],"wp:attachment":[{"href":"https:\/\/www.customywear.com\/fr\/wp-json\/wp\/v2\/media?parent=21402"}],"wp:term":[{"taxonomy":"product_brand","embeddable":true,"href":"https:\/\/www.customywear.com\/fr\/wp-json\/wp\/v2\/product_brand?post=21402"},{"taxonomy":"product_cat","embeddable":true,"href":"https:\/\/www.customywear.com\/fr\/wp-json\/wp\/v2\/product_cat?post=21402"},{"taxonomy":"product_tag","embeddable":true,"href":"https:\/\/www.customywear.com\/fr\/wp-json\/wp\/v2\/product_tag?post=21402"}],"curies":[{"name":"wp","href":"https:\/\/api.w.org\/{rel}","templated":true}]}}