{"id":21414,"date":"2023-07-28T13:49:59","date_gmt":"2023-07-28T13:49:59","guid":{"rendered":"https:\/\/www.customywear.com\/?post_type=product&#038;p=21414"},"modified":"2026-05-05T20:23:29","modified_gmt":"2026-05-05T20:23:29","slug":"t-shirt-barbecue-personnalise-pour-femme","status":"publish","type":"product","link":"https:\/\/www.customywear.com\/fr\/personalized-womens-bbq-shirt\/","title":{"rendered":"Personalized Women&#8217;s BBQ Shirt &#8211; Custom BBQ Lover Tees for mom, wife, girlfriend"},"content":{"rendered":"<p>Allumez le barbecue et savourez les saveurs avec notre t-shirt BBQ personnalis\u00e9 pour femme, con\u00e7u pour les amateurs de barbecue de tous \u00e2ges\u00a0: adultes, jeunes, enfants et tout-petits\u00a0! \u00c0 partir de votre photo, nous cr\u00e9erons avec brio un portrait vectoriel captivant, vous donnant l&#039;impression d&#039;\u00eatre un ma\u00eetre du barbecue, plong\u00e9 dans une s\u00e9ance de grillades. Ce t-shirt unisexe personnalis\u00e9 \u00e0 manches courtes et manches longues pour adulte met en valeur notre dessin haut de gamme, ce qui en fait le cadeau id\u00e9al pour tous les passionn\u00e9s de barbecue. Fabriqu\u00e9 avec pr\u00e9cision gr\u00e2ce \u00e0 la technologie d&#039;impression DTG, notre t-shirt garantit une qualit\u00e9 sup\u00e9rieure et des couleurs \u00e9clatantes, pour un confort optimal. De plus, ces t-shirts peuvent \u00eatre personnalis\u00e9s avec le visage de n&#039;importe quel humain ou animal, cr\u00e9ant ainsi un souvenir unique pour les amateurs de barbecue. Savourez les saveurs du barbecue et rendez chaque s\u00e9ance de grillades inoubliable avec votre t-shirt BBQ personnalis\u00e9 pour femme\u00a0! Allumez votre passion du barbecue avec notre t-shirt BBQ personnalis\u00e9 pour femme, con\u00e7u pour les amateurs de barbecue de tous \u00e2ges\u00a0: adultes, jeunes, enfants et tout-petits\u00a0! \u00c0 partir de votre photo, nous cr\u00e9erons avec brio un portrait vectoriel captivant, vous donnant l&#039;impression d&#039;\u00eatre un ma\u00eetre du barbecue, plong\u00e9 dans une s\u00e9ance de grillades. Ce t-shirt unisexe personnalis\u00e9 \u00e0 manches courtes et longues pour adulte met en valeur notre dessin haut de gamme, ce qui en fait le cadeau id\u00e9al pour tous les passionn\u00e9s de barbecue. Fabriqu\u00e9 avec pr\u00e9cision gr\u00e2ce \u00e0 la technologie d&#039;impression DTG, notre t-shirt garantit une qualit\u00e9 sup\u00e9rieure et des couleurs \u00e9clatantes, pour un confort optimal. De plus, ces t-shirts peuvent \u00eatre personnalis\u00e9s avec le visage de n&#039;importe quel humain ou animal, cr\u00e9ant ainsi un souvenir unique pour les amateurs de barbecue. Savourez les saveurs du barbecue et rendez chaque s\u00e9ance de grillades inoubliable avec votre t-shirt BBQ femme personnalis\u00e9\u00a0!<\/p>","protected":false},"excerpt":{"rendered":"<p>Grill in style with a Personalized Women&#8217;s BBQ Shirt. Custom BBQ Lover Tees turn any photo into a playful, unique t-shirt.<\/p>","protected":false},"featured_media":142552,"comment_status":"open","ping_status":"closed","template":"","meta":{"_acf_changed":false},"product_brand":[],"product_cat":[6191,291,6412,307,6428,6356],"product_tag":[6433,293,561,298,112],"class_list":{"0":"post-21414","1":"product","2":"type-product","3":"status-publish","4":"has-post-thumbnail","6":"product_cat-t-shirts-women","7":"product_cat-custom-gifts-bbq","8":"product_cat-photo-to-tees","9":"product_cat-summer","10":"product_cat-translate-products","11":"product_cat-womens-summer-t-shirts","12":"product_tag-ai-artwork","13":"product_tag-bbq-tees","14":"product_tag-camping_shirt","15":"product_tag-outdoor_shirt","16":"product_tag-women","18":"first","19":"instock","20":"taxable","21":"shipping-taxable","22":"purchasable","23":"product-type-simple"},"acf":[],"wcpa_form_fields":null,"_links":{"self":[{"href":"https:\/\/www.customywear.com\/fr\/wp-json\/wp\/v2\/product\/21414","targetHints":{"allow":["GET"]}}],"collection":[{"href":"https:\/\/www.customywear.com\/fr\/wp-json\/wp\/v2\/product"}],"about":[{"href":"https:\/\/www.customywear.com\/fr\/wp-json\/wp\/v2\/types\/product"}],"replies":[{"embeddable":true,"href":"https:\/\/www.customywear.com\/fr\/wp-json\/wp\/v2\/comments?post=21414"}],"wp:featuredmedia":[{"embeddable":true,"href":"https:\/\/www.customywear.com\/fr\/wp-json\/wp\/v2\/media\/142552"}],"wp:attachment":[{"href":"https:\/\/www.customywear.com\/fr\/wp-json\/wp\/v2\/media?parent=21414"}],"wp:term":[{"taxonomy":"product_brand","embeddable":true,"href":"https:\/\/www.customywear.com\/fr\/wp-json\/wp\/v2\/product_brand?post=21414"},{"taxonomy":"product_cat","embeddable":true,"href":"https:\/\/www.customywear.com\/fr\/wp-json\/wp\/v2\/product_cat?post=21414"},{"taxonomy":"product_tag","embeddable":true,"href":"https:\/\/www.customywear.com\/fr\/wp-json\/wp\/v2\/product_tag?post=21414"}],"curies":[{"name":"wp","href":"https:\/\/api.w.org\/{rel}","templated":true}]}}