{"id":21415,"date":"2023-07-28T13:50:00","date_gmt":"2023-07-28T13:50:00","guid":{"rendered":"https:\/\/www.customywear.com\/?post_type=product&#038;p=21415"},"modified":"2026-05-05T20:23:29","modified_gmt":"2026-05-05T20:23:29","slug":"t-shirt-de-yoga-de-plage-personnalise-pour-femme","status":"publish","type":"product","link":"https:\/\/www.customywear.com\/fr\/personalized-womens-beach-yoga-shirt\/","title":{"rendered":"T-shirt de yoga personnalis\u00e9 pour femme | T-shirt de yoga personnalis\u00e9"},"content":{"rendered":"<p>Adoptez la s\u00e9r\u00e9nit\u00e9 du yoga au bord de la plage avec notre t-shirt de yoga personnalis\u00e9 pour femme, con\u00e7u pour les femmes de tous \u00e2ges, adultes, jeunes, enfants et tout-petits ! \u00c0 partir de votre photo, nous cr\u00e9erons avec brio une illustration ravissante, vous donnant l&#039;impression de pratiquer le yoga sur une magnifique plage. Ce t-shirt personnalis\u00e9 c\u00e9l\u00e8bre votre passion pour le yoga et la nature, rayonnant de positivit\u00e9 et devenant votre meilleur t-shirt personnalis\u00e9. Fabriqu\u00e9 avec pr\u00e9cision gr\u00e2ce \u00e0 la technologie d&#039;impression DTG, notre t-shirt unisexe offre une qualit\u00e9 exceptionnelle et des couleurs vibrantes, garantissant un confort optimal. De plus, ces t-shirts peuvent \u00eatre personnalis\u00e9s avec le visage de n&#039;importe quel humain ou animal, faisant de chaque motif un souvenir unique et pr\u00e9cieux. Adoptez l&#039;harmonie du yoga et de la nature : commandez votre t-shirt de yoga personnalis\u00e9 pour femme d\u00e8s maintenant et laissez votre paix int\u00e9rieure rayonner gr\u00e2ce \u00e0 une touche personnalis\u00e9e !<\/p>\n<p>D\u00e9tendez-vous en pratiquant paisiblement le yoga sur la plage gr\u00e2ce \u00e0 notre t-shirt de yoga de plage personnalis\u00e9 pour femme, con\u00e7u pour les femmes de tous \u00e2ges, adultes, adolescents, enfants et tout-petits ! \u00c0 partir de votre photo, nous cr\u00e9erons avec brio une illustration ravissante, vous donnant l&#039;impression de pratiquer le yoga sur une magnifique plage. Ce t-shirt personnalis\u00e9 c\u00e9l\u00e8bre votre passion pour le yoga et la nature, rayonnant de positivit\u00e9 et devenant votre meilleur t-shirt personnalis\u00e9. Fabriqu\u00e9 avec pr\u00e9cision gr\u00e2ce \u00e0 la technologie d&#039;impression DTG, notre t-shirt unisexe offre une qualit\u00e9 exceptionnelle et des couleurs vibrantes, garantissant un confort optimal. De plus, ces t-shirts peuvent \u00eatre personnalis\u00e9s avec le visage de n&#039;importe quel \u00eatre humain ou animal, faisant de chaque mod\u00e8le un souvenir unique et pr\u00e9cieux. Vivez l&#039;harmonie du yoga et de la nature : commandez votre t-shirt de yoga de plage personnalis\u00e9 pour femme d\u00e8s maintenant et laissez votre paix int\u00e9rieure rayonner d&#039;une touche personnalis\u00e9e !<\/p>","protected":false},"excerpt":{"rendered":"<p>Stretch in style with a Personalized Women&#8217;s Beach Yoga Shirt. Custom tees turn photos into serene, yoga-inspired designs.<\/p>","protected":false},"featured_media":143219,"comment_status":"open","ping_status":"closed","template":"","meta":{"_acf_changed":false},"product_brand":[],"product_cat":[6191,6412,6428,6362,6248],"product_tag":[6433,6217,576,326,112,594],"class_list":{"0":"post-21415","1":"product","2":"type-product","3":"status-publish","4":"has-post-thumbnail","6":"product_cat-t-shirts-women","7":"product_cat-photo-to-tees","8":"product_cat-translate-products","9":"product_cat-womens-yoga-t-shirts","10":"product_cat-yoga-gifts","11":"product_tag-ai-artwork","12":"product_tag-custom-t-shirt","13":"product_tag-cute-yoga-shirts","14":"product_tag-sports","15":"product_tag-women","16":"product_tag-yoga_tee_shirt","18":"first","19":"instock","20":"taxable","21":"shipping-taxable","22":"purchasable","23":"product-type-simple"},"acf":[],"wcpa_form_fields":null,"_links":{"self":[{"href":"https:\/\/www.customywear.com\/fr\/wp-json\/wp\/v2\/product\/21415","targetHints":{"allow":["GET"]}}],"collection":[{"href":"https:\/\/www.customywear.com\/fr\/wp-json\/wp\/v2\/product"}],"about":[{"href":"https:\/\/www.customywear.com\/fr\/wp-json\/wp\/v2\/types\/product"}],"replies":[{"embeddable":true,"href":"https:\/\/www.customywear.com\/fr\/wp-json\/wp\/v2\/comments?post=21415"}],"wp:featuredmedia":[{"embeddable":true,"href":"https:\/\/www.customywear.com\/fr\/wp-json\/wp\/v2\/media\/143219"}],"wp:attachment":[{"href":"https:\/\/www.customywear.com\/fr\/wp-json\/wp\/v2\/media?parent=21415"}],"wp:term":[{"taxonomy":"product_brand","embeddable":true,"href":"https:\/\/www.customywear.com\/fr\/wp-json\/wp\/v2\/product_brand?post=21415"},{"taxonomy":"product_cat","embeddable":true,"href":"https:\/\/www.customywear.com\/fr\/wp-json\/wp\/v2\/product_cat?post=21415"},{"taxonomy":"product_tag","embeddable":true,"href":"https:\/\/www.customywear.com\/fr\/wp-json\/wp\/v2\/product_tag?post=21415"}],"curies":[{"name":"wp","href":"https:\/\/api.w.org\/{rel}","templated":true}]}}