{"id":34415,"date":"2024-04-24T02:06:22","date_gmt":"2024-04-24T02:06:22","guid":{"rendered":"https:\/\/www.customywear.com\/?post_type=product&#038;p=34415"},"modified":"2026-05-13T19:50:29","modified_gmt":"2026-05-13T19:50:29","slug":"t-shirt-de-surf-pour-couple","status":"publish","type":"product","link":"https:\/\/www.customywear.com\/fr\/surfing-t-shirt-for-couple\/","title":{"rendered":"T-shirt de surf pour couple \u2013 Surfez sur les vagues ensemble"},"content":{"rendered":"<p><span data-sheets-root=\"1\" data-sheets-value=\"{&quot;1&quot;:2,&quot;2&quot;:&quot;Surfing T-Shirt for Couple: Share the joy of surfing with your significant other with our custom-designed t-shirts! Featuring your photos transformed into vibrant surfing scenes, these matching tees are perfect for couples who love the beach. Whether you're catching waves or strolling along the shore, our personalized surfing t-shirts for couples will keep you connected and stylish.&quot;}\" data-sheets-userformat=\"{&quot;2&quot;:897,&quot;3&quot;:{&quot;1&quot;:0},&quot;10&quot;:1,&quot;11&quot;:3,&quot;12&quot;:0}\">T-shirt surf pour couple\u00a0: Partagez la joie du surf avec votre moiti\u00e9 gr\u00e2ce \u00e0 nos t-shirts personnalis\u00e9s\u00a0! Rehauss\u00e9s de vos photos de surf, ces t-shirts assortis sont parfaits pour les amoureux de la plage. Que vous soyez en train de surfer ou de fl\u00e2ner sur le rivage, nos t-shirts surf personnalis\u00e9s pour couple vous permettront de rester connect\u00e9s et styl\u00e9s.<\/span><\/p>","protected":false},"excerpt":{"rendered":"<p>Montez avec des t-shirts de surf pour les couples. Les t-shirts personnalis\u00e9s transforment n'importe quelle photo en t-shirts de plage assortis et amusants.<\/p>","protected":false},"featured_media":144003,"comment_status":"open","ping_status":"closed","template":"","meta":{"_acf_changed":false},"product_brand":[],"product_cat":[6197,6365,6369,1189,6412,6428],"product_tag":[6440,6218,237],"class_list":{"0":"post-34415","1":"product","2":"type-product","3":"status-publish","4":"has-post-thumbnail","6":"product_cat-t-shirts-couple","7":"product_cat-couples-sports-t-shirts","8":"product_cat-couples-summer-t-shirts","9":"product_cat-custom-gifts-surfing","10":"product_cat-photo-to-tees","11":"product_cat-translate-products","12":"product_tag-ai-artwork-couple","13":"product_tag-making-your-own-t-shirts","14":"product_tag-personalized-t-shirts","16":"first","17":"instock","18":"taxable","19":"shipping-taxable","20":"purchasable","21":"product-type-simple"},"acf":[],"wcpa_form_fields":null,"_links":{"self":[{"href":"https:\/\/www.customywear.com\/fr\/wp-json\/wp\/v2\/product\/34415","targetHints":{"allow":["GET"]}}],"collection":[{"href":"https:\/\/www.customywear.com\/fr\/wp-json\/wp\/v2\/product"}],"about":[{"href":"https:\/\/www.customywear.com\/fr\/wp-json\/wp\/v2\/types\/product"}],"replies":[{"embeddable":true,"href":"https:\/\/www.customywear.com\/fr\/wp-json\/wp\/v2\/comments?post=34415"}],"wp:featuredmedia":[{"embeddable":true,"href":"https:\/\/www.customywear.com\/fr\/wp-json\/wp\/v2\/media\/144003"}],"wp:attachment":[{"href":"https:\/\/www.customywear.com\/fr\/wp-json\/wp\/v2\/media?parent=34415"}],"wp:term":[{"taxonomy":"product_brand","embeddable":true,"href":"https:\/\/www.customywear.com\/fr\/wp-json\/wp\/v2\/product_brand?post=34415"},{"taxonomy":"product_cat","embeddable":true,"href":"https:\/\/www.customywear.com\/fr\/wp-json\/wp\/v2\/product_cat?post=34415"},{"taxonomy":"product_tag","embeddable":true,"href":"https:\/\/www.customywear.com\/fr\/wp-json\/wp\/v2\/product_tag?post=34415"}],"curies":[{"name":"wp","href":"https:\/\/api.w.org\/{rel}","templated":true}]}}