{"id":34997,"date":"2024-05-01T13:32:49","date_gmt":"2024-05-01T13:32:49","guid":{"rendered":"https:\/\/www.customywear.com\/?post_type=product&#038;p=34997"},"modified":"2026-05-07T15:29:46","modified_gmt":"2026-05-07T15:29:46","slug":"t-shirts-de-fin-detudes-en-maternelle","status":"publish","type":"product","link":"https:\/\/www.customywear.com\/fr\/kindergarten-graduation-t-shirts\/","title":{"rendered":"T-shirt de remise de dipl\u00f4me de maternelle \u2013 T-shirt sur mesure"},"content":{"rendered":"<p>Pour ce t-shirt de remise de dipl\u00f4me personnalis\u00e9, nous dessinerons num\u00e9riquement votre photo \u00e0 la main afin de cr\u00e9er un personnage unique en tenue de remise de dipl\u00f4me. Fabriqu\u00e9s en 100 % coton doux, nos t-shirts sont confortables et doux pour la peau. Gr\u00e2ce \u00e0 une qualit\u00e9 premium et une impression DTG de haute qualit\u00e9, le motif sera \u00e9clatant et durable. Notre coupe standard est parfaite au quotidien et, gr\u00e2ce \u00e0 sa coupe unisexe, elle convient \u00e0 tous ! Chaque motif est dessin\u00e9 \u00e0 la main avec soin, garantissant ainsi un mod\u00e8le personnalis\u00e9 et unique. Commandez d\u00e8s aujourd&#039;hui pour c\u00e9l\u00e9brer vos r\u00e9ussites avec style !<\/p>","protected":false},"excerpt":{"rendered":"<p>C\u00e9l\u00e9brez les premiers apprenants avec des t-shirts de fin d'\u00e9tudes. Les t-shirts sur mesure transforment n'importe quelle photo en une chemise ludique et unique.<\/p>","protected":false},"featured_media":142823,"comment_status":"open","ping_status":"closed","template":"","meta":{"_acf_changed":false},"product_brand":[],"product_cat":[6193,2090,6412,6428],"product_tag":[6433,6439,6221],"class_list":{"0":"post-34997","1":"product","2":"type-product","3":"status-publish","4":"has-post-thumbnail","6":"product_cat-girls-t-shirts","7":"product_cat-custom-gifts-graduation","8":"product_cat-photo-to-tees","9":"product_cat-translate-products","10":"product_tag-ai-artwork","11":"product_tag-ai-kids-artwork","12":"product_tag-custom-t-shirts-near-me","14":"first","15":"instock","16":"taxable","17":"shipping-taxable","18":"purchasable","19":"product-type-simple"},"acf":[],"wcpa_form_fields":null,"_links":{"self":[{"href":"https:\/\/www.customywear.com\/fr\/wp-json\/wp\/v2\/product\/34997","targetHints":{"allow":["GET"]}}],"collection":[{"href":"https:\/\/www.customywear.com\/fr\/wp-json\/wp\/v2\/product"}],"about":[{"href":"https:\/\/www.customywear.com\/fr\/wp-json\/wp\/v2\/types\/product"}],"replies":[{"embeddable":true,"href":"https:\/\/www.customywear.com\/fr\/wp-json\/wp\/v2\/comments?post=34997"}],"wp:featuredmedia":[{"embeddable":true,"href":"https:\/\/www.customywear.com\/fr\/wp-json\/wp\/v2\/media\/142823"}],"wp:attachment":[{"href":"https:\/\/www.customywear.com\/fr\/wp-json\/wp\/v2\/media?parent=34997"}],"wp:term":[{"taxonomy":"product_brand","embeddable":true,"href":"https:\/\/www.customywear.com\/fr\/wp-json\/wp\/v2\/product_brand?post=34997"},{"taxonomy":"product_cat","embeddable":true,"href":"https:\/\/www.customywear.com\/fr\/wp-json\/wp\/v2\/product_cat?post=34997"},{"taxonomy":"product_tag","embeddable":true,"href":"https:\/\/www.customywear.com\/fr\/wp-json\/wp\/v2\/product_tag?post=34997"}],"curies":[{"name":"wp","href":"https:\/\/api.w.org\/{rel}","templated":true}]}}