{"id":35613,"date":"2024-05-04T09:25:00","date_gmt":"2024-05-04T09:25:00","guid":{"rendered":"https:\/\/www.customywear.com\/?post_type=product&#038;p=35613"},"modified":"2026-05-07T15:29:46","modified_gmt":"2026-05-07T15:29:46","slug":"t-shirt-dete-pour-tout-petits","status":"publish","type":"product","link":"https:\/\/www.customywear.com\/fr\/toddler-summer-tee\/","title":{"rendered":"Toddler girl&#8217;s Summer Tee &#8211; Cool and Comfy Tops for toddlers"},"content":{"rendered":"<p>Commandez votre t-shirt de randonn\u00e9e personnalis\u00e9 d\u00e8s aujourd&#039;hui ! Nous dessinerons num\u00e9riquement votre photo \u00e0 la main, cr\u00e9ant ainsi un personnage unique de randonneur \u00e0 l&#039;assaut du sommet. Confectionn\u00e9s en 100 % coton doux, nos t-shirts offrent confort et douceur. Gr\u00e2ce \u00e0 une qualit\u00e9 premium et une impression DTG de haute qualit\u00e9, le motif reste \u00e9clatant et durable. Notre coupe standard, id\u00e9ale au quotidien, est unisexe, pour un ajustement parfait ! Chaque motif est dessin\u00e9 \u00e0 la main avec soin, pour un mod\u00e8le personnalis\u00e9 et unique. Commandez d\u00e8s maintenant pour vous offrir ou offrir \u00e0 un passionn\u00e9 de randonn\u00e9e !<\/p>","protected":false},"excerpt":{"rendered":"<p>Restez au frais avec des t-shirts d'\u00e9t\u00e9 tout-petits. Des hauts confortables transforment n'importe quelle photo en un t-shirt amusant et personnalis\u00e9.<\/p>","protected":false},"featured_media":142858,"comment_status":"open","ping_status":"closed","template":"","meta":{"_acf_changed":false},"product_brand":[],"product_cat":[6207,558,6412,307,6428],"product_tag":[6433,6439,6221],"class_list":{"0":"post-35613","1":"product","2":"type-product","3":"status-publish","4":"has-post-thumbnail","6":"product_cat-toddler-girl-t-shirts","7":"product_cat-custom-gifts-hiking","8":"product_cat-photo-to-tees","9":"product_cat-summer","10":"product_cat-translate-products","11":"product_tag-ai-artwork","12":"product_tag-ai-kids-artwork","13":"product_tag-custom-t-shirts-near-me","15":"first","16":"instock","17":"taxable","18":"shipping-taxable","19":"purchasable","20":"product-type-simple"},"acf":[],"wcpa_form_fields":null,"_links":{"self":[{"href":"https:\/\/www.customywear.com\/fr\/wp-json\/wp\/v2\/product\/35613","targetHints":{"allow":["GET"]}}],"collection":[{"href":"https:\/\/www.customywear.com\/fr\/wp-json\/wp\/v2\/product"}],"about":[{"href":"https:\/\/www.customywear.com\/fr\/wp-json\/wp\/v2\/types\/product"}],"replies":[{"embeddable":true,"href":"https:\/\/www.customywear.com\/fr\/wp-json\/wp\/v2\/comments?post=35613"}],"wp:featuredmedia":[{"embeddable":true,"href":"https:\/\/www.customywear.com\/fr\/wp-json\/wp\/v2\/media\/142858"}],"wp:attachment":[{"href":"https:\/\/www.customywear.com\/fr\/wp-json\/wp\/v2\/media?parent=35613"}],"wp:term":[{"taxonomy":"product_brand","embeddable":true,"href":"https:\/\/www.customywear.com\/fr\/wp-json\/wp\/v2\/product_brand?post=35613"},{"taxonomy":"product_cat","embeddable":true,"href":"https:\/\/www.customywear.com\/fr\/wp-json\/wp\/v2\/product_cat?post=35613"},{"taxonomy":"product_tag","embeddable":true,"href":"https:\/\/www.customywear.com\/fr\/wp-json\/wp\/v2\/product_tag?post=35613"}],"curies":[{"name":"wp","href":"https:\/\/api.w.org\/{rel}","templated":true}]}}