{"id":38490,"date":"2024-06-04T11:26:23","date_gmt":"2024-06-04T11:26:23","guid":{"rendered":"https:\/\/www.customywear.com\/?post_type=product&#038;p=38490"},"modified":"2026-05-13T19:50:29","modified_gmt":"2026-05-13T19:50:29","slug":"t-shirt-couple-dj","status":"publish","type":"product","link":"https:\/\/www.customywear.com\/fr\/dj-couple-t-shirt\/","title":{"rendered":"T-shirt Couple DJ \u2013 T-shirt graphique personnalis\u00e9"},"content":{"rendered":"<p>T-shirt Couple DJ : Jouez ensemble avec style gr\u00e2ce \u00e0 notre t-shirt Couple DJ ! Personnalisez vos t-shirts avec des motifs DJ assortis, parfaits pour afficher votre passion commune pour la musique et l&#039;autre.<\/p>","protected":false},"excerpt":{"rendered":"<p>Exprimez la convivialit\u00e9 avec des t-shirts de couple de DJ. Les t-shirts graphiques personnalis\u00e9s transforment n'importe quelle photo en t-shirts uniques et assortis.<\/p>","protected":false},"featured_media":143833,"comment_status":"open","ping_status":"closed","template":"","meta":{"_acf_changed":false},"product_brand":[],"product_cat":[6197,250,6367,3604,3605,6412,6428],"product_tag":[6440,6329,6218,237],"class_list":{"0":"post-38490","1":"product","2":"type-product","3":"status-publish","4":"has-post-thumbnail","6":"product_cat-t-shirts-couple","7":"product_cat-couple","8":"product_cat-couples-profession-t-shirts","9":"product_cat-custom-gifts-dj-orange","10":"product_cat-dj-t-shirts","11":"product_cat-photo-to-tees","12":"product_cat-translate-products","13":"product_tag-ai-artwork-couple","14":"product_tag-custom-t-shirt-from-selfie-for-couples","15":"product_tag-making-your-own-t-shirts","16":"product_tag-personalized-t-shirts","18":"first","19":"instock","20":"taxable","21":"shipping-taxable","22":"purchasable","23":"product-type-simple"},"acf":[],"wcpa_form_fields":null,"_links":{"self":[{"href":"https:\/\/www.customywear.com\/fr\/wp-json\/wp\/v2\/product\/38490","targetHints":{"allow":["GET"]}}],"collection":[{"href":"https:\/\/www.customywear.com\/fr\/wp-json\/wp\/v2\/product"}],"about":[{"href":"https:\/\/www.customywear.com\/fr\/wp-json\/wp\/v2\/types\/product"}],"replies":[{"embeddable":true,"href":"https:\/\/www.customywear.com\/fr\/wp-json\/wp\/v2\/comments?post=38490"}],"wp:featuredmedia":[{"embeddable":true,"href":"https:\/\/www.customywear.com\/fr\/wp-json\/wp\/v2\/media\/143833"}],"wp:attachment":[{"href":"https:\/\/www.customywear.com\/fr\/wp-json\/wp\/v2\/media?parent=38490"}],"wp:term":[{"taxonomy":"product_brand","embeddable":true,"href":"https:\/\/www.customywear.com\/fr\/wp-json\/wp\/v2\/product_brand?post=38490"},{"taxonomy":"product_cat","embeddable":true,"href":"https:\/\/www.customywear.com\/fr\/wp-json\/wp\/v2\/product_cat?post=38490"},{"taxonomy":"product_tag","embeddable":true,"href":"https:\/\/www.customywear.com\/fr\/wp-json\/wp\/v2\/product_tag?post=38490"}],"curies":[{"name":"wp","href":"https:\/\/api.w.org\/{rel}","templated":true}]}}