{"id":39587,"date":"2024-06-16T11:02:45","date_gmt":"2024-06-16T11:02:45","guid":{"rendered":"https:\/\/www.customywear.com\/?post_type=product&#038;p=39587"},"modified":"2026-05-05T20:23:27","modified_gmt":"2026-05-05T20:23:27","slug":"t-shirt-personnalise-de-super-heros-feminin","status":"publish","type":"product","link":"https:\/\/www.customywear.com\/fr\/custom-female-superhero-tee\/","title":{"rendered":"T-shirt personnalis\u00e9 de super-h\u00e9ros f\u00e9minin \u2013 T-shirt graphique personnalis\u00e9"},"content":{"rendered":"<p>T-shirt personnalis\u00e9 super-h\u00e9ro\u00efne\u00a0: Affirmez votre style avec notre t-shirt personnalis\u00e9 super-h\u00e9ro\u00efne. Fabriqu\u00e9 en 100\u00a0% coton doux, ce t-shirt de qualit\u00e9 sup\u00e9rieure offre confort et durabilit\u00e9 au quotidien. Avec ses motifs \u00e9clatants gr\u00e2ce \u00e0 une impression DTG de haute qualit\u00e9, chaque t-shirt transforme vos photos en super-h\u00e9ro\u00efne personnalis\u00e9e. Que ce soit pour offrir ou pour un usage personnel, notre t-shirt personnalis\u00e9 super-h\u00e9ro\u00efne c\u00e9l\u00e8bre la force et l&#039;individualit\u00e9.<\/p>","protected":false},"excerpt":{"rendered":"<p>Empower avec des t-shirts de super-h\u00e9ros f\u00e9minins personnalis\u00e9s. Les chemises graphiques personnalis\u00e9es transforment n'importe quelle photo en un t-shirt h\u00e9ro\u00efque amusant et unique en son genre.<\/p>","protected":false},"featured_media":126856,"comment_status":"open","ping_status":"closed","template":"","meta":{"_acf_changed":false},"product_brand":[],"product_cat":[6191,6150,6412,515,6428,75,6350],"product_tag":[6214,6433,6328,229,6432,6215],"class_list":{"0":"post-39587","1":"product","2":"type-product","3":"status-publish","4":"has-post-thumbnail","6":"product_cat-t-shirts-women","7":"product_cat-custom-gifts-ai-superhero","8":"product_cat-photo-to-tees","9":"product_cat-superhero","10":"product_cat-translate-products","11":"product_cat-women","12":"product_cat-womens-superhero-t-shirts","13":"product_tag-affordable-custom-t-shirts","14":"product_tag-ai-artwork","15":"product_tag-custom-image-t-shirt-for-women","16":"product_tag-custom-tee-shirts","17":"product_tag-product-video","18":"product_tag-screen-printing-near-me","20":"first","21":"instock","22":"taxable","23":"shipping-taxable","24":"purchasable","25":"product-type-simple"},"acf":[],"wcpa_form_fields":null,"_links":{"self":[{"href":"https:\/\/www.customywear.com\/fr\/wp-json\/wp\/v2\/product\/39587","targetHints":{"allow":["GET"]}}],"collection":[{"href":"https:\/\/www.customywear.com\/fr\/wp-json\/wp\/v2\/product"}],"about":[{"href":"https:\/\/www.customywear.com\/fr\/wp-json\/wp\/v2\/types\/product"}],"replies":[{"embeddable":true,"href":"https:\/\/www.customywear.com\/fr\/wp-json\/wp\/v2\/comments?post=39587"}],"wp:featuredmedia":[{"embeddable":true,"href":"https:\/\/www.customywear.com\/fr\/wp-json\/wp\/v2\/media\/126856"}],"wp:attachment":[{"href":"https:\/\/www.customywear.com\/fr\/wp-json\/wp\/v2\/media?parent=39587"}],"wp:term":[{"taxonomy":"product_brand","embeddable":true,"href":"https:\/\/www.customywear.com\/fr\/wp-json\/wp\/v2\/product_brand?post=39587"},{"taxonomy":"product_cat","embeddable":true,"href":"https:\/\/www.customywear.com\/fr\/wp-json\/wp\/v2\/product_cat?post=39587"},{"taxonomy":"product_tag","embeddable":true,"href":"https:\/\/www.customywear.com\/fr\/wp-json\/wp\/v2\/product_tag?post=39587"}],"curies":[{"name":"wp","href":"https:\/\/api.w.org\/{rel}","templated":true}]}}