{"id":40000,"date":"2024-06-16T14:21:16","date_gmt":"2024-06-16T14:21:16","guid":{"rendered":"https:\/\/www.customywear.com\/?post_type=product&#038;p=40000"},"modified":"2026-05-07T15:29:44","modified_gmt":"2026-05-07T15:29:44","slug":"t-shirt-de-super-heros-pour-garcons","status":"publish","type":"product","link":"https:\/\/www.customywear.com\/fr\/superhero-t-shirt-for-boys\/","title":{"rendered":"T-shirt super-h\u00e9ros pour gar\u00e7on \u2013 T-shirt tendance personnalis\u00e9"},"content":{"rendered":"<p>T-shirt super-h\u00e9ros pour gar\u00e7on \u2013 T-shirt tendance personnalis\u00e9 : Stimulez l&#039;imagination avec notre t-shirt super-h\u00e9ros pour gar\u00e7on \u2013 T-shirt tendance personnalis\u00e9. Fabriqu\u00e9s \u00e0 partir de mat\u00e9riaux de premi\u00e8re qualit\u00e9, ces t-shirts offrent confort et durabilit\u00e9 \u00e0 tous les jeunes super-h\u00e9ros. Avec des motifs \u00e9clatants gr\u00e2ce \u00e0 une impression DTG de haute qualit\u00e9, chaque t-shirt transforme votre gar\u00e7on en h\u00e9ros styl\u00e9. Que ce soit pour l&#039;\u00e9cole ou pour jouer, notre t-shirt tendance personnalis\u00e9 lui permettra de se d\u00e9marquer avec assurance.<\/p>","protected":false},"excerpt":{"rendered":"<p>Lib\u00e9rez l'h\u00e9ro\u00efsme avec un t-shirt de super-h\u00e9ros pour gar\u00e7ons. Les t-shirts de mode personnalis\u00e9s transforment n'importe quelle photo en un t-shirt audacieux et unique en son genre.<\/p>","protected":false},"featured_media":135265,"comment_status":"open","ping_status":"closed","template":"","meta":{"_acf_changed":false},"product_brand":[],"product_cat":[6189,496,6150,6412,6428],"product_tag":[6433,6439,6221,6330],"class_list":{"0":"post-40000","1":"product","2":"type-product","3":"status-publish","4":"has-post-thumbnail","6":"product_cat-boys-t-shirts","7":"product_cat-birthday","8":"product_cat-custom-gifts-ai-superhero","9":"product_cat-photo-to-tees","10":"product_cat-translate-products","11":"product_tag-ai-artwork","12":"product_tag-ai-kids-artwork","13":"product_tag-custom-t-shirts-near-me","14":"product_tag-photo-print-t-shirt-for-boys","16":"first","17":"instock","18":"taxable","19":"shipping-taxable","20":"purchasable","21":"product-type-simple"},"acf":[],"wcpa_form_fields":null,"_links":{"self":[{"href":"https:\/\/www.customywear.com\/fr\/wp-json\/wp\/v2\/product\/40000","targetHints":{"allow":["GET"]}}],"collection":[{"href":"https:\/\/www.customywear.com\/fr\/wp-json\/wp\/v2\/product"}],"about":[{"href":"https:\/\/www.customywear.com\/fr\/wp-json\/wp\/v2\/types\/product"}],"replies":[{"embeddable":true,"href":"https:\/\/www.customywear.com\/fr\/wp-json\/wp\/v2\/comments?post=40000"}],"wp:featuredmedia":[{"embeddable":true,"href":"https:\/\/www.customywear.com\/fr\/wp-json\/wp\/v2\/media\/135265"}],"wp:attachment":[{"href":"https:\/\/www.customywear.com\/fr\/wp-json\/wp\/v2\/media?parent=40000"}],"wp:term":[{"taxonomy":"product_brand","embeddable":true,"href":"https:\/\/www.customywear.com\/fr\/wp-json\/wp\/v2\/product_brand?post=40000"},{"taxonomy":"product_cat","embeddable":true,"href":"https:\/\/www.customywear.com\/fr\/wp-json\/wp\/v2\/product_cat?post=40000"},{"taxonomy":"product_tag","embeddable":true,"href":"https:\/\/www.customywear.com\/fr\/wp-json\/wp\/v2\/product_tag?post=40000"}],"curies":[{"name":"wp","href":"https:\/\/api.w.org\/{rel}","templated":true}]}}