{"id":40059,"date":"2024-06-16T14:32:39","date_gmt":"2024-06-16T14:32:39","guid":{"rendered":"https:\/\/www.customywear.com\/?post_type=product&#038;p=40059"},"modified":"2026-05-07T15:29:44","modified_gmt":"2026-05-07T15:29:44","slug":"t-shirt-de-super-heros-pour-jeunes-filles-2","status":"publish","type":"product","link":"https:\/\/www.customywear.com\/fr\/youth-superhero-t-shirt-for-girls\/","title":{"rendered":"Les jeunes super-H\u00e9ros de T-Shirt pour les Filles \u2013 Personnalis\u00e9 tee"},"content":{"rendered":"<p>T-shirt Super-H\u00e9ros pour Fille \u2013 Personnalis\u00e9 : Encouragez l&#039;h\u00e9ro\u00efsme avec notre t-shirt Super-H\u00e9ros pour Fille \u2013 Personnalis\u00e9. Fabriqu\u00e9 \u00e0 partir de mati\u00e8res douces et r\u00e9sistantes, ce t-shirt offre un confort optimal aux super-h\u00e9ro\u00efnes en herbe. Avec ses motifs personnalis\u00e9s gr\u00e2ce \u00e0 une impression DTG de haute qualit\u00e9, chaque t-shirt met en valeur son h\u00e9ro\u00efne pr\u00e9f\u00e9r\u00e9e de mani\u00e8re unique. Que ce soit pour l&#039;\u00e9cole ou pour jouer, notre t-shirt personnalis\u00e9 inspire confiance et imagination.<\/p>","protected":false},"excerpt":{"rendered":"<p>Donnez aux jeunes filles un t-shirt de super-h\u00e9ros pour les jeunes filles. Les Tees personnalis\u00e9s transforment n'importe quelle photo en un t-shirt ludique et h\u00e9ro\u00efque.<\/p>","protected":false},"featured_media":126779,"comment_status":"open","ping_status":"closed","template":"","meta":{"_acf_changed":false},"product_brand":[],"product_cat":[6193,496,6150,152,6412,6428,58],"product_tag":[6433,6439,6331,6221],"class_list":{"0":"post-40059","1":"product","2":"type-product","3":"status-publish","4":"has-post-thumbnail","6":"product_cat-girls-t-shirts","7":"product_cat-birthday","8":"product_cat-custom-gifts-ai-superhero","9":"product_cat-girls","10":"product_cat-photo-to-tees","11":"product_cat-translate-products","12":"product_cat-youth-kids","13":"product_tag-ai-artwork","14":"product_tag-ai-kids-artwork","15":"product_tag-custom-picture-t-shirt-for-girls","16":"product_tag-custom-t-shirts-near-me","18":"first","19":"instock","20":"taxable","21":"shipping-taxable","22":"purchasable","23":"product-type-simple"},"acf":[],"wcpa_form_fields":null,"_links":{"self":[{"href":"https:\/\/www.customywear.com\/fr\/wp-json\/wp\/v2\/product\/40059","targetHints":{"allow":["GET"]}}],"collection":[{"href":"https:\/\/www.customywear.com\/fr\/wp-json\/wp\/v2\/product"}],"about":[{"href":"https:\/\/www.customywear.com\/fr\/wp-json\/wp\/v2\/types\/product"}],"replies":[{"embeddable":true,"href":"https:\/\/www.customywear.com\/fr\/wp-json\/wp\/v2\/comments?post=40059"}],"wp:featuredmedia":[{"embeddable":true,"href":"https:\/\/www.customywear.com\/fr\/wp-json\/wp\/v2\/media\/126779"}],"wp:attachment":[{"href":"https:\/\/www.customywear.com\/fr\/wp-json\/wp\/v2\/media?parent=40059"}],"wp:term":[{"taxonomy":"product_brand","embeddable":true,"href":"https:\/\/www.customywear.com\/fr\/wp-json\/wp\/v2\/product_brand?post=40059"},{"taxonomy":"product_cat","embeddable":true,"href":"https:\/\/www.customywear.com\/fr\/wp-json\/wp\/v2\/product_cat?post=40059"},{"taxonomy":"product_tag","embeddable":true,"href":"https:\/\/www.customywear.com\/fr\/wp-json\/wp\/v2\/product_tag?post=40059"}],"curies":[{"name":"wp","href":"https:\/\/api.w.org\/{rel}","templated":true}]}}