{"id":40061,"date":"2024-06-16T14:32:43","date_gmt":"2024-06-16T14:32:43","guid":{"rendered":"https:\/\/www.customywear.com\/?post_type=product&#038;p=40061"},"modified":"2026-05-07T15:29:44","modified_gmt":"2026-05-07T15:29:44","slug":"t-shirt-personnalise-pour-petite-fille","status":"publish","type":"product","link":"https:\/\/www.customywear.com\/fr\/custom-toddler-girls-t-shirt\/","title":{"rendered":"T-shirt personnalis\u00e9 pour petite fille \u2013 T-shirt au design unique"},"content":{"rendered":"<p>T-shirt personnalis\u00e9 pour petite fille \u2013 Design unique\u00a0: Habillez votre petite fille avec style gr\u00e2ce \u00e0 notre t-shirt personnalis\u00e9 pour petite fille \u2013 Design unique. Fabriqu\u00e9 \u00e0 partir de mati\u00e8res douces et r\u00e9sistantes, ce t-shirt offre un confort optimal pour les aventures du quotidien. Dot\u00e9 d&#039;un design unique qui refl\u00e8te son esprit joueur, chaque t-shirt est une expression personnalis\u00e9e de la petite enfance. Que ce soit pour la garderie ou les sorties en famille, notre t-shirt au design unique permet \u00e0 votre petite fille d&#039;\u00eatre adorable et \u00e0 l&#039;aise.<\/p>","protected":false},"excerpt":{"rendered":"<p>Celebrate little ones with a Custom Toddler Girl&#8217;s T-Shirt. Unique Design Shirts turn any photo into a fun, one-of-a-kind tee.<\/p>","protected":false},"featured_media":135278,"comment_status":"open","ping_status":"closed","template":"","meta":{"_acf_changed":false},"product_brand":[],"product_cat":[6207,6150,6412,6428],"product_tag":[6433,6439,6221],"class_list":{"0":"post-40061","1":"product","2":"type-product","3":"status-publish","4":"has-post-thumbnail","6":"product_cat-toddler-girl-t-shirts","7":"product_cat-custom-gifts-ai-superhero","8":"product_cat-photo-to-tees","9":"product_cat-translate-products","10":"product_tag-ai-artwork","11":"product_tag-ai-kids-artwork","12":"product_tag-custom-t-shirts-near-me","14":"first","15":"instock","16":"taxable","17":"shipping-taxable","18":"purchasable","19":"product-type-simple"},"acf":[],"wcpa_form_fields":null,"_links":{"self":[{"href":"https:\/\/www.customywear.com\/fr\/wp-json\/wp\/v2\/product\/40061","targetHints":{"allow":["GET"]}}],"collection":[{"href":"https:\/\/www.customywear.com\/fr\/wp-json\/wp\/v2\/product"}],"about":[{"href":"https:\/\/www.customywear.com\/fr\/wp-json\/wp\/v2\/types\/product"}],"replies":[{"embeddable":true,"href":"https:\/\/www.customywear.com\/fr\/wp-json\/wp\/v2\/comments?post=40061"}],"wp:featuredmedia":[{"embeddable":true,"href":"https:\/\/www.customywear.com\/fr\/wp-json\/wp\/v2\/media\/135278"}],"wp:attachment":[{"href":"https:\/\/www.customywear.com\/fr\/wp-json\/wp\/v2\/media?parent=40061"}],"wp:term":[{"taxonomy":"product_brand","embeddable":true,"href":"https:\/\/www.customywear.com\/fr\/wp-json\/wp\/v2\/product_brand?post=40061"},{"taxonomy":"product_cat","embeddable":true,"href":"https:\/\/www.customywear.com\/fr\/wp-json\/wp\/v2\/product_cat?post=40061"},{"taxonomy":"product_tag","embeddable":true,"href":"https:\/\/www.customywear.com\/fr\/wp-json\/wp\/v2\/product_tag?post=40061"}],"curies":[{"name":"wp","href":"https:\/\/api.w.org\/{rel}","templated":true}]}}