{"id":40255,"date":"2024-06-26T08:56:52","date_gmt":"2024-06-26T08:56:52","guid":{"rendered":"https:\/\/www.customywear.com\/?post_type=product&#038;p=40255"},"modified":"2026-05-07T15:29:44","modified_gmt":"2026-05-07T15:29:44","slug":"t-shirt-super-heros-personnalise-pour-tout-petits","status":"publish","type":"product","link":"https:\/\/www.customywear.com\/fr\/custom-toddler-superhero-t-shirt\/","title":{"rendered":"T-shirt personnalis\u00e9 pour tout-petit \u2013 Photo sur t-shirt de super-h\u00e9ros"},"content":{"rendered":"<p>T-shirt personnalis\u00e9 pour tout-petit \u2013 Transformez votre enfant en super-h\u00e9ros avec notre t-shirt personnalis\u00e9 pour tout-petit \u2013 Transformez votre enfant en super-h\u00e9ros ! Fabriqu\u00e9 en 100 % coton doux, ce t-shirt de qualit\u00e9 sup\u00e9rieure offre confort et durabilit\u00e9 aux tout-petits. Chaque t-shirt pr\u00e9sente une photo transform\u00e9e en super-h\u00e9ros, imprim\u00e9e en impression num\u00e9rique haute qualit\u00e9 pour un rendu \u00e9clatant et d\u00e9taill\u00e9. Pour un anniversaire ou pour les aventures du quotidien, ce t-shirt \u00ab\u00a0Transformez votre enfant en super-h\u00e9ros\u00a0\u00bb stimule l&#039;imagination et la joie.<\/p>","protected":false},"excerpt":{"rendered":"<p>Commencez t\u00f4t avec un t-shirt personnalis\u00e9 pour tout-petit. Les t-shirts Photo-super-h\u00e9ros transforment n'importe quelle photo en un t-shirt personnalis\u00e9 et ludique.<\/p>","protected":false},"featured_media":134973,"comment_status":"open","ping_status":"closed","template":"","meta":{"_acf_changed":false},"product_brand":[],"product_cat":[6209,6152,6412,6428],"product_tag":[6433,6439,6221],"class_list":{"0":"post-40255","1":"product","2":"type-product","3":"status-publish","4":"has-post-thumbnail","6":"product_cat-toddler-boy-t-shirts","7":"product_cat-custom-gifts-batman","8":"product_cat-photo-to-tees","9":"product_cat-translate-products","10":"product_tag-ai-artwork","11":"product_tag-ai-kids-artwork","12":"product_tag-custom-t-shirts-near-me","14":"first","15":"instock","16":"taxable","17":"shipping-taxable","18":"purchasable","19":"product-type-simple"},"acf":[],"wcpa_form_fields":null,"_links":{"self":[{"href":"https:\/\/www.customywear.com\/fr\/wp-json\/wp\/v2\/product\/40255","targetHints":{"allow":["GET"]}}],"collection":[{"href":"https:\/\/www.customywear.com\/fr\/wp-json\/wp\/v2\/product"}],"about":[{"href":"https:\/\/www.customywear.com\/fr\/wp-json\/wp\/v2\/types\/product"}],"replies":[{"embeddable":true,"href":"https:\/\/www.customywear.com\/fr\/wp-json\/wp\/v2\/comments?post=40255"}],"wp:featuredmedia":[{"embeddable":true,"href":"https:\/\/www.customywear.com\/fr\/wp-json\/wp\/v2\/media\/134973"}],"wp:attachment":[{"href":"https:\/\/www.customywear.com\/fr\/wp-json\/wp\/v2\/media?parent=40255"}],"wp:term":[{"taxonomy":"product_brand","embeddable":true,"href":"https:\/\/www.customywear.com\/fr\/wp-json\/wp\/v2\/product_brand?post=40255"},{"taxonomy":"product_cat","embeddable":true,"href":"https:\/\/www.customywear.com\/fr\/wp-json\/wp\/v2\/product_cat?post=40255"},{"taxonomy":"product_tag","embeddable":true,"href":"https:\/\/www.customywear.com\/fr\/wp-json\/wp\/v2\/product_tag?post=40255"}],"curies":[{"name":"wp","href":"https:\/\/api.w.org\/{rel}","templated":true}]}}