{"id":40352,"date":"2024-06-26T09:01:31","date_gmt":"2024-06-26T09:01:31","guid":{"rendered":"https:\/\/www.customywear.com\/?post_type=product&#038;p=40352"},"modified":"2026-05-05T20:23:27","modified_gmt":"2026-05-05T20:23:27","slug":"t-shirt-de-super-heros-personnalise-pour-femme","status":"publish","type":"product","link":"https:\/\/www.customywear.com\/fr\/womens-custom-superhero-tee\/","title":{"rendered":"T-shirt de super-h\u00e9ros pour femme \u2013 Cr\u00e9ation personnalis\u00e9e"},"content":{"rendered":"<p>T-shirt Super-h\u00e9ros Femme \u2013 Cr\u00e9ation Personnalis\u00e9e : Lib\u00e9rez votre cr\u00e9ativit\u00e9 avec notre T-shirt Super-h\u00e9ros Femme \u2013 Cr\u00e9ation Personnalis\u00e9e ! Confectionn\u00e9 en 100 % coton doux, ce t-shirt de qualit\u00e9 sup\u00e9rieure offre confort et durabilit\u00e9, avec une coupe standard id\u00e9ale pour les aventures du quotidien. Chaque t-shirt est une cr\u00e9ation personnalis\u00e9e mettant en sc\u00e8ne un super-h\u00e9ros unique, con\u00e7u \u00e0 partir de vos id\u00e9es, et imprim\u00e9 en impression num\u00e9rique haute qualit\u00e9 pour un rendu \u00e9clatant et d\u00e9taill\u00e9. Que ce soit pour vous exprimer ou pour offrir, ce t-shirt Super-h\u00e9ros personnalis\u00e9 met en valeur votre style personnel \u00e0 chaque fois que vous le portez.<\/p>","protected":false},"excerpt":{"rendered":"<p>Autonomisez les femmes avec une chemise de super-h\u00e9ros pour femme. Cr\u00e9ation personnalis\u00e9e Tees de super-h\u00e9ros Transformez n'importe quelle photo en un t-shirt amusant et unique.<\/p>","protected":false},"featured_media":134910,"comment_status":"open","ping_status":"closed","template":"","meta":{"_acf_changed":false},"product_brand":[],"product_cat":[6191,6152,6412,515,6428,75,6350],"product_tag":[6214,6433,6328,229,6215],"class_list":{"0":"post-40352","1":"product","2":"type-product","3":"status-publish","4":"has-post-thumbnail","6":"product_cat-t-shirts-women","7":"product_cat-custom-gifts-batman","8":"product_cat-photo-to-tees","9":"product_cat-superhero","10":"product_cat-translate-products","11":"product_cat-women","12":"product_cat-womens-superhero-t-shirts","13":"product_tag-affordable-custom-t-shirts","14":"product_tag-ai-artwork","15":"product_tag-custom-image-t-shirt-for-women","16":"product_tag-custom-tee-shirts","17":"product_tag-screen-printing-near-me","19":"first","20":"instock","21":"taxable","22":"shipping-taxable","23":"purchasable","24":"product-type-simple"},"acf":[],"wcpa_form_fields":null,"_links":{"self":[{"href":"https:\/\/www.customywear.com\/fr\/wp-json\/wp\/v2\/product\/40352","targetHints":{"allow":["GET"]}}],"collection":[{"href":"https:\/\/www.customywear.com\/fr\/wp-json\/wp\/v2\/product"}],"about":[{"href":"https:\/\/www.customywear.com\/fr\/wp-json\/wp\/v2\/types\/product"}],"replies":[{"embeddable":true,"href":"https:\/\/www.customywear.com\/fr\/wp-json\/wp\/v2\/comments?post=40352"}],"wp:featuredmedia":[{"embeddable":true,"href":"https:\/\/www.customywear.com\/fr\/wp-json\/wp\/v2\/media\/134910"}],"wp:attachment":[{"href":"https:\/\/www.customywear.com\/fr\/wp-json\/wp\/v2\/media?parent=40352"}],"wp:term":[{"taxonomy":"product_brand","embeddable":true,"href":"https:\/\/www.customywear.com\/fr\/wp-json\/wp\/v2\/product_brand?post=40352"},{"taxonomy":"product_cat","embeddable":true,"href":"https:\/\/www.customywear.com\/fr\/wp-json\/wp\/v2\/product_cat?post=40352"},{"taxonomy":"product_tag","embeddable":true,"href":"https:\/\/www.customywear.com\/fr\/wp-json\/wp\/v2\/product_tag?post=40352"}],"curies":[{"name":"wp","href":"https:\/\/api.w.org\/{rel}","templated":true}]}}