{"id":41116,"date":"2024-07-24T09:23:21","date_gmt":"2024-07-24T09:23:21","guid":{"rendered":"https:\/\/www.customywear.com\/?post_type=product&#038;p=41116"},"modified":"2026-05-05T20:24:06","modified_gmt":"2026-05-05T20:24:06","slug":"t-shirt-araignee-personnalise-pour-homme","status":"publish","type":"product","link":"https:\/\/www.customywear.com\/fr\/men-personalized-spider-tee\/","title":{"rendered":"Personnalis\u00e9 T-Shirt pour les Hommes \u2013 Personnalis\u00e9e d&#039;Araign\u00e9e de super-H\u00e9ros Tee"},"content":{"rendered":"<p>T-shirt personnalis\u00e9 pour homme \u2013 T-shirt super-h\u00e9ros araign\u00e9e personnalis\u00e9 : Transformez vos photos en un super-h\u00e9ros \u00e9poustouflant avec notre t-shirt personnalis\u00e9 pour homme \u2013 T-shirt super-h\u00e9ros araign\u00e9e personnalis\u00e9 ! Ce t-shirt arbore votre propre motif de super-h\u00e9ros, imprim\u00e9 avec la technologie DTG haute qualit\u00e9 sur un coton 100 % doux pour plus de confort et de durabilit\u00e9. Sa coupe standard est parfaite au quotidien et son design unisexe le rend id\u00e9al pour tous. Chaque t-shirt est confectionn\u00e9 par des artistes talentueux pour cr\u00e9er une pi\u00e8ce vibrante et personnalis\u00e9e qui se d\u00e9marque.<\/p>","protected":false},"excerpt":{"rendered":"<p>Passez \u00e0 l'action avec un t-shirt personnalis\u00e9 pour homme. Les t-shirts personnalis\u00e9s de super-h\u00e9ros d'araign\u00e9e transforment n'importe quelle photo en un t-shirt unique en son genre.<\/p>","protected":false},"featured_media":135244,"comment_status":"open","ping_status":"closed","template":"","meta":{"_acf_changed":false},"product_brand":[],"product_cat":[6195,6151,186,6336,6412,515,6428],"product_tag":[6433,6327,6216,6168],"class_list":{"0":"post-41116","1":"product","2":"type-product","3":"status-publish","4":"has-post-thumbnail","6":"product_cat-t-shirts-men","7":"product_cat-custom-gifts-spiderman","8":"product_cat-men","9":"product_cat-mens-superhero-t-shirts","10":"product_cat-photo-to-tees","11":"product_cat-superhero","12":"product_cat-translate-products","13":"product_tag-ai-artwork","14":"product_tag-custom-photo-t-shirt-for-men","15":"product_tag-mens-custom-t-shirts","16":"product_tag-unique-superhero-tees","18":"first","19":"instock","20":"taxable","21":"shipping-taxable","22":"purchasable","23":"product-type-simple"},"acf":[],"wcpa_form_fields":null,"_links":{"self":[{"href":"https:\/\/www.customywear.com\/fr\/wp-json\/wp\/v2\/product\/41116","targetHints":{"allow":["GET"]}}],"collection":[{"href":"https:\/\/www.customywear.com\/fr\/wp-json\/wp\/v2\/product"}],"about":[{"href":"https:\/\/www.customywear.com\/fr\/wp-json\/wp\/v2\/types\/product"}],"replies":[{"embeddable":true,"href":"https:\/\/www.customywear.com\/fr\/wp-json\/wp\/v2\/comments?post=41116"}],"wp:featuredmedia":[{"embeddable":true,"href":"https:\/\/www.customywear.com\/fr\/wp-json\/wp\/v2\/media\/135244"}],"wp:attachment":[{"href":"https:\/\/www.customywear.com\/fr\/wp-json\/wp\/v2\/media?parent=41116"}],"wp:term":[{"taxonomy":"product_brand","embeddable":true,"href":"https:\/\/www.customywear.com\/fr\/wp-json\/wp\/v2\/product_brand?post=41116"},{"taxonomy":"product_cat","embeddable":true,"href":"https:\/\/www.customywear.com\/fr\/wp-json\/wp\/v2\/product_cat?post=41116"},{"taxonomy":"product_tag","embeddable":true,"href":"https:\/\/www.customywear.com\/fr\/wp-json\/wp\/v2\/product_tag?post=41116"}],"curies":[{"name":"wp","href":"https:\/\/api.w.org\/{rel}","templated":true}]}}